{"id":2740,"date":"2025-05-22T08:58:03","date_gmt":"2025-05-22T08:58:03","guid":{"rendered":"https:\/\/www.hcxmachinery.com\/?post_type=product&#038;p=2740"},"modified":"2025-12-30T02:55:38","modified_gmt":"2025-12-30T02:55:38","slug":"good-quality-used-excavator-xe335gk-for-sale","status":"publish","type":"product","link":"https:\/\/www.hcxmachinery.com\/es\/producto\/good-quality-used-excavator-xe335gk-for-sale\/","title":{"rendered":"Buena Calidad Used Excavator XE335GK En Venta"},"content":{"rendered":"<h1>XE335GK<\/h1>\n<p>La excavadora hidr\u00e1ulica est\u00e1 equipada con un motor de baja velocidad y alto par con alta eficiencia y bajo consumo de combustible. El undercarrige grande y el amortiguador piloto son m\u00e1s estables y c\u00f3modos de operar; las piezas de mantenimiento se mueven hacia el exterior, el per\u00edodo de mantenimiento se extiende, el mantenimiento es m\u00e1s conveniente; una variedad de accesorios opcionales, as\u00ed como funciones de control de adaptaci\u00f3n de altitud, la adaptabilidad del medio ambiente es mejor. Puede ser ampliamente utilizado en obras de tierra y piedra de tama\u00f1o peque\u00f1o y mediano, construcci\u00f3n de carreteras y puentes, excavaci\u00f3n de zanjas y construcci\u00f3n, conservaci\u00f3n de agua de tierras agr\u00edcolas, dragado de r\u00edos y construcci\u00f3n municipal. Tambi\u00e9n puede realizar diferentes operaciones como excavar, triturar y desmontar, y es muy adaptable a las condiciones de trabajo.<\/p>\n<h1>PAR\u00c1METROS<\/h1>\n<table>\n<tbody>\n<tr>\n<td width=\"0\"><\/td>\n<td colspan=\"2\" width=\"379\">\u00a0Modelo<\/td>\n<td width=\"56\">Unidad<\/td>\n<td width=\"122\"><strong><b>XE<\/b><\/strong><strong><b>335GK<\/b><\/strong><\/td>\n<td width=\"0\"><\/td>\n<\/tr>\n<tr>\n<td width=\"0\"><\/td>\n<td colspan=\"2\" width=\"379\">Peso operativo<\/td>\n<td width=\"56\">Kg<\/td>\n<td width=\"122\">33500<\/td>\n<td width=\"0\"><\/td>\n<\/tr>\n<tr>\n<td width=\"0\"><\/td>\n<td colspan=\"2\" width=\"379\">Capacidad de la cuchara<\/td>\n<td width=\"56\">m\u00b3<\/td>\n<td width=\"122\">1.6<\/td>\n<td width=\"0\"><\/td>\n<\/tr>\n<tr>\n<td colspan=\"2\" width=\"98\">\u00a0Motor<\/td>\n<td width=\"281\">Modelo<\/td>\n<td width=\"56\">\/<\/td>\n<td colspan=\"2\" width=\"123\">Cummins L9<\/td>\n<\/tr>\n<tr>\n<td colspan=\"2\" width=\"98\"><\/td>\n<td width=\"281\">Inyecci\u00f3n el\u00e9ctrica<\/td>\n<td width=\"56\">\/<\/td>\n<td colspan=\"2\" width=\"123\">\u221a<\/td>\n<\/tr>\n<tr>\n<td colspan=\"2\" width=\"98\"><\/td>\n<td width=\"281\">Cuatro golpes<\/td>\n<td width=\"56\">\/<\/td>\n<td colspan=\"2\" width=\"123\">\u221a<\/td>\n<\/tr>\n<tr>\n<td colspan=\"2\" width=\"98\"><\/td>\n<td width=\"281\">\u00a0Refrigeraci\u00f3n por agua<\/td>\n<td width=\"56\">\/<\/td>\n<td colspan=\"2\" width=\"123\">\u221a<\/td>\n<\/tr>\n<tr>\n<td colspan=\"2\" width=\"98\"><\/td>\n<td width=\"281\">Turboalimentaci\u00f3n<\/td>\n<td width=\"56\">\/<\/td>\n<td colspan=\"2\" width=\"123\">\u221a<\/td>\n<\/tr>\n<tr>\n<td colspan=\"2\" width=\"98\"><\/td>\n<td width=\"281\">Intercooler aire-aire<\/td>\n<td width=\"56\">\/<\/td>\n<td colspan=\"2\" width=\"123\">\u221a<\/td>\n<\/tr>\n<tr>\n<td colspan=\"2\" width=\"98\"><\/td>\n<td width=\"281\">\u00a0N\u00ba de cilindros<\/td>\n<td width=\"56\">\/<\/td>\n<td colspan=\"2\" width=\"123\">6<\/td>\n<\/tr>\n<tr>\n<td colspan=\"2\" width=\"98\"><\/td>\n<td width=\"281\">\u00a0Potencia nominal\/velocidad\uff08ISO\uff09<\/td>\n<td width=\"56\">kw\/rpm<\/td>\n<td colspan=\"2\" width=\"123\">219\/1900<\/td>\n<\/tr>\n<tr>\n<td colspan=\"2\" width=\"98\"><\/td>\n<td width=\"281\">\u00a0Par\/velocidad m\u00e1ximos<\/td>\n<td width=\"56\">N.m<\/td>\n<td colspan=\"2\" width=\"123\">1388\/1100<\/td>\n<\/tr>\n<tr>\n<td colspan=\"2\" width=\"98\"><\/td>\n<td width=\"281\">\u00a0Desplazamiento<\/td>\n<td width=\"56\">L<\/td>\n<td colspan=\"2\" width=\"123\">8.9<\/td>\n<\/tr>\n<tr>\n<td colspan=\"2\" width=\"98\">Actuaci\u00f3n principal<\/td>\n<td width=\"281\">Velocidad de desplazamiento\uff08H\/L)<\/td>\n<td width=\"56\">km\/h<\/td>\n<td colspan=\"2\" width=\"123\">5.5\/3.3<\/td>\n<\/tr>\n<tr>\n<td colspan=\"2\" width=\"98\"><\/td>\n<td width=\"281\">\u00a0Velocidad de oscilaci\u00f3n<\/td>\n<td width=\"56\">r\/min<\/td>\n<td colspan=\"2\" width=\"123\">10.5<\/td>\n<\/tr>\n<tr>\n<td colspan=\"2\" width=\"98\"><\/td>\n<td width=\"281\">Gradeabilidad<\/td>\n<td width=\"56\">\u00b0<\/td>\n<td colspan=\"2\" width=\"123\">\u226435<\/td>\n<\/tr>\n<tr>\n<td colspan=\"2\" width=\"98\"><\/td>\n<td width=\"281\">Presi\u00f3n sobre el suelo<\/td>\n<td width=\"56\">kPa<\/td>\n<td colspan=\"2\" width=\"123\">59.5<\/td>\n<\/tr>\n<tr>\n<td colspan=\"2\" width=\"98\"><\/td>\n<td width=\"281\">Fuerza de excavaci\u00f3n de la cuchara<\/td>\n<td width=\"56\">kN<\/td>\n<td colspan=\"2\" width=\"123\">206<\/td>\n<\/tr>\n<tr>\n<td colspan=\"2\" width=\"98\"><\/td>\n<td width=\"281\">Fuerza de excavaci\u00f3n del brazo<\/td>\n<td width=\"56\">kN<\/td>\n<td colspan=\"2\" width=\"123\">160<\/td>\n<\/tr>\n<tr>\n<td colspan=\"2\" width=\"98\"><\/td>\n<td width=\"281\">\u00a0Fuerza de tracci\u00f3n m\u00e1xima<\/td>\n<td width=\"56\">kN<\/td>\n<td colspan=\"2\" width=\"123\">257<\/td>\n<\/tr>\n<tr>\n<td colspan=\"2\" width=\"98\">Sistema hidr\u00e1ulico<\/td>\n<td width=\"281\">Bomba principal<\/td>\n<td width=\"56\">\/<\/td>\n<td colspan=\"2\" width=\"123\">&nbsp;<\/p>\n<p>Dos bombas de pist\u00f3n<\/td>\n<\/tr>\n<tr>\n<td colspan=\"2\" width=\"98\"><\/td>\n<td width=\"281\">Caudal nominal de la bomba principal<\/td>\n<td width=\"56\">L\/min<\/td>\n<td colspan=\"2\" width=\"123\">2\u00d7306<\/td>\n<\/tr>\n<tr>\n<td colspan=\"2\" width=\"98\"><\/td>\n<td width=\"281\">Presi\u00f3n de la v\u00e1lvula de seguridad principal<\/td>\n<td width=\"56\">MPa<\/td>\n<td colspan=\"2\" width=\"123\">34.3\/37<\/td>\n<\/tr>\n<tr>\n<td colspan=\"2\" width=\"98\"><\/td>\n<td width=\"281\">Presi\u00f3n del sistema de desplazamiento<\/td>\n<td width=\"56\">MPa<\/td>\n<td colspan=\"2\" width=\"123\">34.3<\/td>\n<\/tr>\n<tr>\n<td colspan=\"2\" width=\"98\"><\/td>\n<td width=\"281\">Presi\u00f3n del sistema oscilante<\/td>\n<td width=\"56\">MPa<\/td>\n<td colspan=\"2\" width=\"123\">30<\/td>\n<\/tr>\n<tr>\n<td colspan=\"2\" width=\"98\"><\/td>\n<td width=\"281\">Presi\u00f3n del sistema piloto<\/td>\n<td width=\"56\">MPa<\/td>\n<td colspan=\"2\" width=\"123\">3.9<\/td>\n<\/tr>\n<tr>\n<td colspan=\"2\" width=\"98\">Capacidad de aceite<\/td>\n<td width=\"281\">Capacidad del dep\u00f3sito<\/td>\n<td width=\"56\">L<\/td>\n<td colspan=\"2\" width=\"123\">536<\/td>\n<\/tr>\n<tr>\n<td colspan=\"2\" width=\"98\"><\/td>\n<td width=\"281\">Capacidad del dep\u00f3sito hidr\u00e1ulico<\/td>\n<td width=\"56\">L<\/td>\n<td colspan=\"2\" width=\"123\">320<\/td>\n<\/tr>\n<tr>\n<td colspan=\"2\" width=\"98\"><\/td>\n<td width=\"281\">Capacidad de aceite del motor<\/td>\n<td width=\"56\">L<\/td>\n<td colspan=\"2\" width=\"123\">38<\/td>\n<\/tr>\n<tr>\n<td colspan=\"2\" width=\"98\">Tama\u00f1o<\/td>\n<td width=\"281\">A Longitud total<\/td>\n<td width=\"56\">mm<\/td>\n<td colspan=\"2\" width=\"123\">10713<\/td>\n<\/tr>\n<tr>\n<td colspan=\"2\" width=\"98\"><\/td>\n<td width=\"281\">B Anchura total<\/td>\n<td width=\"56\">mm<\/td>\n<td colspan=\"2\" width=\"123\">3190<\/td>\n<\/tr>\n<tr>\n<td colspan=\"2\" width=\"98\"><\/td>\n<td width=\"281\">C Altura total<\/td>\n<td width=\"56\">mm<\/td>\n<td colspan=\"2\" width=\"123\">3634<\/td>\n<\/tr>\n<tr>\n<td colspan=\"2\" width=\"98\"><\/td>\n<td width=\"281\">D Anchura de la plataforma<\/td>\n<td width=\"56\">mm<\/td>\n<td colspan=\"2\" width=\"123\">2970<\/td>\n<\/tr>\n<tr>\n<td colspan=\"2\" width=\"98\"><\/td>\n<td width=\"281\">E Longitud de v\u00eda<\/td>\n<td width=\"56\">mm<\/td>\n<td colspan=\"2\" width=\"123\">4945<\/td>\n<\/tr>\n<tr>\n<td colspan=\"2\" width=\"98\"><\/td>\n<td width=\"281\">F Anchura total del chasis<\/td>\n<td width=\"56\">mm<\/td>\n<td colspan=\"2\" width=\"123\">3190<\/td>\n<\/tr>\n<tr>\n<td colspan=\"2\" width=\"98\"><\/td>\n<td width=\"281\">G Anchura del calzado<\/td>\n<td width=\"56\">mm<\/td>\n<td colspan=\"2\" width=\"123\">600<\/td>\n<\/tr>\n<tr>\n<td colspan=\"2\" width=\"98\"><\/td>\n<td width=\"281\">H Distancia entre ejes de la oruga<\/td>\n<td width=\"56\">mm<\/td>\n<td colspan=\"2\" width=\"123\">4028<\/td>\n<\/tr>\n<tr>\n<td colspan=\"2\" width=\"98\"><\/td>\n<td width=\"281\">I Ancho de v\u00eda<\/td>\n<td width=\"56\">mm<\/td>\n<td colspan=\"2\" width=\"123\">2590<\/td>\n<\/tr>\n<tr>\n<td colspan=\"2\" width=\"98\"><\/td>\n<td width=\"281\">J Distancia del contrapeso<\/td>\n<td width=\"56\">mm<\/td>\n<td colspan=\"2\" width=\"123\">1200<\/td>\n<\/tr>\n<tr>\n<td colspan=\"2\" width=\"98\"><\/td>\n<td width=\"281\">K Distancia m\u00ednima al suelo<\/td>\n<td width=\"56\">mm<\/td>\n<td colspan=\"2\" width=\"123\">538<\/td>\n<\/tr>\n<tr>\n<td colspan=\"2\" width=\"98\"><\/td>\n<td width=\"281\">L Radio m\u00edn. de giro de la cola<\/td>\n<td width=\"56\">mm<\/td>\n<td colspan=\"2\" width=\"123\">3380<\/td>\n<\/tr>\n<tr>\n<td colspan=\"2\" width=\"98\"><\/td>\n<td width=\"281\">M Altura de la v\u00eda<\/td>\n<td width=\"56\">mm<\/td>\n<td colspan=\"2\" width=\"123\">1084<\/td>\n<\/tr>\n<tr>\n<td colspan=\"2\" width=\"98\">\u00c1mbito de trabajo<\/td>\n<td width=\"281\">A Altura m\u00e1xima de excavaci\u00f3n<\/td>\n<td width=\"56\">mm<\/td>\n<td colspan=\"2\" width=\"123\">10174<\/td>\n<\/tr>\n<tr>\n<td colspan=\"2\" width=\"98\"><\/td>\n<td width=\"281\">B Altura m\u00e1x. de descarga<\/td>\n<td width=\"56\">mm<\/td>\n<td colspan=\"2\" width=\"123\">7065<\/td>\n<\/tr>\n<tr>\n<td colspan=\"2\" width=\"98\"><\/td>\n<td width=\"281\">C Profundidad m\u00e1xima de excavaci\u00f3n<\/td>\n<td width=\"56\">mm<\/td>\n<td colspan=\"2\" width=\"123\">6725<\/td>\n<\/tr>\n<tr>\n<td colspan=\"2\" width=\"98\"><\/td>\n<td width=\"281\">D Profundidad m\u00e1xima de corte para un fondo nivelado de 2240 mm (8 pies)<\/td>\n<td width=\"56\">mm<\/td>\n<td colspan=\"2\" width=\"123\">6568<\/td>\n<\/tr>\n<tr>\n<td colspan=\"2\" width=\"98\"><\/td>\n<td width=\"281\">E Radio de excavaci\u00f3n m\u00e1x.<\/td>\n<td width=\"56\">mm<\/td>\n<td colspan=\"2\" width=\"123\">10420<\/td>\n<\/tr>\n<tr>\n<td colspan=\"2\" width=\"98\"><\/td>\n<td width=\"281\">F Radio de giro m\u00edn.<\/td>\n<td width=\"56\">mm<\/td>\n<td colspan=\"2\" width=\"123\">3920<\/td>\n<\/tr>\n<tr>\n<td colspan=\"2\" width=\"98\">Est\u00e1ndar<\/td>\n<td width=\"281\">Longitud de la pluma<\/td>\n<td width=\"56\">mm<\/td>\n<td colspan=\"2\" width=\"123\">6150<\/td>\n<\/tr>\n<tr>\n<td colspan=\"2\" width=\"98\"><\/td>\n<td width=\"281\">Longitud del brazo<\/td>\n<td width=\"56\">mm<\/td>\n<td colspan=\"2\" width=\"123\">2900<\/td>\n<\/tr>\n<tr>\n<td colspan=\"2\" width=\"98\"><\/td>\n<td width=\"281\">Capacidad de la cuchara<\/td>\n<td width=\"56\">m\u00b3<\/td>\n<td colspan=\"2\" width=\"123\">1.6-1.9<\/td>\n<\/tr>\n<tr>\n<td colspan=\"2\" width=\"98\">Opcional<\/td>\n<td width=\"281\">Longitud de la pluma<\/td>\n<td width=\"56\">mm<\/td>\n<td colspan=\"2\" width=\"123\"><\/td>\n<\/tr>\n<tr>\n<td colspan=\"2\" width=\"98\"><\/td>\n<td width=\"281\">Longitud del brazo<\/td>\n<td width=\"56\">mm<\/td>\n<td colspan=\"2\" width=\"123\"><\/td>\n<\/tr>\n<tr>\n<td colspan=\"2\" width=\"98\"><\/td>\n<td width=\"281\">Capacidad de la cuchara<\/td>\n<td width=\"56\">m\u00b3<\/td>\n<td colspan=\"2\" width=\"123\"><\/td>\n<\/tr>\n<\/tbody>\n<\/table>\n<p><img fetchpriority=\"high\" decoding=\"async\" class=\"alignnone size-medium wp-image-2744\" src=\"https:\/\/www.hcxmachinery.com\/wp-content\/uploads\/2025\/05\/XE335GK-03_\u526f\u672c_WH_800x800px-300x300.webp\" alt=\"\" width=\"300\" height=\"300\" title=\"\" srcset=\"https:\/\/www.hcxmachinery.com\/wp-content\/uploads\/2025\/05\/XE335GK-03_\u526f\u672c_WH_800x800px-300x300.webp 300w, https:\/\/www.hcxmachinery.com\/wp-content\/uploads\/2025\/05\/XE335GK-03_\u526f\u672c_WH_800x800px-150x150.webp 150w, https:\/\/www.hcxmachinery.com\/wp-content\/uploads\/2025\/05\/XE335GK-03_\u526f\u672c_WH_800x800px-768x768.webp 768w, https:\/\/www.hcxmachinery.com\/wp-content\/uploads\/2025\/05\/XE335GK-03_\u526f\u672c_WH_800x800px-600x600.webp 600w, https:\/\/www.hcxmachinery.com\/wp-content\/uploads\/2025\/05\/XE335GK-03_\u526f\u672c_WH_800x800px-100x100.webp 100w, https:\/\/www.hcxmachinery.com\/wp-content\/uploads\/2025\/05\/XE335GK-03_\u526f\u672c_WH_800x800px.webp 800w\" sizes=\"(max-width: 300px) 100vw, 300px\" \/> <img decoding=\"async\" class=\"alignnone size-medium wp-image-2743\" src=\"https:\/\/www.hcxmachinery.com\/wp-content\/uploads\/2025\/05\/XE335GK-02_WH_800x800px-300x300.webp\" alt=\"\" width=\"300\" height=\"300\" title=\"\" srcset=\"https:\/\/www.hcxmachinery.com\/wp-content\/uploads\/2025\/05\/XE335GK-02_WH_800x800px-300x300.webp 300w, https:\/\/www.hcxmachinery.com\/wp-content\/uploads\/2025\/05\/XE335GK-02_WH_800x800px-150x150.webp 150w, https:\/\/www.hcxmachinery.com\/wp-content\/uploads\/2025\/05\/XE335GK-02_WH_800x800px-768x768.webp 768w, https:\/\/www.hcxmachinery.com\/wp-content\/uploads\/2025\/05\/XE335GK-02_WH_800x800px-600x600.webp 600w, https:\/\/www.hcxmachinery.com\/wp-content\/uploads\/2025\/05\/XE335GK-02_WH_800x800px-100x100.webp 100w, https:\/\/www.hcxmachinery.com\/wp-content\/uploads\/2025\/05\/XE335GK-02_WH_800x800px.webp 800w\" sizes=\"(max-width: 300px) 100vw, 300px\" \/> <img decoding=\"async\" class=\"alignnone size-medium wp-image-2742\" src=\"https:\/\/www.hcxmachinery.com\/wp-content\/uploads\/2025\/05\/XE335GK-01_\u526f\u672c_WH_800x800px-300x300.webp\" alt=\"\" width=\"300\" height=\"300\" title=\"\"><\/p>","protected":false},"excerpt":{"rendered":"<p>XE335GK The hydraulic excavator is equipped with a low-speed high-torque engine with high efficiency and low fuelconsumption. The large undercarrige [&hellip;]<\/p>","protected":false},"featured_media":2741,"template":"","meta":{"_acf_changed":false,"site-sidebar-layout":"default","site-content-layout":"","ast-site-content-layout":"default","site-content-style":"default","site-sidebar-style":"default","ast-global-header-display":"","ast-banner-title-visibility":"","ast-main-header-display":"","ast-hfb-above-header-display":"","ast-hfb-below-header-display":"","ast-hfb-mobile-header-display":"","site-post-title":"","ast-breadcrumbs-content":"","ast-featured-img":"","footer-sml-layout":"","theme-transparent-header-meta":"default","adv-header-id-meta":"","stick-header-meta":"default","header-above-stick-meta":"","header-main-stick-meta":"","header-below-stick-meta":"","astra-migrate-meta-layouts":"set","ast-page-background-enabled":"default","ast-page-background-meta":{"desktop":{"background-color":"var(--ast-global-color-4)","background-image":"","background-repeat":"repeat","background-position":"center center","background-size":"auto","background-attachment":"scroll","background-type":"","background-media":"","overlay-type":"","overlay-color":"","overlay-opacity":"","overlay-gradient":""},"tablet":{"background-color":"","background-image":"","background-repeat":"repeat","background-position":"center center","background-size":"auto","background-attachment":"scroll","background-type":"","background-media":"","overlay-type":"","overlay-color":"","overlay-opacity":"","overlay-gradient":""},"mobile":{"background-color":"","background-image":"","background-repeat":"repeat","background-position":"center center","background-size":"auto","background-attachment":"scroll","background-type":"","background-media":"","overlay-type":"","overlay-color":"","overlay-opacity":"","overlay-gradient":""}},"ast-content-background-meta":{"desktop":{"background-color":"var(--ast-global-color-5)","background-image":"","background-repeat":"repeat","background-position":"center center","background-size":"auto","background-attachment":"scroll","background-type":"","background-media":"","overlay-type":"","overlay-color":"","overlay-opacity":"","overlay-gradient":""},"tablet":{"background-color":"var(--ast-global-color-5)","background-image":"","background-repeat":"repeat","background-position":"center center","background-size":"auto","background-attachment":"scroll","background-type":"","background-media":"","overlay-type":"","overlay-color":"","overlay-opacity":"","overlay-gradient":""},"mobile":{"background-color":"var(--ast-global-color-5)","background-image":"","background-repeat":"repeat","background-position":"center center","background-size":"auto","background-attachment":"scroll","background-type":"","background-media":"","overlay-type":"","overlay-color":"","overlay-opacity":"","overlay-gradient":""}}},"product_cat":[37,19],"product_tag":[],"class_list":{"0":"post-2740","1":"product","2":"type-product","3":"status-publish","4":"has-post-thumbnail","6":"product_cat-big-excavator","7":"product_cat-excavator","8":"desktop-align-left","9":"tablet-align-left","10":"mobile-align-left","11":"ast-product-gallery-layout-horizontal-slider","12":"ast-magnify-disabled","13":"ast-product-tabs-layout-horizontal","15":"first","16":"instock","17":"shipping-taxable","18":"product-type-simple"},"acf":[],"_links":{"self":[{"href":"https:\/\/www.hcxmachinery.com\/es\/wp-json\/wp\/v2\/product\/2740"}],"collection":[{"href":"https:\/\/www.hcxmachinery.com\/es\/wp-json\/wp\/v2\/product"}],"about":[{"href":"https:\/\/www.hcxmachinery.com\/es\/wp-json\/wp\/v2\/types\/product"}],"version-history":[{"count":9,"href":"https:\/\/www.hcxmachinery.com\/es\/wp-json\/wp\/v2\/product\/2740\/revisions"}],"predecessor-version":[{"id":3433,"href":"https:\/\/www.hcxmachinery.com\/es\/wp-json\/wp\/v2\/product\/2740\/revisions\/3433"}],"wp:featuredmedia":[{"embeddable":true,"href":"https:\/\/www.hcxmachinery.com\/es\/wp-json\/wp\/v2\/media\/2741"}],"wp:attachment":[{"href":"https:\/\/www.hcxmachinery.com\/es\/wp-json\/wp\/v2\/media?parent=2740"}],"wp:term":[{"taxonomy":"product_cat","embeddable":true,"href":"https:\/\/www.hcxmachinery.com\/es\/wp-json\/wp\/v2\/product_cat?post=2740"},{"taxonomy":"product_tag","embeddable":true,"href":"https:\/\/www.hcxmachinery.com\/es\/wp-json\/wp\/v2\/product_tag?post=2740"}],"curies":[{"name":"wp","href":"https:\/\/api.w.org\/{rel}","templated":true}]}}