{"id":2715,"date":"2025-05-16T06:52:52","date_gmt":"2025-05-16T06:52:52","guid":{"rendered":"https:\/\/www.hcxmachinery.com\/?post_type=product&#038;p=2715"},"modified":"2025-12-30T03:39:07","modified_gmt":"2025-12-30T03:39:07","slug":"excavadora-de-cadenas-xe270gk","status":"publish","type":"product","link":"https:\/\/www.hcxmachinery.com\/es\/producto\/excavadora-de-cadenas-xe270gk\/","title":{"rendered":"Excavadora usada de alta calidad XE270GK en venta"},"content":{"rendered":"<h2>XE270GK<\/h2>\n<div class=\"ace-line\" dir=\"auto\" data-node=\"true\"><span data-leaf=\"true\"><span class=\"lb\">La XE270GK es una excavadora de tama\u00f1o medio de clase \"G\" de 27T recientemente desarrollada por XCMG. Combina m\u00faltiples tecnolog\u00edas de vanguardia y ofrece numerosas ventajas.<\/span><\/span><span data-string=\"true\" data-enter=\"true\" data-leaf=\"true\">\u200b<\/span><\/div>\n<div class=\"ace-line heading-h2\" dir=\"auto\" data-node=\"true\"><span data-leaf=\"true\"><span class=\"lb\">Rendimiento de alta eficiencia\uff1a<\/span><\/span><span data-string=\"true\" data-enter=\"true\" data-leaf=\"true\">\u200b<\/span><\/div>\n<div class=\"ace-line\" dir=\"auto\" data-node=\"true\"><span data-leaf=\"true\"><span class=\"lb\">Equipado con el exclusivo motor B7 personalizado de XCMG, el par motor se incrementa en 15%. El exclusivo \"Sistema de control inteligente de avance (PIC)\" acorta el tiempo de respuesta transitoria del motor en m\u00e1s de 90%, lo que garantiza una potencia suficiente y una respuesta r\u00e1pida, incluso con cargas pesadas. El sistema hidr\u00e1ulico de caudal positivo controlado electr\u00f3nicamente mejora la eficiencia y la maniobrabilidad generales.<\/span><\/span><span data-string=\"true\" data-enter=\"true\" data-leaf=\"true\">\u200b<\/span><\/div>\n<div class=\"ace-line\" dir=\"auto\" data-node=\"true\"><\/div>\n<h2>PAR\u00c1METROS<\/h2>\n<p>&nbsp;<\/p>\n<table>\n<tbody>\n<tr>\n<td width=\"379\">Modelo<\/td>\n<td width=\"56\">Unidad<\/td>\n<td width=\"122\"><strong><b>XE270GK<\/b><\/strong><\/td>\n<\/tr>\n<tr>\n<td width=\"379\">\u00a0Peso operativo<\/td>\n<td width=\"56\">Kg<\/td>\n<td width=\"122\">26500<\/td>\n<\/tr>\n<tr>\n<td width=\"379\">Capacidad de la cuchara<\/td>\n<td width=\"56\">m\u00b3<\/td>\n<td width=\"122\">1.0\uff5e1.6<\/td>\n<\/tr>\n<\/tbody>\n<\/table>\n<table>\n<tbody>\n<tr>\n<td colspan=\"2\" rowspan=\"10\" width=\"98\">Motor<\/td>\n<td width=\"281\">Modelo<\/td>\n<td width=\"56\">\/<\/td>\n<td colspan=\"2\" width=\"123\">Cummins B7<\/td>\n<\/tr>\n<tr>\n<td width=\"281\">Inyecci\u00f3n el\u00e9ctrica<\/td>\n<td width=\"56\">\/<\/td>\n<td colspan=\"2\" width=\"123\">\u221a<\/td>\n<\/tr>\n<tr>\n<td width=\"281\">Cuatro golpes<\/td>\n<td width=\"56\">\/<\/td>\n<td colspan=\"2\" width=\"123\">\u221a<\/td>\n<\/tr>\n<tr>\n<td width=\"281\">\u00a0Refrigeraci\u00f3n por agua<\/td>\n<td width=\"56\">\/<\/td>\n<td colspan=\"2\" width=\"123\">\u221a<\/td>\n<\/tr>\n<tr>\n<td width=\"281\">Turboalimentaci\u00f3n<\/td>\n<td width=\"56\">\/<\/td>\n<td colspan=\"2\" width=\"123\">\u221a<\/td>\n<\/tr>\n<tr>\n<td width=\"281\">Intercooler aire-aire<\/td>\n<td width=\"56\">\/<\/td>\n<td colspan=\"2\" width=\"123\">\u221a<\/td>\n<\/tr>\n<tr>\n<td width=\"281\">\u00a0N\u00ba de cilindros<\/td>\n<td width=\"56\">\/<\/td>\n<td colspan=\"2\" width=\"123\">6<\/td>\n<\/tr>\n<tr>\n<td width=\"281\">\u00a0Potencia nominal\/velocidad\uff08ISO\uff09<\/td>\n<td width=\"56\">kw\/rpm<\/td>\n<td colspan=\"2\" width=\"123\">150\/2000<\/td>\n<\/tr>\n<tr>\n<td width=\"281\">\u00a0Par\/velocidad m\u00e1ximos<\/td>\n<td width=\"56\">N.m<\/td>\n<td colspan=\"2\" width=\"123\">890\/1200<\/td>\n<\/tr>\n<tr>\n<td width=\"281\">\u00a0Desplazamiento<\/td>\n<td width=\"56\">L<\/td>\n<td colspan=\"2\" width=\"123\">6.7<\/td>\n<\/tr>\n<tr>\n<td colspan=\"2\" rowspan=\"7\" width=\"98\">Actuaci\u00f3n principal<\/td>\n<td width=\"281\">Velocidad de desplazamiento\uff08H\/L)<\/td>\n<td width=\"56\">km\/h<\/td>\n<td colspan=\"2\" width=\"123\">5.3\/3.4<\/td>\n<\/tr>\n<tr>\n<td width=\"281\">\u00a0Velocidad de oscilaci\u00f3n<\/td>\n<td width=\"56\">r\/min<\/td>\n<td colspan=\"2\" width=\"123\">10.5<\/td>\n<\/tr>\n<tr>\n<td width=\"281\">Gradeabilidad<\/td>\n<td width=\"56\">\u00b0<\/td>\n<td colspan=\"2\" width=\"123\">\u226435<\/td>\n<\/tr>\n<tr>\n<td width=\"281\">Presi\u00f3n sobre el suelo<\/td>\n<td width=\"56\">kPa<\/td>\n<td colspan=\"2\" width=\"123\">51<\/td>\n<\/tr>\n<tr>\n<td width=\"281\">Fuerza de excavaci\u00f3n de la cuchara<\/td>\n<td width=\"56\">kN<\/td>\n<td colspan=\"2\" width=\"123\">185<\/td>\n<\/tr>\n<tr>\n<td width=\"281\">Fuerza de excavaci\u00f3n del brazo<\/td>\n<td width=\"56\">kN<\/td>\n<td colspan=\"2\" width=\"123\">129<\/td>\n<\/tr>\n<tr>\n<td width=\"281\">\u00a0Fuerza de tracci\u00f3n m\u00e1xima<\/td>\n<td width=\"56\">kN<\/td>\n<td colspan=\"2\" width=\"123\">221<\/td>\n<\/tr>\n<tr>\n<td colspan=\"2\" rowspan=\"6\" width=\"98\">Sistema hidr\u00e1ulico<\/td>\n<td width=\"281\">Bomba principal<\/td>\n<td width=\"56\">\/<\/td>\n<td colspan=\"2\" width=\"123\">Dos bombas de pist\u00f3n<\/td>\n<\/tr>\n<tr>\n<td width=\"281\">Caudal nominal de la bomba principal<\/td>\n<td width=\"56\">L\/min<\/td>\n<td colspan=\"2\" width=\"123\">2\u00d7252<\/td>\n<\/tr>\n<tr>\n<td width=\"281\">Presi\u00f3n de la v\u00e1lvula de seguridad principal<\/td>\n<td width=\"56\">MPa<\/td>\n<td colspan=\"2\" width=\"123\">34.3\/37<\/td>\n<\/tr>\n<tr>\n<td width=\"281\">Presi\u00f3n del sistema de desplazamiento<\/td>\n<td width=\"56\">MPa<\/td>\n<td colspan=\"2\" width=\"123\">34.3<\/td>\n<\/tr>\n<tr>\n<td width=\"281\">Presi\u00f3n del sistema oscilante<\/td>\n<td width=\"56\">MPa<\/td>\n<td colspan=\"2\" width=\"123\">28.8<\/td>\n<\/tr>\n<tr>\n<td width=\"281\">Presi\u00f3n del sistema piloto<\/td>\n<td width=\"56\">MPa<\/td>\n<td colspan=\"2\" width=\"123\">3.9<\/td>\n<\/tr>\n<tr>\n<td colspan=\"2\" rowspan=\"3\" width=\"98\">Capacidad de aceite<\/td>\n<td width=\"281\">Capacidad del dep\u00f3sito<\/td>\n<td width=\"56\">L<\/td>\n<td colspan=\"2\" width=\"123\">400<\/td>\n<\/tr>\n<tr>\n<td width=\"281\">Capacidad del dep\u00f3sito hidr\u00e1ulico<\/td>\n<td width=\"56\">L<\/td>\n<td colspan=\"2\" width=\"123\">150<\/td>\n<\/tr>\n<tr>\n<td width=\"281\">Capacidad de aceite del motor<\/td>\n<td width=\"56\">L<\/td>\n<td colspan=\"2\" width=\"123\">35<\/td>\n<\/tr>\n<tr>\n<td colspan=\"2\" rowspan=\"13\" width=\"98\">Tama\u00f1o<\/td>\n<td width=\"281\">A Longitud total<\/td>\n<td width=\"56\">mm<\/td>\n<td colspan=\"2\" width=\"123\">10250<\/td>\n<\/tr>\n<tr>\n<td width=\"281\">B Anchura total<\/td>\n<td width=\"56\">mm<\/td>\n<td colspan=\"2\" width=\"123\">3190<\/td>\n<\/tr>\n<tr>\n<td width=\"281\">C Altura total<\/td>\n<td width=\"56\">mm<\/td>\n<td colspan=\"2\" width=\"123\">3300<\/td>\n<\/tr>\n<tr>\n<td width=\"281\">D Anchura de la plataforma<\/td>\n<td width=\"56\">mm<\/td>\n<td colspan=\"2\" width=\"123\">2995<\/td>\n<\/tr>\n<tr>\n<td width=\"281\">E Longitud de v\u00eda<\/td>\n<td width=\"56\">mm<\/td>\n<td colspan=\"2\" width=\"123\">4635<\/td>\n<\/tr>\n<tr>\n<td width=\"281\">F Anchura total del chasis<\/td>\n<td width=\"56\">mm<\/td>\n<td colspan=\"2\" width=\"123\">3190<\/td>\n<\/tr>\n<tr>\n<td width=\"281\">G Anchura del calzado<\/td>\n<td width=\"56\">mm<\/td>\n<td colspan=\"2\" width=\"123\">600<\/td>\n<\/tr>\n<tr>\n<td width=\"281\">H Distancia entre ejes de la oruga<\/td>\n<td width=\"56\">mm<\/td>\n<td colspan=\"2\" width=\"123\">3841<\/td>\n<\/tr>\n<tr>\n<td width=\"281\">I Ancho de v\u00eda<\/td>\n<td width=\"56\">mm<\/td>\n<td colspan=\"2\" width=\"123\">2590<\/td>\n<\/tr>\n<tr>\n<td width=\"281\">J Distancia del contrapeso<\/td>\n<td width=\"56\">mm<\/td>\n<td colspan=\"2\" width=\"123\">1140<\/td>\n<\/tr>\n<tr>\n<td width=\"281\">K Distancia m\u00ednima al suelo<\/td>\n<td width=\"56\">mm<\/td>\n<td colspan=\"2\" width=\"123\">490<\/td>\n<\/tr>\n<tr>\n<td width=\"281\">L Radio m\u00edn. de giro de la cola<\/td>\n<td width=\"56\">mm<\/td>\n<td colspan=\"2\" width=\"123\">3025<\/td>\n<\/tr>\n<tr>\n<td width=\"281\">M Altura de la v\u00eda<\/td>\n<td width=\"56\">mm<\/td>\n<td colspan=\"2\" width=\"123\">945<\/td>\n<\/tr>\n<tr>\n<td colspan=\"2\" rowspan=\"6\" width=\"98\">\u00c1mbito de trabajo<\/td>\n<td width=\"281\">A Altura m\u00e1xima de excavaci\u00f3n<\/td>\n<td width=\"56\">mm<\/td>\n<td colspan=\"2\" width=\"123\">10095<\/td>\n<\/tr>\n<tr>\n<td width=\"281\">B Altura m\u00e1x. de descarga<\/td>\n<td width=\"56\">mm<\/td>\n<td colspan=\"2\" width=\"123\">7170<\/td>\n<\/tr>\n<tr>\n<td width=\"281\">C Profundidad m\u00e1xima de excavaci\u00f3n<\/td>\n<td width=\"56\">mm<\/td>\n<td colspan=\"2\" width=\"123\">6925<\/td>\n<\/tr>\n<tr>\n<td width=\"281\">D Profundidad m\u00e1xima de corte para un fondo nivelado de 2240 mm (8 pies)<\/td>\n<td width=\"56\">mm<\/td>\n<td colspan=\"2\" width=\"123\">6985<\/td>\n<\/tr>\n<tr>\n<td width=\"281\">E Radio de excavaci\u00f3n m\u00e1x.<\/td>\n<td width=\"56\">mm<\/td>\n<td colspan=\"2\" width=\"123\">10240<\/td>\n<\/tr>\n<tr>\n<td width=\"281\">F Radio de giro m\u00edn.<\/td>\n<td width=\"56\">mm<\/td>\n<td colspan=\"2\" width=\"123\">3490<\/td>\n<\/tr>\n<tr>\n<td colspan=\"2\" rowspan=\"3\" width=\"98\">Est\u00e1ndar<\/td>\n<td width=\"281\">Longitud de la pluma<\/td>\n<td width=\"56\">mm<\/td>\n<td colspan=\"2\" width=\"123\">6000<\/td>\n<\/tr>\n<tr>\n<td width=\"281\">Longitud del brazo<\/td>\n<td width=\"56\">mm<\/td>\n<td colspan=\"2\" width=\"123\">2964<\/td>\n<\/tr>\n<tr>\n<td width=\"281\">Capacidad de la cuchara<\/td>\n<td width=\"56\">m\u00b3<\/td>\n<td colspan=\"2\" width=\"123\">1,4(\u52a0\u5f3a\u6597)<\/td>\n<\/tr>\n<tr>\n<td colspan=\"2\" rowspan=\"3\" width=\"98\">Opcional<\/td>\n<td width=\"281\">Longitud de la pluma<\/td>\n<td width=\"56\">mm<\/td>\n<td colspan=\"2\" width=\"123\">\/<\/td>\n<\/tr>\n<tr>\n<td width=\"281\">Longitud del brazo<\/td>\n<td width=\"56\">mm<\/td>\n<td colspan=\"2\" width=\"123\">2500<\/td>\n<\/tr>\n<tr>\n<td width=\"281\">Capacidad de la cuchara<\/td>\n<td width=\"56\">m\u00b3<\/td>\n<td colspan=\"2\" width=\"123\">1,2\uff5e1,6(\u571f\u65b9\u6597)<\/p>\n<p>1.1\uff5e1.5(\u52a0\u5f3a\u6597)<\/p>\n<p>1.1\uff5e1.3(\u5ca9\u77f3\u6597)<\/td>\n<\/tr>\n<\/tbody>\n<\/table>\n<p>&nbsp;<\/p>\n<p><strong><b>XE270GK <\/b><\/strong><strong><b>Excavadora sobre orugas<\/b><\/strong><strong><b>\u00a0Listas de piezas principales<\/b><\/strong><\/p>\n<table>\n<tbody>\n<tr>\n<td width=\"54\"><strong>No.<\/strong><\/td>\n<td width=\"267\"><strong>Nombre de la pieza<\/strong><\/td>\n<td width=\"150\"><strong>Fabricante<\/strong><\/td>\n<td width=\"96\"><strong>Observaciones<\/strong><\/td>\n<\/tr>\n<tr>\n<td width=\"54\">1<\/td>\n<td width=\"267\">Motor<\/td>\n<td width=\"150\">\u00a0Guangxi Cummins<\/td>\n<td width=\"96\"><\/td>\n<\/tr>\n<tr>\n<td width=\"54\">2<\/td>\n<td width=\"267\">Bomba principal<\/td>\n<td width=\"150\">Jap\u00f3n Kawasaki<\/td>\n<td width=\"96\"><\/td>\n<\/tr>\n<tr>\n<td width=\"54\">3<\/td>\n<td width=\"267\">V\u00e1lvula principal<\/td>\n<td width=\"150\">Jap\u00f3n Kawasaki<\/td>\n<td width=\"96\"><\/td>\n<\/tr>\n<tr>\n<td width=\"54\">4<\/td>\n<td width=\"267\">Motor de v\u00eda<\/td>\n<td width=\"150\">Corea Mottrol<\/td>\n<td width=\"96\"><\/td>\n<\/tr>\n<tr>\n<td width=\"54\">5<\/td>\n<td width=\"267\">Motor basculante<\/td>\n<td width=\"150\">Jap\u00f3n Kawasaki<\/td>\n<td width=\"96\"><\/td>\n<\/tr>\n<tr>\n<td width=\"54\">6<\/td>\n<td width=\"267\">CA<\/td>\n<td width=\"150\">TAYBO\uff08Shanghai\uff09<\/td>\n<td width=\"96\"><\/td>\n<\/tr>\n<tr>\n<td width=\"54\">7<\/td>\n<td width=\"267\">Rueda dentada, polea tensora, rodillo portador, rodillo-gu\u00eda y oruga<\/td>\n<td width=\"150\">XCMG<\/td>\n<td width=\"96\"><\/td>\n<\/tr>\n<\/tbody>\n<\/table>\n<p><strong><b> <img fetchpriority=\"high\" decoding=\"async\" class=\"alignnone size-medium wp-image-2721\" src=\"https:\/\/www.hcxmachinery.com\/wp-content\/uploads\/2025\/05\/XE270GK-06_WH_800x800px-300x300.jpg\" alt=\"\" width=\"300\" height=\"300\" title=\"\" srcset=\"https:\/\/www.hcxmachinery.com\/wp-content\/uploads\/2025\/05\/XE270GK-06_WH_800x800px-300x300.jpg 300w, https:\/\/www.hcxmachinery.com\/wp-content\/uploads\/2025\/05\/XE270GK-06_WH_800x800px-150x150.jpg 150w, https:\/\/www.hcxmachinery.com\/wp-content\/uploads\/2025\/05\/XE270GK-06_WH_800x800px-768x768.jpg 768w, https:\/\/www.hcxmachinery.com\/wp-content\/uploads\/2025\/05\/XE270GK-06_WH_800x800px-600x600.jpg 600w, https:\/\/www.hcxmachinery.com\/wp-content\/uploads\/2025\/05\/XE270GK-06_WH_800x800px-100x100.jpg 100w, https:\/\/www.hcxmachinery.com\/wp-content\/uploads\/2025\/05\/XE270GK-06_WH_800x800px.jpg 800w\" sizes=\"(max-width: 300px) 100vw, 300px\" \/> <img decoding=\"async\" class=\"alignnone size-medium wp-image-2720\" src=\"https:\/\/www.hcxmachinery.com\/wp-content\/uploads\/2025\/05\/XE270GK-05_WH_800x800px-300x300.jpg\" alt=\"\" width=\"300\" height=\"300\" title=\"\" srcset=\"https:\/\/www.hcxmachinery.com\/wp-content\/uploads\/2025\/05\/XE270GK-05_WH_800x800px-300x300.jpg 300w, https:\/\/www.hcxmachinery.com\/wp-content\/uploads\/2025\/05\/XE270GK-05_WH_800x800px-150x150.jpg 150w, https:\/\/www.hcxmachinery.com\/wp-content\/uploads\/2025\/05\/XE270GK-05_WH_800x800px-768x768.jpg 768w, https:\/\/www.hcxmachinery.com\/wp-content\/uploads\/2025\/05\/XE270GK-05_WH_800x800px-600x600.jpg 600w, https:\/\/www.hcxmachinery.com\/wp-content\/uploads\/2025\/05\/XE270GK-05_WH_800x800px-100x100.jpg 100w, https:\/\/www.hcxmachinery.com\/wp-content\/uploads\/2025\/05\/XE270GK-05_WH_800x800px.jpg 800w\" sizes=\"(max-width: 300px) 100vw, 300px\" \/> <img decoding=\"async\" class=\"alignnone size-medium wp-image-2719\" src=\"https:\/\/www.hcxmachinery.com\/wp-content\/uploads\/2025\/05\/XE270GK-04_WH_800x800px-300x300.jpg\" alt=\"\" width=\"300\" height=\"300\" title=\"\" srcset=\"https:\/\/www.hcxmachinery.com\/wp-content\/uploads\/2025\/05\/XE270GK-04_WH_800x800px-300x300.jpg 300w, https:\/\/www.hcxmachinery.com\/wp-content\/uploads\/2025\/05\/XE270GK-04_WH_800x800px-150x150.jpg 150w, https:\/\/www.hcxmachinery.com\/wp-content\/uploads\/2025\/05\/XE270GK-04_WH_800x800px-768x768.jpg 768w, https:\/\/www.hcxmachinery.com\/wp-content\/uploads\/2025\/05\/XE270GK-04_WH_800x800px-600x600.jpg 600w, https:\/\/www.hcxmachinery.com\/wp-content\/uploads\/2025\/05\/XE270GK-04_WH_800x800px-100x100.jpg 100w, https:\/\/www.hcxmachinery.com\/wp-content\/uploads\/2025\/05\/XE270GK-04_WH_800x800px.jpg 800w\" sizes=\"(max-width: 300px) 100vw, 300px\" \/> <img loading=\"lazy\" decoding=\"async\" class=\"alignnone size-medium wp-image-2718\" src=\"https:\/\/www.hcxmachinery.com\/wp-content\/uploads\/2025\/05\/XE270GK-03_WH_800x800px-300x300.jpg\" alt=\"\" width=\"300\" height=\"300\" title=\"\" srcset=\"https:\/\/www.hcxmachinery.com\/wp-content\/uploads\/2025\/05\/XE270GK-03_WH_800x800px-300x300.jpg 300w, https:\/\/www.hcxmachinery.com\/wp-content\/uploads\/2025\/05\/XE270GK-03_WH_800x800px-150x150.jpg 150w, https:\/\/www.hcxmachinery.com\/wp-content\/uploads\/2025\/05\/XE270GK-03_WH_800x800px-768x768.jpg 768w, https:\/\/www.hcxmachinery.com\/wp-content\/uploads\/2025\/05\/XE270GK-03_WH_800x800px-600x600.jpg 600w, https:\/\/www.hcxmachinery.com\/wp-content\/uploads\/2025\/05\/XE270GK-03_WH_800x800px-100x100.jpg 100w, https:\/\/www.hcxmachinery.com\/wp-content\/uploads\/2025\/05\/XE270GK-03_WH_800x800px.jpg 800w\" sizes=\"(max-width: 300px) 100vw, 300px\" \/> <img loading=\"lazy\" decoding=\"async\" class=\"alignnone size-medium wp-image-2717\" src=\"https:\/\/www.hcxmachinery.com\/wp-content\/uploads\/2025\/05\/XE270GK-02_WH_800x800px-300x300.jpg\" alt=\"\" width=\"300\" height=\"300\" title=\"\" srcset=\"https:\/\/www.hcxmachinery.com\/wp-content\/uploads\/2025\/05\/XE270GK-02_WH_800x800px-300x300.jpg 300w, https:\/\/www.hcxmachinery.com\/wp-content\/uploads\/2025\/05\/XE270GK-02_WH_800x800px-150x150.jpg 150w, https:\/\/www.hcxmachinery.com\/wp-content\/uploads\/2025\/05\/XE270GK-02_WH_800x800px-768x768.jpg 768w, https:\/\/www.hcxmachinery.com\/wp-content\/uploads\/2025\/05\/XE270GK-02_WH_800x800px-600x600.jpg 600w, https:\/\/www.hcxmachinery.com\/wp-content\/uploads\/2025\/05\/XE270GK-02_WH_800x800px-100x100.jpg 100w, https:\/\/www.hcxmachinery.com\/wp-content\/uploads\/2025\/05\/XE270GK-02_WH_800x800px.jpg 800w\" sizes=\"(max-width: 300px) 100vw, 300px\" \/> <img loading=\"lazy\" decoding=\"async\" class=\"alignnone size-medium wp-image-2716\" src=\"https:\/\/www.hcxmachinery.com\/wp-content\/uploads\/2025\/05\/XE270GK-01_WH_800x800px-300x300.jpg\" alt=\"\" width=\"300\" height=\"300\" title=\"\" srcset=\"https:\/\/www.hcxmachinery.com\/wp-content\/uploads\/2025\/05\/XE270GK-01_WH_800x800px-300x300.jpg 300w, https:\/\/www.hcxmachinery.com\/wp-content\/uploads\/2025\/05\/XE270GK-01_WH_800x800px-150x150.jpg 150w, https:\/\/www.hcxmachinery.com\/wp-content\/uploads\/2025\/05\/XE270GK-01_WH_800x800px-768x768.jpg 768w, https:\/\/www.hcxmachinery.com\/wp-content\/uploads\/2025\/05\/XE270GK-01_WH_800x800px-600x600.jpg 600w, https:\/\/www.hcxmachinery.com\/wp-content\/uploads\/2025\/05\/XE270GK-01_WH_800x800px-100x100.jpg 100w, https:\/\/www.hcxmachinery.com\/wp-content\/uploads\/2025\/05\/XE270GK-01_WH_800x800px.jpg 800w\" sizes=\"(max-width: 300px) 100vw, 300px\" \/><\/b><\/strong><\/p>","protected":false},"excerpt":{"rendered":"<div class=\"auto-hide-last-sibling-br paragraph-qzbcQC paragraph-element br-paragraph-space\">La XE270GK de clase 27T de XCMG es una m\u00e1quina potente. Su motor B7 personalizado aumenta el par en 15% y, con la tecnolog\u00eda PIC, reduce el tiempo de respuesta del motor en 90%. Un sistema hidr\u00e1ulico electrocontrolado garantiza la eficiencia.<\/div>\n<p>&nbsp;<\/p>\n<div class=\"auto-hide-last-sibling-br paragraph-qzbcQC paragraph-element br-paragraph-space\">Construida para tareas pesadas, tiene una cuchara reforzada de 1,4 m\u00b3. La cabina ofrece seguridad, comodidad y un manejo sencillo gracias a su pantalla t\u00e1ctil. Ideal para escombros, construcci\u00f3n, miner\u00eda y mucho m\u00e1s.<\/div>","protected":false},"featured_media":1916,"template":"","meta":{"_acf_changed":false,"site-sidebar-layout":"default","site-content-layout":"","ast-site-content-layout":"default","site-content-style":"default","site-sidebar-style":"default","ast-global-header-display":"","ast-banner-title-visibility":"","ast-main-header-display":"","ast-hfb-above-header-display":"","ast-hfb-below-header-display":"","ast-hfb-mobile-header-display":"","site-post-title":"","ast-breadcrumbs-content":"","ast-featured-img":"","footer-sml-layout":"","theme-transparent-header-meta":"default","adv-header-id-meta":"","stick-header-meta":"default","header-above-stick-meta":"","header-main-stick-meta":"","header-below-stick-meta":"","astra-migrate-meta-layouts":"set","ast-page-background-enabled":"default","ast-page-background-meta":{"desktop":{"background-color":"var(--ast-global-color-4)","background-image":"","background-repeat":"repeat","background-position":"center center","background-size":"auto","background-attachment":"scroll","background-type":"","background-media":"","overlay-type":"","overlay-color":"","overlay-opacity":"","overlay-gradient":""},"tablet":{"background-color":"","background-image":"","background-repeat":"repeat","background-position":"center center","background-size":"auto","background-attachment":"scroll","background-type":"","background-media":"","overlay-type":"","overlay-color":"","overlay-opacity":"","overlay-gradient":""},"mobile":{"background-color":"","background-image":"","background-repeat":"repeat","background-position":"center center","background-size":"auto","background-attachment":"scroll","background-type":"","background-media":"","overlay-type":"","overlay-color":"","overlay-opacity":"","overlay-gradient":""}},"ast-content-background-meta":{"desktop":{"background-color":"var(--ast-global-color-5)","background-image":"","background-repeat":"repeat","background-position":"center center","background-size":"auto","background-attachment":"scroll","background-type":"","background-media":"","overlay-type":"","overlay-color":"","overlay-opacity":"","overlay-gradient":""},"tablet":{"background-color":"var(--ast-global-color-5)","background-image":"","background-repeat":"repeat","background-position":"center center","background-size":"auto","background-attachment":"scroll","background-type":"","background-media":"","overlay-type":"","overlay-color":"","overlay-opacity":"","overlay-gradient":""},"mobile":{"background-color":"var(--ast-global-color-5)","background-image":"","background-repeat":"repeat","background-position":"center center","background-size":"auto","background-attachment":"scroll","background-type":"","background-media":"","overlay-type":"","overlay-color":"","overlay-opacity":"","overlay-gradient":""}}},"product_cat":[19,36],"product_tag":[],"class_list":{"0":"post-2715","1":"product","2":"type-product","3":"status-publish","4":"has-post-thumbnail","6":"product_cat-excavator","7":"product_cat-medium-excavator","8":"desktop-align-left","9":"tablet-align-left","10":"mobile-align-left","11":"ast-product-gallery-layout-horizontal-slider","12":"ast-magnify-disabled","13":"ast-product-tabs-layout-horizontal","15":"first","16":"instock","17":"shipping-taxable","18":"product-type-simple"},"acf":[],"_links":{"self":[{"href":"https:\/\/www.hcxmachinery.com\/es\/wp-json\/wp\/v2\/product\/2715"}],"collection":[{"href":"https:\/\/www.hcxmachinery.com\/es\/wp-json\/wp\/v2\/product"}],"about":[{"href":"https:\/\/www.hcxmachinery.com\/es\/wp-json\/wp\/v2\/types\/product"}],"version-history":[{"count":10,"href":"https:\/\/www.hcxmachinery.com\/es\/wp-json\/wp\/v2\/product\/2715\/revisions"}],"predecessor-version":[{"id":3452,"href":"https:\/\/www.hcxmachinery.com\/es\/wp-json\/wp\/v2\/product\/2715\/revisions\/3452"}],"wp:featuredmedia":[{"embeddable":true,"href":"https:\/\/www.hcxmachinery.com\/es\/wp-json\/wp\/v2\/media\/1916"}],"wp:attachment":[{"href":"https:\/\/www.hcxmachinery.com\/es\/wp-json\/wp\/v2\/media?parent=2715"}],"wp:term":[{"taxonomy":"product_cat","embeddable":true,"href":"https:\/\/www.hcxmachinery.com\/es\/wp-json\/wp\/v2\/product_cat?post=2715"},{"taxonomy":"product_tag","embeddable":true,"href":"https:\/\/www.hcxmachinery.com\/es\/wp-json\/wp\/v2\/product_tag?post=2715"}],"curies":[{"name":"wp","href":"https:\/\/api.w.org\/{rel}","templated":true}]}}