{"id":2692,"date":"2025-05-08T06:37:53","date_gmt":"2025-05-08T06:37:53","guid":{"rendered":"https:\/\/www.hcxmachinery.com\/?post_type=product&#038;p=2692"},"modified":"2025-12-30T02:59:23","modified_gmt":"2025-12-30T02:59:23","slug":"good-quality-used-xe245gh-for-sale","status":"publish","type":"product","link":"https:\/\/www.hcxmachinery.com\/es\/producto\/good-quality-used-xe245gh-for-sale\/","title":{"rendered":"Buena calidad Used XE245GH En venta"},"content":{"rendered":"<h1>XE245GH<\/h1>\n<p>Se utiliza ampliamente en movimientos de tierra, construcci\u00f3n municipal, construcci\u00f3n de carreteras y puentes, excavaci\u00f3n de zanjas y acequias, construcci\u00f3n de sistemas de riego y conservaci\u00f3n de agua, explotaci\u00f3n de minas peque\u00f1as y otros proyectos. Chasis reforzado, ancho de v\u00eda, m\u00e1s fiable y duradero. Nueva cabina con operaci\u00f3n c\u00f3moda y segura y nueva apariencia de toda la m\u00e1quina;Dise\u00f1o mejorado de gran capacidad de la cuchara, nuevo tipo de cuchara optimizado, buena adaptabilidad a m\u00faltiples condiciones de trabajo, eficiencia de operaci\u00f3n muy mejorada.El desarrollo independiente del sistema de control inteligente, a trav\u00e9s de la regulaci\u00f3n autom\u00e1tica de la distribuci\u00f3n del flujo y el control preciso de adaptaci\u00f3n de potencia, la mina de carga pesada eficiente, de bajo consumo.<\/p>\n<h1>PAR\u00c1METROS<\/h1>\n<table>\n<tbody>\n<tr>\n<td width=\"0\"><\/td>\n<td colspan=\"2\" width=\"379\">\u00a0Modelo<\/td>\n<td width=\"56\">Unidad<\/td>\n<td width=\"122\"><strong><b>XE245GH<\/b><\/strong><\/td>\n<td width=\"0\"><\/td>\n<\/tr>\n<tr>\n<td width=\"0\"><\/td>\n<td colspan=\"2\" width=\"379\">\u00a0Peso operativo<\/td>\n<td width=\"56\">Kg<\/td>\n<td width=\"122\">25800<\/td>\n<td width=\"0\"><\/td>\n<\/tr>\n<tr>\n<td width=\"0\"><\/td>\n<td colspan=\"2\" width=\"379\">Capacidad de la cuchara<\/td>\n<td width=\"56\">m\u00b3<\/td>\n<td width=\"122\">0.9\uff5e1.5<\/td>\n<td width=\"0\"><\/td>\n<\/tr>\n<tr>\n<td colspan=\"2\" rowspan=\"10\" width=\"98\"><\/td>\n<td width=\"281\"><\/td>\n<td width=\"56\">\/<\/td>\n<td colspan=\"2\" width=\"123\">Cummins B7<\/td>\n<\/tr>\n<tr>\n<td width=\"281\">Inyecci\u00f3n el\u00e9ctrica<\/td>\n<td width=\"56\">\/<\/td>\n<td colspan=\"2\" width=\"123\">\u221a<\/td>\n<\/tr>\n<tr>\n<td width=\"281\">Cuatro golpes<\/td>\n<td width=\"56\">\/<\/td>\n<td colspan=\"2\" width=\"123\">\u221a<\/td>\n<\/tr>\n<tr>\n<td width=\"281\">\u00a0Refrigeraci\u00f3n por agua<\/td>\n<td width=\"56\">\/<\/td>\n<td colspan=\"2\" width=\"123\">\u221a<\/td>\n<\/tr>\n<tr>\n<td width=\"281\">Turboalimentaci\u00f3n<\/td>\n<td width=\"56\">\/<\/td>\n<td colspan=\"2\" width=\"123\">\u221a<\/td>\n<\/tr>\n<tr>\n<td width=\"281\">Intercooler aire-aire<\/td>\n<td width=\"56\">\/<\/td>\n<td colspan=\"2\" width=\"123\">\u221a<\/td>\n<\/tr>\n<tr>\n<td width=\"281\">\u00a0N\u00ba de cilindros<\/td>\n<td width=\"56\">\/<\/td>\n<td colspan=\"2\" width=\"123\">6<\/td>\n<\/tr>\n<tr>\n<td width=\"281\">Potencia nominal\/velocidad\uff08ISO\uff09<\/td>\n<td width=\"56\">kw\/rpm<\/td>\n<td colspan=\"2\" width=\"123\">150\/2000<\/td>\n<\/tr>\n<tr>\n<td width=\"281\">\u00a0Par\/velocidad m\u00e1ximos<\/td>\n<td width=\"56\">N.m<\/td>\n<td colspan=\"2\" width=\"123\">890\/1200<\/td>\n<\/tr>\n<tr>\n<td width=\"281\">\u00a0Desplazamiento<\/td>\n<td width=\"56\">L<\/td>\n<td colspan=\"2\" width=\"123\">6.7<\/td>\n<\/tr>\n<tr>\n<td colspan=\"2\" rowspan=\"7\" width=\"98\">Actuaci\u00f3n principal<\/td>\n<td width=\"281\">\u00a0Velocidad de desplazamiento\uff08H\/L)<\/td>\n<td width=\"56\">km\/h<\/td>\n<td colspan=\"2\" width=\"123\">5.0\/3.3<\/td>\n<\/tr>\n<tr>\n<td width=\"281\">\u00a0Velocidad de oscilaci\u00f3n<\/td>\n<td width=\"56\">r\/min<\/td>\n<td colspan=\"2\" width=\"123\">10.5<\/td>\n<\/tr>\n<tr>\n<td width=\"281\">Gradeabilidad<\/td>\n<td width=\"56\">\u00b0<\/td>\n<td colspan=\"2\" width=\"123\">\u226435<\/td>\n<\/tr>\n<tr>\n<td width=\"281\">Presi\u00f3n sobre el suelo<\/td>\n<td width=\"56\">kPa<\/td>\n<td colspan=\"2\" width=\"123\">53.5<\/td>\n<\/tr>\n<tr>\n<td width=\"281\">Fuerza de excavaci\u00f3n de la cuchara<\/td>\n<td width=\"56\">kN<\/td>\n<td colspan=\"2\" width=\"123\">172\/185<\/td>\n<\/tr>\n<tr>\n<td width=\"281\">Fuerza de excavaci\u00f3n del brazo<\/td>\n<td width=\"56\">kN<\/td>\n<td colspan=\"2\" width=\"123\">118\/129<\/td>\n<\/tr>\n<tr>\n<td width=\"281\">Fuerza de tracci\u00f3n m\u00e1xima<\/td>\n<td width=\"56\">kN<\/td>\n<td colspan=\"2\" width=\"123\">210<\/td>\n<\/tr>\n<tr>\n<td colspan=\"2\" rowspan=\"6\" width=\"98\">Sistema hidr\u00e1ulico<\/td>\n<td width=\"281\">Bomba principal<\/td>\n<td width=\"56\">\/<\/td>\n<td colspan=\"2\" width=\"123\">&nbsp;<\/p>\n<p>Dos bombas de pist\u00f3n<\/td>\n<\/tr>\n<tr>\n<td width=\"281\">Caudal nominal de la bomba principal<\/td>\n<td width=\"56\">L\/min<\/td>\n<td colspan=\"2\" width=\"123\">2\u00d7240<\/td>\n<\/tr>\n<tr>\n<td width=\"281\">Presi\u00f3n de la v\u00e1lvula de seguridad principal<\/td>\n<td width=\"56\">MPa<\/td>\n<td colspan=\"2\" width=\"123\">34.3\/37<\/td>\n<\/tr>\n<tr>\n<td width=\"281\">Presi\u00f3n del sistema de desplazamiento<\/td>\n<td width=\"56\">MPa<\/td>\n<td colspan=\"2\" width=\"123\">34.3<\/td>\n<\/tr>\n<tr>\n<td width=\"281\">Presi\u00f3n del sistema oscilante<\/td>\n<td width=\"56\">MPa<\/td>\n<td colspan=\"2\" width=\"123\">30.6<\/td>\n<\/tr>\n<tr>\n<td width=\"281\">Presi\u00f3n del sistema piloto<\/td>\n<td width=\"56\">MPa<\/td>\n<td colspan=\"2\" width=\"123\">3.9<\/td>\n<\/tr>\n<tr>\n<td colspan=\"2\" rowspan=\"3\" width=\"98\">Capacidad de aceite<\/td>\n<td width=\"281\">Capacidad del dep\u00f3sito<\/td>\n<td width=\"56\">L<\/td>\n<td colspan=\"2\" width=\"123\">400<\/td>\n<\/tr>\n<tr>\n<td width=\"281\">Capacidad del dep\u00f3sito hidr\u00e1ulico<\/td>\n<td width=\"56\">L<\/td>\n<td colspan=\"2\" width=\"123\">150<\/td>\n<\/tr>\n<tr>\n<td width=\"281\">Capacidad de aceite del motor<\/td>\n<td width=\"56\">L<\/td>\n<td colspan=\"2\" width=\"123\">30<\/td>\n<\/tr>\n<tr>\n<td colspan=\"2\" rowspan=\"13\" width=\"98\">Tama\u00f1o<\/td>\n<td width=\"281\">A Longitud total<\/td>\n<td width=\"56\">mm<\/td>\n<td colspan=\"2\" width=\"123\">10250<\/td>\n<\/tr>\n<tr>\n<td width=\"281\">B Anchura total<\/td>\n<td width=\"56\">mm<\/td>\n<td colspan=\"2\" width=\"123\">3190<\/td>\n<\/tr>\n<tr>\n<td width=\"281\">C Altura total<\/td>\n<td width=\"56\">mm<\/td>\n<td colspan=\"2\" width=\"123\">3300<\/td>\n<\/tr>\n<tr>\n<td width=\"281\">D Anchura de la plataforma<\/td>\n<td width=\"56\">mm<\/td>\n<td colspan=\"2\" width=\"123\">2995<\/td>\n<\/tr>\n<tr>\n<td width=\"281\">E Longitud de v\u00eda<\/td>\n<td width=\"56\">mm<\/td>\n<td colspan=\"2\" width=\"123\">4445<\/td>\n<\/tr>\n<tr>\n<td width=\"281\">F Anchura total del chasis<\/td>\n<td width=\"56\">mm<\/td>\n<td colspan=\"2\" width=\"123\">3190<\/td>\n<\/tr>\n<tr>\n<td width=\"281\">G Anchura del calzado<\/td>\n<td width=\"56\">mm<\/td>\n<td colspan=\"2\" width=\"123\">600<\/td>\n<\/tr>\n<tr>\n<td width=\"281\">H Distancia entre ejes de la oruga<\/td>\n<td width=\"56\">mm<\/td>\n<td colspan=\"2\" width=\"123\">3650<\/td>\n<\/tr>\n<tr>\n<td width=\"281\">I Ancho de v\u00eda<\/td>\n<td width=\"56\">mm<\/td>\n<td colspan=\"2\" width=\"123\">2590<\/td>\n<\/tr>\n<tr>\n<td width=\"281\">J Distancia del contrapeso<\/td>\n<td width=\"56\">mm<\/td>\n<td colspan=\"2\" width=\"123\">1140<\/td>\n<\/tr>\n<tr>\n<td width=\"281\">K Distancia m\u00ednima al suelo<\/td>\n<td width=\"56\">mm<\/td>\n<td colspan=\"2\" width=\"123\">481<\/td>\n<\/tr>\n<tr>\n<td width=\"281\">L Radio m\u00edn. de giro de la cola<\/td>\n<td width=\"56\">mm<\/td>\n<td colspan=\"2\" width=\"123\">3025<\/td>\n<\/tr>\n<tr>\n<td width=\"281\">M Altura de la v\u00eda<\/td>\n<td width=\"56\">mm<\/td>\n<td colspan=\"2\" width=\"123\">945<\/td>\n<\/tr>\n<tr>\n<td colspan=\"2\" rowspan=\"6\" width=\"98\">\u4f5c\u4e1a\u8303\u56f4<br \/>\n\u00c1mbito de trabajo<\/td>\n<td width=\"281\">A Altura m\u00e1xima de excavaci\u00f3n<\/td>\n<td width=\"56\">mm<\/td>\n<td colspan=\"2\" width=\"123\">10095<\/td>\n<\/tr>\n<tr>\n<td width=\"281\">B Altura m\u00e1x. de descarga<\/td>\n<td width=\"56\">mm<\/td>\n<td colspan=\"2\" width=\"123\">7170<\/td>\n<\/tr>\n<tr>\n<td width=\"281\">C Profundidad m\u00e1xima de excavaci\u00f3n<\/td>\n<td width=\"56\">mm<\/td>\n<td colspan=\"2\" width=\"123\">6925<\/td>\n<\/tr>\n<tr>\n<td width=\"281\">D Profundidad m\u00e1xima de corte para un fondo nivelado de 2240 mm (8 pies)<\/td>\n<td width=\"56\">mm<\/td>\n<td colspan=\"2\" width=\"123\">6695<\/td>\n<\/tr>\n<tr>\n<td width=\"281\">E Radio de excavaci\u00f3n m\u00e1x.<\/td>\n<td width=\"56\">mm<\/td>\n<td colspan=\"2\" width=\"123\">10240<\/td>\n<\/tr>\n<tr>\n<td width=\"281\">F Radio de giro m\u00edn.<\/td>\n<td width=\"56\">mm<\/td>\n<td colspan=\"2\" width=\"123\">3490<\/td>\n<\/tr>\n<tr>\n<td colspan=\"2\" rowspan=\"3\" width=\"98\">Est\u00e1ndar<\/td>\n<td width=\"281\">Longitud de la pluma<\/td>\n<td width=\"56\">mm<\/td>\n<td colspan=\"2\" width=\"123\">6000<\/td>\n<\/tr>\n<tr>\n<td width=\"281\">Longitud del brazo<\/td>\n<td width=\"56\">mm<\/td>\n<td colspan=\"2\" width=\"123\">2964<\/td>\n<\/tr>\n<tr>\n<td width=\"281\">Capacidad de la cuchara<\/td>\n<td width=\"56\">m\u00b3<\/td>\n<td colspan=\"2\" width=\"123\">1.4<\/td>\n<\/tr>\n<tr>\n<td colspan=\"2\" rowspan=\"3\" width=\"98\">Opcional<\/td>\n<td width=\"281\">Longitud de la pluma<\/td>\n<td width=\"56\">mm<\/td>\n<td colspan=\"2\" width=\"123\">\/<\/td>\n<\/tr>\n<tr>\n<td width=\"281\">Longitud del brazo<\/td>\n<td width=\"56\">mm<\/td>\n<td colspan=\"2\" width=\"123\">2500<\/td>\n<\/tr>\n<tr>\n<td width=\"281\">Capacidad de la cuchara<\/td>\n<td width=\"56\">m\u00b3<\/td>\n<td colspan=\"2\" width=\"123\">1,2\uff5e1,5(\u571f\u65b9\u6597)<\/p>\n<p>1.1\uff5e1.4(\u52a0\u5f3a\u6597)<\/p>\n<p>0,9\uff5e1,2(\u5ca9\u77f3\u6597)<\/td>\n<\/tr>\n<\/tbody>\n<\/table>\n<p><img fetchpriority=\"high\" decoding=\"async\" class=\"alignnone size-medium wp-image-2696\" src=\"https:\/\/www.hcxmachinery.com\/wp-content\/uploads\/2025\/05\/XE245GH-04_WH_800x800px-300x300.webp\" alt=\"\" width=\"300\" height=\"300\" title=\"\" srcset=\"https:\/\/www.hcxmachinery.com\/wp-content\/uploads\/2025\/05\/XE245GH-04_WH_800x800px-300x300.webp 300w, https:\/\/www.hcxmachinery.com\/wp-content\/uploads\/2025\/05\/XE245GH-04_WH_800x800px-150x150.webp 150w, https:\/\/www.hcxmachinery.com\/wp-content\/uploads\/2025\/05\/XE245GH-04_WH_800x800px-768x768.webp 768w, https:\/\/www.hcxmachinery.com\/wp-content\/uploads\/2025\/05\/XE245GH-04_WH_800x800px-600x600.webp 600w, https:\/\/www.hcxmachinery.com\/wp-content\/uploads\/2025\/05\/XE245GH-04_WH_800x800px-100x100.webp 100w, https:\/\/www.hcxmachinery.com\/wp-content\/uploads\/2025\/05\/XE245GH-04_WH_800x800px.webp 800w\" sizes=\"(max-width: 300px) 100vw, 300px\" \/> <img decoding=\"async\" class=\"alignnone size-medium wp-image-2695\" src=\"https:\/\/www.hcxmachinery.com\/wp-content\/uploads\/2025\/05\/XE245GH-03_WH_800x800px-300x300.webp\" alt=\"\" width=\"300\" height=\"300\" title=\"\" srcset=\"https:\/\/www.hcxmachinery.com\/wp-content\/uploads\/2025\/05\/XE245GH-03_WH_800x800px-300x300.webp 300w, https:\/\/www.hcxmachinery.com\/wp-content\/uploads\/2025\/05\/XE245GH-03_WH_800x800px-150x150.webp 150w, https:\/\/www.hcxmachinery.com\/wp-content\/uploads\/2025\/05\/XE245GH-03_WH_800x800px-768x768.webp 768w, https:\/\/www.hcxmachinery.com\/wp-content\/uploads\/2025\/05\/XE245GH-03_WH_800x800px-600x600.webp 600w, https:\/\/www.hcxmachinery.com\/wp-content\/uploads\/2025\/05\/XE245GH-03_WH_800x800px-100x100.webp 100w, https:\/\/www.hcxmachinery.com\/wp-content\/uploads\/2025\/05\/XE245GH-03_WH_800x800px.webp 800w\" sizes=\"(max-width: 300px) 100vw, 300px\" \/> <img decoding=\"async\" class=\"alignnone size-medium wp-image-2694\" src=\"https:\/\/www.hcxmachinery.com\/wp-content\/uploads\/2025\/05\/XE245GH-02_WH_800x800px-300x300.webp\" alt=\"\" width=\"300\" height=\"300\" title=\"\" srcset=\"https:\/\/www.hcxmachinery.com\/wp-content\/uploads\/2025\/05\/XE245GH-02_WH_800x800px-300x300.webp 300w, https:\/\/www.hcxmachinery.com\/wp-content\/uploads\/2025\/05\/XE245GH-02_WH_800x800px-150x150.webp 150w, https:\/\/www.hcxmachinery.com\/wp-content\/uploads\/2025\/05\/XE245GH-02_WH_800x800px-768x768.webp 768w, https:\/\/www.hcxmachinery.com\/wp-content\/uploads\/2025\/05\/XE245GH-02_WH_800x800px-600x600.webp 600w, https:\/\/www.hcxmachinery.com\/wp-content\/uploads\/2025\/05\/XE245GH-02_WH_800x800px-100x100.webp 100w, https:\/\/www.hcxmachinery.com\/wp-content\/uploads\/2025\/05\/XE245GH-02_WH_800x800px.webp 800w\" sizes=\"(max-width: 300px) 100vw, 300px\" \/> <img loading=\"lazy\" decoding=\"async\" class=\"alignnone size-medium wp-image-2693\" src=\"https:\/\/www.hcxmachinery.com\/wp-content\/uploads\/2025\/05\/XE245GH-01_WH_800x800px-300x300.webp\" alt=\"\" width=\"300\" height=\"300\" title=\"\" srcset=\"https:\/\/www.hcxmachinery.com\/wp-content\/uploads\/2025\/05\/XE245GH-01_WH_800x800px-300x300.webp 300w, https:\/\/www.hcxmachinery.com\/wp-content\/uploads\/2025\/05\/XE245GH-01_WH_800x800px-150x150.webp 150w, https:\/\/www.hcxmachinery.com\/wp-content\/uploads\/2025\/05\/XE245GH-01_WH_800x800px-768x768.webp 768w, https:\/\/www.hcxmachinery.com\/wp-content\/uploads\/2025\/05\/XE245GH-01_WH_800x800px-600x600.webp 600w, https:\/\/www.hcxmachinery.com\/wp-content\/uploads\/2025\/05\/XE245GH-01_WH_800x800px-100x100.webp 100w, https:\/\/www.hcxmachinery.com\/wp-content\/uploads\/2025\/05\/XE245GH-01_WH_800x800px.webp 800w\" sizes=\"(max-width: 300px) 100vw, 300px\" \/><\/p>","protected":false},"excerpt":{"rendered":"<p>XE245GH It is widely used in earthworks, municipal construction, highway and bridge construction, ditches and ditches digging, irrigation and water [&hellip;]<\/p>","protected":false},"featured_media":2697,"template":"","meta":{"_acf_changed":false,"site-sidebar-layout":"default","site-content-layout":"","ast-site-content-layout":"default","site-content-style":"default","site-sidebar-style":"default","ast-global-header-display":"","ast-banner-title-visibility":"","ast-main-header-display":"","ast-hfb-above-header-display":"","ast-hfb-below-header-display":"","ast-hfb-mobile-header-display":"","site-post-title":"","ast-breadcrumbs-content":"","ast-featured-img":"","footer-sml-layout":"","theme-transparent-header-meta":"default","adv-header-id-meta":"","stick-header-meta":"default","header-above-stick-meta":"","header-main-stick-meta":"","header-below-stick-meta":"","astra-migrate-meta-layouts":"set","ast-page-background-enabled":"default","ast-page-background-meta":{"desktop":{"background-color":"var(--ast-global-color-4)","background-image":"","background-repeat":"repeat","background-position":"center center","background-size":"auto","background-attachment":"scroll","background-type":"","background-media":"","overlay-type":"","overlay-color":"","overlay-opacity":"","overlay-gradient":""},"tablet":{"background-color":"","background-image":"","background-repeat":"repeat","background-position":"center center","background-size":"auto","background-attachment":"scroll","background-type":"","background-media":"","overlay-type":"","overlay-color":"","overlay-opacity":"","overlay-gradient":""},"mobile":{"background-color":"","background-image":"","background-repeat":"repeat","background-position":"center center","background-size":"auto","background-attachment":"scroll","background-type":"","background-media":"","overlay-type":"","overlay-color":"","overlay-opacity":"","overlay-gradient":""}},"ast-content-background-meta":{"desktop":{"background-color":"var(--ast-global-color-5)","background-image":"","background-repeat":"repeat","background-position":"center center","background-size":"auto","background-attachment":"scroll","background-type":"","background-media":"","overlay-type":"","overlay-color":"","overlay-opacity":"","overlay-gradient":""},"tablet":{"background-color":"var(--ast-global-color-5)","background-image":"","background-repeat":"repeat","background-position":"center center","background-size":"auto","background-attachment":"scroll","background-type":"","background-media":"","overlay-type":"","overlay-color":"","overlay-opacity":"","overlay-gradient":""},"mobile":{"background-color":"var(--ast-global-color-5)","background-image":"","background-repeat":"repeat","background-position":"center center","background-size":"auto","background-attachment":"scroll","background-type":"","background-media":"","overlay-type":"","overlay-color":"","overlay-opacity":"","overlay-gradient":""}}},"product_cat":[19,36],"product_tag":[],"class_list":{"0":"post-2692","1":"product","2":"type-product","3":"status-publish","4":"has-post-thumbnail","6":"product_cat-excavator","7":"product_cat-medium-excavator","8":"desktop-align-left","9":"tablet-align-left","10":"mobile-align-left","11":"ast-product-gallery-layout-horizontal-slider","12":"ast-magnify-disabled","13":"ast-product-tabs-layout-horizontal","15":"first","16":"instock","17":"shipping-taxable","18":"product-type-simple"},"acf":[],"_links":{"self":[{"href":"https:\/\/www.hcxmachinery.com\/es\/wp-json\/wp\/v2\/product\/2692"}],"collection":[{"href":"https:\/\/www.hcxmachinery.com\/es\/wp-json\/wp\/v2\/product"}],"about":[{"href":"https:\/\/www.hcxmachinery.com\/es\/wp-json\/wp\/v2\/types\/product"}],"version-history":[{"count":7,"href":"https:\/\/www.hcxmachinery.com\/es\/wp-json\/wp\/v2\/product\/2692\/revisions"}],"predecessor-version":[{"id":3436,"href":"https:\/\/www.hcxmachinery.com\/es\/wp-json\/wp\/v2\/product\/2692\/revisions\/3436"}],"wp:featuredmedia":[{"embeddable":true,"href":"https:\/\/www.hcxmachinery.com\/es\/wp-json\/wp\/v2\/media\/2697"}],"wp:attachment":[{"href":"https:\/\/www.hcxmachinery.com\/es\/wp-json\/wp\/v2\/media?parent=2692"}],"wp:term":[{"taxonomy":"product_cat","embeddable":true,"href":"https:\/\/www.hcxmachinery.com\/es\/wp-json\/wp\/v2\/product_cat?post=2692"},{"taxonomy":"product_tag","embeddable":true,"href":"https:\/\/www.hcxmachinery.com\/es\/wp-json\/wp\/v2\/product_tag?post=2692"}],"curies":[{"name":"wp","href":"https:\/\/api.w.org\/{rel}","templated":true}]}}