{"id":2575,"date":"2025-04-11T08:36:11","date_gmt":"2025-04-11T08:36:11","guid":{"rendered":"https:\/\/www.hcxmachinery.com\/?post_type=product&#038;p=2575"},"modified":"2025-12-08T07:59:04","modified_gmt":"2025-12-08T07:59:04","slug":"buena-calidad-xe135ga-excavadora-usada-en-venta","status":"publish","type":"product","link":"https:\/\/www.hcxmachinery.com\/es\/producto\/buena-calidad-xe135ga-excavadora-usada-en-venta\/","title":{"rendered":"Buena Calidad XE135GA Used Excavator En Venta"},"content":{"rendered":"<h2>XE135GA<\/h2>\n<p>La excavadora hidr\u00e1ulica est\u00e1 equipada con un motor de baja velocidad y alto par con alta eficiencia y bajo consumo de combustible. El undercarrige grande y el amortiguador piloto son m\u00e1s estables y c\u00f3modos de operar; las piezas de mantenimiento se mueven hacia el exterior, el per\u00edodo de mantenimiento se extiende, el mantenimiento es m\u00e1s conveniente; una variedad de accesorios opcionales, as\u00ed como funciones de control de adaptaci\u00f3n de altitud, la adaptabilidad del medio ambiente es mejor. Puede ser ampliamente utilizado en obras de tierra y piedra de tama\u00f1o peque\u00f1o y mediano, construcci\u00f3n de carreteras y puentes, excavaci\u00f3n de zanjas y construcci\u00f3n, conservaci\u00f3n de agua de tierras agr\u00edcolas, dragado de r\u00edos y construcci\u00f3n municipal. Tambi\u00e9n puede realizar diferentes operaciones como excavar, triturar y desmontar, y es muy adaptable a las condiciones de trabajo.<\/p>\n<h2>PAR\u00c1METROS<\/h2>\n<table style=\"height: 3784px;\" width=\"989\">\n<tbody>\n<tr>\n<td colspan=\"2\" width=\"69.3600%\">\u00a0Modelo<\/td>\n<td width=\"10.2000%\">Unidad<\/td>\n<td width=\"20.4200%\"><strong><b>XE135GA<\/b><\/strong><\/td>\n<\/tr>\n<tr>\n<td colspan=\"2\" width=\"69.3600%\">Peso operativo<\/td>\n<td width=\"10.2000%\">Kg<\/td>\n<td width=\"20.4200%\">13500<\/td>\n<\/tr>\n<tr>\n<td colspan=\"2\" width=\"69.3600%\">Capacidad de la cuchara<\/td>\n<td width=\"10.2000%\">m\u00b3<\/td>\n<td width=\"20.4200%\">0.32\uff5e0.61<\/td>\n<\/tr>\n<tr>\n<td rowspan=\"10\" width=\"14.9800%\">\u00a0Motor<\/td>\n<td width=\"54.3800%\">Modelo<\/td>\n<td width=\"10.2000%\">\/<\/td>\n<td width=\"20.4200%\">F4.5CS4119<\/td>\n<\/tr>\n<tr>\n<td width=\"54.3800%\">Inyecci\u00f3n directa<\/td>\n<td width=\"10.2000%\">\/<\/td>\n<td width=\"20.4200%\">\u221a<\/td>\n<\/tr>\n<tr>\n<td width=\"54.3800%\">Cuatro golpes<\/td>\n<td width=\"10.2000%\">\/<\/td>\n<td width=\"20.4200%\">\u221a<\/td>\n<\/tr>\n<tr>\n<td width=\"54.3800%\">\u00a0Refrigerado por agua<\/td>\n<td width=\"10.2000%\">\/<\/td>\n<td width=\"20.4200%\">\u221a<\/td>\n<\/tr>\n<tr>\n<td width=\"54.3800%\">Con turbocompresor<\/td>\n<td width=\"10.2000%\">\/<\/td>\n<td width=\"20.4200%\">\u221a<\/td>\n<\/tr>\n<tr>\n<td width=\"54.3800%\">Intercooler aire-aire<\/td>\n<td width=\"10.2000%\">\/<\/td>\n<td width=\"20.4200%\">\u221a<\/td>\n<\/tr>\n<tr>\n<td width=\"54.3800%\">\u00a0N\u00famero de cilindros<\/td>\n<td width=\"10.2000%\">\/<\/td>\n<td width=\"20.4200%\">4<\/td>\n<\/tr>\n<tr>\n<td width=\"54.3800%\">Potencia nominal\/velocidad\uff08ISO\uff09<\/td>\n<td width=\"10.2000%\">kw\/rpm<\/td>\n<td width=\"20.4200%\">89\/2200<\/td>\n<\/tr>\n<tr>\n<td width=\"54.3800%\">\u00a0Par\/velocidad m\u00e1ximos<\/td>\n<td width=\"10.2000%\">N.m<\/td>\n<td width=\"20.4200%\">500\/1300<\/td>\n<\/tr>\n<tr>\n<td width=\"54.3800%\">Cilindrada del pist\u00f3n<\/td>\n<td width=\"10.2000%\">L<\/td>\n<td width=\"20.4200%\">4.5<\/td>\n<\/tr>\n<tr>\n<td rowspan=\"7\" width=\"14.9800%\">Actuaci\u00f3n principal<\/td>\n<td width=\"54.3800%\">Velocidad de desplazamiento\uff08H\/L)<\/td>\n<td width=\"10.2000%\">km\/h<\/td>\n<td width=\"20.4200%\">5.3\/3.0<\/td>\n<\/tr>\n<tr>\n<td width=\"54.3800%\">Velocidad de oscilaci\u00f3n<\/td>\n<td width=\"10.2000%\">r\/min<\/td>\n<td width=\"20.4200%\">10.9<\/td>\n<\/tr>\n<tr>\n<td width=\"54.3800%\">Gradeabilidad<\/td>\n<td width=\"10.2000%\">\u00b0<\/td>\n<td width=\"20.4200%\">\u226435<\/td>\n<\/tr>\n<tr>\n<td width=\"54.3800%\">Presi\u00f3n sobre el suelo<\/td>\n<td width=\"10.2000%\">kPa<\/td>\n<td width=\"20.4200%\">41<\/td>\n<\/tr>\n<tr>\n<td width=\"54.3800%\">Fuerza de excavaci\u00f3n de la cuchara<\/td>\n<td width=\"10.2000%\">kN<\/td>\n<td width=\"20.4200%\">99<\/td>\n<\/tr>\n<tr>\n<td width=\"54.3800%\">Fuerza de excavaci\u00f3n del brazo<\/td>\n<td width=\"10.2000%\">kN<\/td>\n<td width=\"20.4200%\">74<\/td>\n<\/tr>\n<tr>\n<td width=\"54.3800%\">\u00a0Fuerza de tracci\u00f3n m\u00e1xima<\/td>\n<td width=\"10.2000%\">kN<\/td>\n<td width=\"20.4200%\">134<\/td>\n<\/tr>\n<tr>\n<td rowspan=\"6\" width=\"14.9800%\">Sistema hidr\u00e1ulico<\/td>\n<td width=\"54.3800%\">Bomba principal<\/td>\n<td width=\"10.2000%\">\/<\/td>\n<td width=\"20.4200%\">&nbsp;<\/p>\n<p>Bomba variable<\/td>\n<\/tr>\n<tr>\n<td width=\"54.3800%\">Caudal nominal de la bomba principal<\/td>\n<td width=\"10.2000%\">L\/min<\/td>\n<td width=\"20.4200%\">2\u00d7124<\/td>\n<\/tr>\n<tr>\n<td width=\"54.3800%\">Presi\u00f3n de ajuste de la v\u00e1lvula de alivio<\/td>\n<td width=\"10.2000%\">MPa<\/td>\n<td width=\"20.4200%\">31.4\/34.3<\/td>\n<\/tr>\n<tr>\n<td width=\"54.3800%\">Presi\u00f3n del sistema de desplazamiento<\/td>\n<td width=\"10.2000%\">MPa<\/td>\n<td width=\"20.4200%\">34.4<\/td>\n<\/tr>\n<tr>\n<td width=\"54.3800%\">Presi\u00f3n del sistema oscilante<\/td>\n<td width=\"10.2000%\">MPa<\/td>\n<td width=\"20.4200%\">25<\/td>\n<\/tr>\n<tr>\n<td width=\"54.3800%\">Presi\u00f3n del sistema piloto<\/td>\n<td width=\"10.2000%\">MPa<\/td>\n<td width=\"20.4200%\">3.9<\/td>\n<\/tr>\n<tr>\n<td rowspan=\"3\" width=\"14.9800%\">Capacidad de aceite<\/td>\n<td width=\"54.3800%\">Capacidad del dep\u00f3sito<\/td>\n<td width=\"10.2000%\">L<\/td>\n<td width=\"20.4200%\">240<\/td>\n<\/tr>\n<tr>\n<td width=\"54.3800%\">Capacidad del dep\u00f3sito hidr\u00e1ulico<\/td>\n<td width=\"10.2000%\">L<\/td>\n<td width=\"20.4200%\">95<\/td>\n<\/tr>\n<tr>\n<td width=\"54.3800%\">Capacidad de aceite del motor<\/td>\n<td width=\"10.2000%\">L<\/td>\n<td width=\"20.4200%\">11<\/td>\n<\/tr>\n<tr>\n<td rowspan=\"13\" width=\"14.9800%\">Tama\u00f1o<\/td>\n<td width=\"54.3800%\">\u00a0Longitud total<\/td>\n<td width=\"10.2000%\">mm<\/td>\n<td width=\"20.4200%\">7825<\/td>\n<\/tr>\n<tr>\n<td width=\"54.3800%\">\u00a0Anchura total<\/td>\n<td width=\"10.2000%\">mm<\/td>\n<td width=\"20.4200%\">2525<\/td>\n<\/tr>\n<tr>\n<td width=\"54.3800%\">\u00a0Altura total<\/td>\n<td width=\"10.2000%\">mm<\/td>\n<td width=\"20.4200%\">2950<\/td>\n<\/tr>\n<tr>\n<td width=\"54.3800%\">\u00a0Anchura de la plataforma<\/td>\n<td width=\"10.2000%\">mm<\/td>\n<td width=\"20.4200%\">2490<\/td>\n<\/tr>\n<tr>\n<td width=\"54.3800%\">Longitud de la v\u00eda<\/td>\n<td width=\"10.2000%\">mm<\/td>\n<td width=\"20.4200%\">3648<\/td>\n<\/tr>\n<tr>\n<td width=\"54.3800%\">Anchura total del tren de rodaje<\/td>\n<td width=\"10.2000%\">mm<\/td>\n<td width=\"20.4200%\">2490<\/td>\n<\/tr>\n<tr>\n<td width=\"54.3800%\">Ancho de zapata<\/td>\n<td width=\"10.2000%\">mm<\/td>\n<td width=\"20.4200%\">500<\/td>\n<\/tr>\n<tr>\n<td width=\"54.3800%\">Distancia del vaso<\/td>\n<td width=\"10.2000%\">mm<\/td>\n<td width=\"20.4200%\">2918<\/td>\n<\/tr>\n<tr>\n<td width=\"54.3800%\">Ancho de v\u00eda<\/td>\n<td width=\"10.2000%\">mm<\/td>\n<td width=\"20.4200%\">1990<\/td>\n<\/tr>\n<tr>\n<td width=\"54.3800%\">\u00a0Distancia del contrapeso<\/td>\n<td width=\"10.2000%\">mm<\/td>\n<td width=\"20.4200%\">931<\/td>\n<\/tr>\n<tr>\n<td width=\"54.3800%\">Distancia m\u00ednima al suelo<\/td>\n<td width=\"10.2000%\">mm<\/td>\n<td width=\"20.4200%\">466<\/td>\n<\/tr>\n<tr>\n<td width=\"54.3800%\">Radio m\u00ednimo de giro de la cola<\/td>\n<td width=\"10.2000%\">mm<\/td>\n<td width=\"20.4200%\">2360<\/td>\n<\/tr>\n<tr>\n<td width=\"54.3800%\">Altura de la v\u00eda<\/td>\n<td width=\"10.2000%\">mm<\/td>\n<td width=\"20.4200%\">802<\/td>\n<\/tr>\n<tr>\n<td rowspan=\"7\" width=\"14.9800%\">\u00c1mbito de trabajo<\/td>\n<td width=\"54.3800%\">Altura m\u00e1xima de excavaci\u00f3n<\/td>\n<td width=\"10.2000%\">mm<\/td>\n<td width=\"20.4200%\">8620<\/td>\n<\/tr>\n<tr>\n<td width=\"54.3800%\">Altura m\u00e1xima de descarga<\/td>\n<td width=\"10.2000%\">mm<\/td>\n<td width=\"20.4200%\">6175<\/td>\n<\/tr>\n<tr>\n<td width=\"54.3800%\">Profundidad m\u00e1xima de excavaci\u00f3n<\/td>\n<td width=\"10.2000%\">mm<\/td>\n<td width=\"20.4200%\">5545<\/td>\n<\/tr>\n<tr>\n<td width=\"54.3800%\">Profundidad m\u00e1xima de corte para un fondo nivelado de 8 pies<\/td>\n<td width=\"10.2000%\">mm<\/td>\n<td width=\"20.4200%\">5335<\/td>\n<\/tr>\n<tr>\n<td width=\"54.3800%\">Profundidad m\u00e1xima de excavaci\u00f3n vertical<\/td>\n<td width=\"10.2000%\">mm<\/td>\n<td width=\"20.4200%\">4575<\/td>\n<\/tr>\n<tr>\n<td width=\"54.3800%\">Radio m\u00e1ximo de excavaci\u00f3n<\/td>\n<td width=\"10.2000%\">mm<\/td>\n<td width=\"20.4200%\">8295<\/td>\n<\/tr>\n<tr>\n<td width=\"54.3800%\">Radio m\u00ednimo de giro<\/td>\n<td width=\"10.2000%\">mm<\/td>\n<td width=\"20.4200%\">2445<\/td>\n<\/tr>\n<tr>\n<td rowspan=\"3\" width=\"14.9800%\">Est\u00e1ndar<\/td>\n<td width=\"54.3800%\">Longitud de la pluma<\/td>\n<td width=\"10.2000%\">mm<\/td>\n<td width=\"20.4200%\">4600<\/td>\n<\/tr>\n<tr>\n<td width=\"54.3800%\">Longitud del brazo<\/td>\n<td width=\"10.2000%\">mm<\/td>\n<td width=\"20.4200%\">2520<\/td>\n<\/tr>\n<tr>\n<td width=\"54.3800%\">Capacidad de la cuchara<\/td>\n<td width=\"10.2000%\">m\u00b3<\/td>\n<td width=\"20.4200%\">0.55<\/td>\n<\/tr>\n<tr>\n<td rowspan=\"3\" width=\"14.9800%\">Opcional<\/td>\n<td width=\"54.3800%\">Longitud de la pluma<\/td>\n<td width=\"10.2000%\">mm<\/td>\n<td width=\"20.4200%\">&#8211;<\/td>\n<\/tr>\n<tr>\n<td width=\"54.3800%\">Longitud del brazo<\/td>\n<td width=\"10.2000%\">mm<\/td>\n<td width=\"20.4200%\">2100\/3010<\/td>\n<\/tr>\n<tr>\n<td width=\"54.3800%\">Capacidad de la cuchara<\/td>\n<td width=\"10.2000%\">m\u00b3<\/td>\n<td width=\"20.4200%\">0,32\/0,4\/0,61(Cubo de tierra)<\/td>\n<\/tr>\n<\/tbody>\n<\/table>\n<p><img fetchpriority=\"high\" decoding=\"async\" class=\"alignnone size-medium wp-image-2577\" src=\"https:\/\/www.hcxmachinery.com\/wp-content\/uploads\/2025\/04\/XE135GA-01_WH_800x800px_WH_800x800px-300x300.webp\" alt=\"\" width=\"300\" height=\"300\" title=\"\" srcset=\"https:\/\/www.hcxmachinery.com\/wp-content\/uploads\/2025\/04\/XE135GA-01_WH_800x800px_WH_800x800px-300x300.webp 300w, https:\/\/www.hcxmachinery.com\/wp-content\/uploads\/2025\/04\/XE135GA-01_WH_800x800px_WH_800x800px-150x150.webp 150w, https:\/\/www.hcxmachinery.com\/wp-content\/uploads\/2025\/04\/XE135GA-01_WH_800x800px_WH_800x800px-768x768.webp 768w, https:\/\/www.hcxmachinery.com\/wp-content\/uploads\/2025\/04\/XE135GA-01_WH_800x800px_WH_800x800px-600x600.webp 600w, https:\/\/www.hcxmachinery.com\/wp-content\/uploads\/2025\/04\/XE135GA-01_WH_800x800px_WH_800x800px-100x100.webp 100w, https:\/\/www.hcxmachinery.com\/wp-content\/uploads\/2025\/04\/XE135GA-01_WH_800x800px_WH_800x800px.webp 800w\" sizes=\"(max-width: 300px) 100vw, 300px\" \/> <img decoding=\"async\" class=\"alignnone size-medium wp-image-2578\" src=\"https:\/\/www.hcxmachinery.com\/wp-content\/uploads\/2025\/04\/XE135GA-02_WH_800x800px_WH_800x800px-300x300.webp\" alt=\"\" width=\"300\" height=\"300\" title=\"\" srcset=\"https:\/\/www.hcxmachinery.com\/wp-content\/uploads\/2025\/04\/XE135GA-02_WH_800x800px_WH_800x800px-300x300.webp 300w, https:\/\/www.hcxmachinery.com\/wp-content\/uploads\/2025\/04\/XE135GA-02_WH_800x800px_WH_800x800px-150x150.webp 150w, https:\/\/www.hcxmachinery.com\/wp-content\/uploads\/2025\/04\/XE135GA-02_WH_800x800px_WH_800x800px-768x768.webp 768w, https:\/\/www.hcxmachinery.com\/wp-content\/uploads\/2025\/04\/XE135GA-02_WH_800x800px_WH_800x800px-600x600.webp 600w, https:\/\/www.hcxmachinery.com\/wp-content\/uploads\/2025\/04\/XE135GA-02_WH_800x800px_WH_800x800px-100x100.webp 100w, https:\/\/www.hcxmachinery.com\/wp-content\/uploads\/2025\/04\/XE135GA-02_WH_800x800px_WH_800x800px.webp 800w\" sizes=\"(max-width: 300px) 100vw, 300px\" \/> <img decoding=\"async\" class=\"alignnone size-medium wp-image-2579\" src=\"https:\/\/www.hcxmachinery.com\/wp-content\/uploads\/2025\/04\/XE135GA-03_WH_800x800px_WH_800x800px-300x300.webp\" alt=\"\" width=\"300\" height=\"300\" title=\"\" srcset=\"https:\/\/www.hcxmachinery.com\/wp-content\/uploads\/2025\/04\/XE135GA-03_WH_800x800px_WH_800x800px-300x300.webp 300w, https:\/\/www.hcxmachinery.com\/wp-content\/uploads\/2025\/04\/XE135GA-03_WH_800x800px_WH_800x800px-150x150.webp 150w, https:\/\/www.hcxmachinery.com\/wp-content\/uploads\/2025\/04\/XE135GA-03_WH_800x800px_WH_800x800px-768x768.webp 768w, https:\/\/www.hcxmachinery.com\/wp-content\/uploads\/2025\/04\/XE135GA-03_WH_800x800px_WH_800x800px-600x600.webp 600w, https:\/\/www.hcxmachinery.com\/wp-content\/uploads\/2025\/04\/XE135GA-03_WH_800x800px_WH_800x800px-100x100.webp 100w, https:\/\/www.hcxmachinery.com\/wp-content\/uploads\/2025\/04\/XE135GA-03_WH_800x800px_WH_800x800px.webp 800w\" sizes=\"(max-width: 300px) 100vw, 300px\" \/> <img loading=\"lazy\" decoding=\"async\" class=\"alignnone size-medium wp-image-2580\" src=\"https:\/\/www.hcxmachinery.com\/wp-content\/uploads\/2025\/04\/XE135GA-04_WH_800x800px_WH_800x800px-300x300.webp\" alt=\"\" width=\"300\" height=\"300\" title=\"\" srcset=\"https:\/\/www.hcxmachinery.com\/wp-content\/uploads\/2025\/04\/XE135GA-04_WH_800x800px_WH_800x800px-300x300.webp 300w, https:\/\/www.hcxmachinery.com\/wp-content\/uploads\/2025\/04\/XE135GA-04_WH_800x800px_WH_800x800px-150x150.webp 150w, https:\/\/www.hcxmachinery.com\/wp-content\/uploads\/2025\/04\/XE135GA-04_WH_800x800px_WH_800x800px-768x768.webp 768w, https:\/\/www.hcxmachinery.com\/wp-content\/uploads\/2025\/04\/XE135GA-04_WH_800x800px_WH_800x800px-600x600.webp 600w, https:\/\/www.hcxmachinery.com\/wp-content\/uploads\/2025\/04\/XE135GA-04_WH_800x800px_WH_800x800px-100x100.webp 100w, https:\/\/www.hcxmachinery.com\/wp-content\/uploads\/2025\/04\/XE135GA-04_WH_800x800px_WH_800x800px.webp 800w\" sizes=\"(max-width: 300px) 100vw, 300px\" \/> <img loading=\"lazy\" decoding=\"async\" class=\"alignnone size-medium wp-image-2581\" src=\"https:\/\/www.hcxmachinery.com\/wp-content\/uploads\/2025\/04\/XE135GA-05_WH_800x800px_WH_800x800px-300x300.webp\" alt=\"\" width=\"300\" height=\"300\" title=\"\" srcset=\"https:\/\/www.hcxmachinery.com\/wp-content\/uploads\/2025\/04\/XE135GA-05_WH_800x800px_WH_800x800px-300x300.webp 300w, https:\/\/www.hcxmachinery.com\/wp-content\/uploads\/2025\/04\/XE135GA-05_WH_800x800px_WH_800x800px-150x150.webp 150w, https:\/\/www.hcxmachinery.com\/wp-content\/uploads\/2025\/04\/XE135GA-05_WH_800x800px_WH_800x800px-768x768.webp 768w, https:\/\/www.hcxmachinery.com\/wp-content\/uploads\/2025\/04\/XE135GA-05_WH_800x800px_WH_800x800px-600x600.webp 600w, https:\/\/www.hcxmachinery.com\/wp-content\/uploads\/2025\/04\/XE135GA-05_WH_800x800px_WH_800x800px-100x100.webp 100w, https:\/\/www.hcxmachinery.com\/wp-content\/uploads\/2025\/04\/XE135GA-05_WH_800x800px_WH_800x800px.webp 800w\" sizes=\"(max-width: 300px) 100vw, 300px\" \/> <img loading=\"lazy\" decoding=\"async\" class=\"alignnone size-medium wp-image-2582\" src=\"https:\/\/www.hcxmachinery.com\/wp-content\/uploads\/2025\/04\/XE135GA-06_WH_800x800px_WH_800x800px-300x300.webp\" alt=\"\" width=\"300\" height=\"300\" title=\"\" srcset=\"https:\/\/www.hcxmachinery.com\/wp-content\/uploads\/2025\/04\/XE135GA-06_WH_800x800px_WH_800x800px-300x300.webp 300w, https:\/\/www.hcxmachinery.com\/wp-content\/uploads\/2025\/04\/XE135GA-06_WH_800x800px_WH_800x800px-150x150.webp 150w, https:\/\/www.hcxmachinery.com\/wp-content\/uploads\/2025\/04\/XE135GA-06_WH_800x800px_WH_800x800px-768x768.webp 768w, https:\/\/www.hcxmachinery.com\/wp-content\/uploads\/2025\/04\/XE135GA-06_WH_800x800px_WH_800x800px-600x600.webp 600w, https:\/\/www.hcxmachinery.com\/wp-content\/uploads\/2025\/04\/XE135GA-06_WH_800x800px_WH_800x800px-100x100.webp 100w, https:\/\/www.hcxmachinery.com\/wp-content\/uploads\/2025\/04\/XE135GA-06_WH_800x800px_WH_800x800px.webp 800w\" sizes=\"(max-width: 300px) 100vw, 300px\" \/> <img loading=\"lazy\" decoding=\"async\" class=\"alignnone size-medium wp-image-2583\" src=\"https:\/\/www.hcxmachinery.com\/wp-content\/uploads\/2025\/04\/XE135GA-07_WH_800x800px_WH_800x800px-300x300.webp\" alt=\"\" width=\"300\" height=\"300\" title=\"\" srcset=\"https:\/\/www.hcxmachinery.com\/wp-content\/uploads\/2025\/04\/XE135GA-07_WH_800x800px_WH_800x800px-300x300.webp 300w, https:\/\/www.hcxmachinery.com\/wp-content\/uploads\/2025\/04\/XE135GA-07_WH_800x800px_WH_800x800px-150x150.webp 150w, https:\/\/www.hcxmachinery.com\/wp-content\/uploads\/2025\/04\/XE135GA-07_WH_800x800px_WH_800x800px-768x768.webp 768w, https:\/\/www.hcxmachinery.com\/wp-content\/uploads\/2025\/04\/XE135GA-07_WH_800x800px_WH_800x800px-600x600.webp 600w, https:\/\/www.hcxmachinery.com\/wp-content\/uploads\/2025\/04\/XE135GA-07_WH_800x800px_WH_800x800px-100x100.webp 100w, https:\/\/www.hcxmachinery.com\/wp-content\/uploads\/2025\/04\/XE135GA-07_WH_800x800px_WH_800x800px.webp 800w\" sizes=\"(max-width: 300px) 100vw, 300px\" \/><\/p>","protected":false},"excerpt":{"rendered":"<p>XE135GA The hydraulic excavator is equipped with a low-speed high-torque engine with high efficiency and low fuelconsumption. The large undercarrige [&hellip;]<\/p>","protected":false},"featured_media":2576,"template":"","meta":{"_acf_changed":false,"site-sidebar-layout":"default","site-content-layout":"","ast-site-content-layout":"default","site-content-style":"default","site-sidebar-style":"default","ast-global-header-display":"","ast-banner-title-visibility":"","ast-main-header-display":"","ast-hfb-above-header-display":"","ast-hfb-below-header-display":"","ast-hfb-mobile-header-display":"","site-post-title":"","ast-breadcrumbs-content":"","ast-featured-img":"","footer-sml-layout":"","theme-transparent-header-meta":"default","adv-header-id-meta":"","stick-header-meta":"default","header-above-stick-meta":"","header-main-stick-meta":"","header-below-stick-meta":"","astra-migrate-meta-layouts":"set","ast-page-background-enabled":"default","ast-page-background-meta":{"desktop":{"background-color":"var(--ast-global-color-4)","background-image":"","background-repeat":"repeat","background-position":"center center","background-size":"auto","background-attachment":"scroll","background-type":"","background-media":"","overlay-type":"","overlay-color":"","overlay-opacity":"","overlay-gradient":""},"tablet":{"background-color":"","background-image":"","background-repeat":"repeat","background-position":"center center","background-size":"auto","background-attachment":"scroll","background-type":"","background-media":"","overlay-type":"","overlay-color":"","overlay-opacity":"","overlay-gradient":""},"mobile":{"background-color":"","background-image":"","background-repeat":"repeat","background-position":"center center","background-size":"auto","background-attachment":"scroll","background-type":"","background-media":"","overlay-type":"","overlay-color":"","overlay-opacity":"","overlay-gradient":""}},"ast-content-background-meta":{"desktop":{"background-color":"var(--ast-global-color-5)","background-image":"","background-repeat":"repeat","background-position":"center center","background-size":"auto","background-attachment":"scroll","background-type":"","background-media":"","overlay-type":"","overlay-color":"","overlay-opacity":"","overlay-gradient":""},"tablet":{"background-color":"var(--ast-global-color-5)","background-image":"","background-repeat":"repeat","background-position":"center center","background-size":"auto","background-attachment":"scroll","background-type":"","background-media":"","overlay-type":"","overlay-color":"","overlay-opacity":"","overlay-gradient":""},"mobile":{"background-color":"var(--ast-global-color-5)","background-image":"","background-repeat":"repeat","background-position":"center center","background-size":"auto","background-attachment":"scroll","background-type":"","background-media":"","overlay-type":"","overlay-color":"","overlay-opacity":"","overlay-gradient":""}}},"product_cat":[36],"product_tag":[],"class_list":{"0":"post-2575","1":"product","2":"type-product","3":"status-publish","4":"has-post-thumbnail","6":"product_cat-medium-excavator","7":"desktop-align-left","8":"tablet-align-left","9":"mobile-align-left","10":"ast-product-gallery-layout-horizontal-slider","11":"ast-magnify-disabled","12":"ast-product-tabs-layout-horizontal","14":"first","15":"instock","16":"shipping-taxable","17":"product-type-simple"},"acf":[],"_links":{"self":[{"href":"https:\/\/www.hcxmachinery.com\/es\/wp-json\/wp\/v2\/product\/2575"}],"collection":[{"href":"https:\/\/www.hcxmachinery.com\/es\/wp-json\/wp\/v2\/product"}],"about":[{"href":"https:\/\/www.hcxmachinery.com\/es\/wp-json\/wp\/v2\/types\/product"}],"version-history":[{"count":8,"href":"https:\/\/www.hcxmachinery.com\/es\/wp-json\/wp\/v2\/product\/2575\/revisions"}],"predecessor-version":[{"id":3318,"href":"https:\/\/www.hcxmachinery.com\/es\/wp-json\/wp\/v2\/product\/2575\/revisions\/3318"}],"wp:featuredmedia":[{"embeddable":true,"href":"https:\/\/www.hcxmachinery.com\/es\/wp-json\/wp\/v2\/media\/2576"}],"wp:attachment":[{"href":"https:\/\/www.hcxmachinery.com\/es\/wp-json\/wp\/v2\/media?parent=2575"}],"wp:term":[{"taxonomy":"product_cat","embeddable":true,"href":"https:\/\/www.hcxmachinery.com\/es\/wp-json\/wp\/v2\/product_cat?post=2575"},{"taxonomy":"product_tag","embeddable":true,"href":"https:\/\/www.hcxmachinery.com\/es\/wp-json\/wp\/v2\/product_tag?post=2575"}],"curies":[{"name":"wp","href":"https:\/\/api.w.org\/{rel}","templated":true}]}}