{"id":2060,"date":"2024-12-16T02:13:17","date_gmt":"2024-12-16T02:13:17","guid":{"rendered":"https:\/\/www.hcxmachinery.com\/?post_type=product&#038;p=2060"},"modified":"2025-12-30T07:08:53","modified_gmt":"2025-12-30T07:08:53","slug":"buena-calidad-xe650dp-martinete-usado-en-venta","status":"publish","type":"product","link":"https:\/\/www.hcxmachinery.com\/es\/producto\/buena-calidad-xe650dp-martinete-usado-en-venta\/","title":{"rendered":"Buena Calidad XE650DP Used Pile Driver En Venta"},"content":{"rendered":"<h2>XE650DP<\/h2>\n<p>Este producto tiene la ventaja de baja velocidad y gran par de salida, que puede satisfacer la fuerte potencia de salida en condiciones de trabajo pesado y reducir al m\u00ednimo el consumo de combustible, y tiene una buena econom\u00eda de uso. Tiene sistema de refrigeraci\u00f3n independiente de accionamiento hidr\u00e1ulico con alta adaptabilidad, que puede adaptarse a las condiciones de trabajo de baja temperatura; su funci\u00f3n de inversi\u00f3n del ventilador es conveniente para la limpieza del radiador. Tiene una bomba principal de mayor desplazamiento y un nuevo tipo de v\u00e1lvula principal, con baja p\u00e9rdida de presi\u00f3n, rendimiento estable, buena maniobrabilidad, control preciso y as\u00ed sucesivamente.<\/p>\n<h2>PAR\u00c1METROS<\/h2>\n<table width=\"472\">\n<tbody>\n<tr>\n<td width=\"245\"><strong>Par\u00e1metro<\/strong><\/td>\n<td width=\"72\"><strong>Unidad<\/strong><\/td>\n<td width=\"155\"><strong>XE650DP\u00a0<\/strong><\/td>\n<\/tr>\n<tr>\n<td width=\"245\">Peso operativo<\/td>\n<td width=\"72\">kg<\/td>\n<td width=\"155\">62000<\/td>\n<\/tr>\n<tr>\n<td colspan=\"3\" width=\"472\"><strong>Motor<\/strong><\/td>\n<\/tr>\n<tr>\n<td width=\"245\">Modelo de motor<\/td>\n<td width=\"72\">\/<\/td>\n<td>Cummins QSM11<\/td>\n<\/tr>\n<tr>\n<td>Inyecci\u00f3n directa<\/td>\n<td width=\"72\">\/<\/td>\n<td width=\"155\">\u221a<\/td>\n<\/tr>\n<tr>\n<td>Cuatro golpes<\/td>\n<td width=\"72\">\/<\/td>\n<td width=\"155\">\u221a<\/td>\n<\/tr>\n<tr>\n<td>Refrigeraci\u00f3n por agua<\/td>\n<td width=\"72\">\/<\/td>\n<td width=\"155\">\u221a<\/td>\n<\/tr>\n<tr>\n<td>Turboalimentaci\u00f3n<\/td>\n<td width=\"72\">\/<\/td>\n<td width=\"155\">\u221a<\/td>\n<\/tr>\n<tr>\n<td width=\"245\">Intercooler aire-aire<\/td>\n<td width=\"72\">\/<\/td>\n<td width=\"155\">\u221a<\/td>\n<\/tr>\n<tr>\n<td width=\"245\">N\u00famero de cilindros<\/td>\n<td width=\"72\">\/<\/td>\n<td width=\"155\">6<\/td>\n<\/tr>\n<tr>\n<td width=\"245\">Potencia de salida del motor<\/td>\n<td width=\"72\">kW\/rpm<\/td>\n<td width=\"155\">280\/2000<\/td>\n<\/tr>\n<tr>\n<td>Par\/velocidad m\u00e1ximos<\/td>\n<td width=\"72\">N.m\/rpm<\/td>\n<td width=\"155\">1898\/(1300r\/min)<\/td>\n<\/tr>\n<tr>\n<td>Desplazamiento<\/td>\n<td width=\"72\">L<\/td>\n<td width=\"155\">11<\/td>\n<\/tr>\n<tr>\n<td colspan=\"3\" width=\"472\"><strong>Actuaci\u00f3n principal<\/strong><\/td>\n<\/tr>\n<tr>\n<td width=\"245\">Velocidad de desplazamiento<\/td>\n<td width=\"72\">km\/h<\/td>\n<td width=\"155\">5.2\/2.9<\/td>\n<\/tr>\n<tr>\n<td width=\"245\">Velocidad de oscilaci\u00f3n<\/td>\n<td width=\"72\">r\/min<\/td>\n<td width=\"155\">9.2<\/td>\n<\/tr>\n<tr>\n<td width=\"245\">Capacidad de grado<\/td>\n<td width=\"72\">\/<\/td>\n<td width=\"155\">\u226435<\/td>\n<\/tr>\n<tr>\n<td width=\"245\">Presi\u00f3n sobre el suelo<\/td>\n<td width=\"72\">kPa<\/td>\n<td width=\"155\">80<\/td>\n<\/tr>\n<tr>\n<td width=\"245\">Fuerza de tracci\u00f3n m\u00e1xima<\/td>\n<td width=\"72\">kN<\/td>\n<td width=\"155\">370<\/td>\n<\/tr>\n<tr>\n<td width=\"245\">Fuerza de vibraci\u00f3n<\/td>\n<td width=\"72\">kN<\/td>\n<td width=\"155\">595<\/td>\n<\/tr>\n<tr>\n<td colspan=\"3\" width=\"472\">Sistema hidr\u00e1ulico<\/td>\n<\/tr>\n<tr>\n<td width=\"245\">Bomba principal<\/td>\n<td width=\"72\">\/<\/td>\n<td width=\"155\">2 Bombas de pist\u00f3n<\/td>\n<\/tr>\n<tr>\n<td width=\"245\">Caudal nominal de la bomba principal<\/td>\n<td width=\"72\">L\/min<\/td>\n<td width=\"155\">2\u00d7360<\/td>\n<\/tr>\n<tr>\n<td width=\"245\">Presi\u00f3n de la v\u00e1lvula de seguridad principal<\/td>\n<td width=\"72\">MPa<\/td>\n<td width=\"155\">34.3\/37<\/td>\n<\/tr>\n<tr>\n<td width=\"245\">Presi\u00f3n del sistema de desplazamiento<\/td>\n<td width=\"72\">MPa<\/td>\n<td width=\"155\">34.3<\/td>\n<\/tr>\n<tr>\n<td width=\"245\">Presi\u00f3n del sistema de oscilaci\u00f3n<\/td>\n<td width=\"72\">MPa<\/td>\n<td width=\"155\">31<\/td>\n<\/tr>\n<tr>\n<td width=\"245\">Presi\u00f3n del sistema piloto<\/td>\n<td width=\"72\">MPa<\/td>\n<td width=\"155\">3.9<\/td>\n<\/tr>\n<tr>\n<td colspan=\"3\" width=\"472\"><strong>Volumen de aceite<\/strong><\/td>\n<\/tr>\n<tr>\n<td width=\"245\">Volumen del dep\u00f3sito de combustible<\/td>\n<td width=\"72\">L<\/td>\n<td width=\"155\">725<\/td>\n<\/tr>\n<tr>\n<td width=\"245\">Volumen del dep\u00f3sito de aceite hidr\u00e1ulico<\/td>\n<td width=\"72\">L<\/td>\n<td width=\"155\">430<\/td>\n<\/tr>\n<tr>\n<td width=\"245\">Volumen de aceite del motor<\/td>\n<td width=\"72\">L<\/td>\n<td width=\"155\">38<\/td>\n<\/tr>\n<tr>\n<td colspan=\"3\" width=\"472\"><strong>Dimensiones exteriores<\/strong><\/td>\n<\/tr>\n<tr>\n<td width=\"245\">A Longitud total<\/td>\n<td width=\"72\">mm<\/td>\n<td width=\"155\">17890<\/td>\n<\/tr>\n<tr>\n<td width=\"245\">B Anchura total<\/td>\n<td width=\"72\">mm<\/td>\n<td width=\"155\">3572<\/td>\n<\/tr>\n<tr>\n<td width=\"245\">C Altura total<\/td>\n<td width=\"72\">mm<\/td>\n<td width=\"155\">3340<\/td>\n<\/tr>\n<tr>\n<td width=\"245\">D Anchura del plato giratorio<\/td>\n<td width=\"72\">mm<\/td>\n<td width=\"155\">3095<\/td>\n<\/tr>\n<tr>\n<td width=\"245\">E Longitud de la oruga<\/td>\n<td width=\"72\">mm<\/td>\n<td width=\"155\">5470<\/td>\n<\/tr>\n<tr>\n<td width=\"245\">F Anchura total del chasis<\/td>\n<td width=\"72\">mm<\/td>\n<td width=\"155\">3572<\/td>\n<\/tr>\n<tr>\n<td width=\"245\">G Anchura de la placa de oruga<\/td>\n<td width=\"72\">mm<\/td>\n<td width=\"155\">800<\/td>\n<\/tr>\n<tr>\n<td width=\"245\">H Distancia entre ejes<\/td>\n<td width=\"72\">mm<\/td>\n<td width=\"155\">4407<\/td>\n<\/tr>\n<tr>\n<td width=\"245\">Calibre I (Distancia entre centros)<\/td>\n<td width=\"72\">mm<\/td>\n<td width=\"155\">2740<\/td>\n<\/tr>\n<tr>\n<td width=\"245\">J Distancia al suelo del contrapeso<\/td>\n<td width=\"72\">mm<\/td>\n<td width=\"155\">1353<\/td>\n<\/tr>\n<tr>\n<td width=\"245\">K Distancia m\u00ednima al suelo<\/td>\n<td width=\"72\">mm<\/td>\n<td width=\"155\">518<\/td>\n<\/tr>\n<tr>\n<td width=\"245\">Cola L Radio m\u00ednimo de giro<\/td>\n<td width=\"72\">mm<\/td>\n<td width=\"155\">4750<\/td>\n<\/tr>\n<tr>\n<td width=\"245\">M Altura de la oruga<\/td>\n<td width=\"72\">mm<\/td>\n<td width=\"155\">1221<\/td>\n<\/tr>\n<tr>\n<td colspan=\"3\" width=\"472\">Configuraci\u00f3n<\/td>\n<\/tr>\n<tr>\n<td width=\"245\">N1 Altura m\u00e1xima de la pinza<\/td>\n<td width=\"72\">mm<\/td>\n<td width=\"155\">20600<\/td>\n<\/tr>\n<tr>\n<td width=\"245\">Distancia desde la altura m\u00e1xima de sujeci\u00f3n de N2 hasta el extremo delantero del carril<\/td>\n<td width=\"72\">mm<\/td>\n<td width=\"155\">2800<\/td>\n<\/tr>\n<tr>\n<td width=\"245\">Longitud de la pluma<\/td>\n<td width=\"72\">mm<\/td>\n<td width=\"155\">13180<\/td>\n<\/tr>\n<tr>\n<td width=\"245\">Longitud del brazo<\/td>\n<td width=\"72\">mm<\/td>\n<td width=\"155\">6200<\/td>\n<\/tr>\n<\/tbody>\n<\/table>\n<p>&nbsp;<\/p>","protected":false},"excerpt":{"rendered":"<p>XE650DP This product has the advantage of low-speed and large torque output, which can meet the strong power output under [&hellip;]<\/p>","protected":false},"featured_media":2070,"template":"","meta":{"_acf_changed":false,"site-sidebar-layout":"default","site-content-layout":"","ast-site-content-layout":"default","site-content-style":"default","site-sidebar-style":"default","ast-global-header-display":"","ast-banner-title-visibility":"","ast-main-header-display":"","ast-hfb-above-header-display":"","ast-hfb-below-header-display":"","ast-hfb-mobile-header-display":"","site-post-title":"","ast-breadcrumbs-content":"","ast-featured-img":"","footer-sml-layout":"","theme-transparent-header-meta":"default","adv-header-id-meta":"","stick-header-meta":"default","header-above-stick-meta":"","header-main-stick-meta":"","header-below-stick-meta":"","astra-migrate-meta-layouts":"set","ast-page-background-enabled":"default","ast-page-background-meta":{"desktop":{"background-color":"var(--ast-global-color-4)","background-image":"","background-repeat":"repeat","background-position":"center center","background-size":"auto","background-attachment":"scroll","background-type":"","background-media":"","overlay-type":"","overlay-color":"","overlay-opacity":"","overlay-gradient":""},"tablet":{"background-color":"","background-image":"","background-repeat":"repeat","background-position":"center center","background-size":"auto","background-attachment":"scroll","background-type":"","background-media":"","overlay-type":"","overlay-color":"","overlay-opacity":"","overlay-gradient":""},"mobile":{"background-color":"","background-image":"","background-repeat":"repeat","background-position":"center center","background-size":"auto","background-attachment":"scroll","background-type":"","background-media":"","overlay-type":"","overlay-color":"","overlay-opacity":"","overlay-gradient":""}},"ast-content-background-meta":{"desktop":{"background-color":"var(--ast-global-color-5)","background-image":"","background-repeat":"repeat","background-position":"center center","background-size":"auto","background-attachment":"scroll","background-type":"","background-media":"","overlay-type":"","overlay-color":"","overlay-opacity":"","overlay-gradient":""},"tablet":{"background-color":"var(--ast-global-color-5)","background-image":"","background-repeat":"repeat","background-position":"center center","background-size":"auto","background-attachment":"scroll","background-type":"","background-media":"","overlay-type":"","overlay-color":"","overlay-opacity":"","overlay-gradient":""},"mobile":{"background-color":"var(--ast-global-color-5)","background-image":"","background-repeat":"repeat","background-position":"center center","background-size":"auto","background-attachment":"scroll","background-type":"","background-media":"","overlay-type":"","overlay-color":"","overlay-opacity":"","overlay-gradient":""}}},"product_cat":[19,40],"product_tag":[47],"class_list":{"0":"post-2060","1":"product","2":"type-product","3":"status-publish","4":"has-post-thumbnail","6":"product_cat-excavator","7":"product_cat-special-operations-excavator","8":"product_tag-47","9":"desktop-align-left","10":"tablet-align-left","11":"mobile-align-left","12":"ast-product-gallery-layout-horizontal-slider","13":"ast-magnify-disabled","14":"ast-product-tabs-layout-horizontal","16":"first","17":"instock","18":"shipping-taxable","19":"product-type-simple"},"acf":[],"_links":{"self":[{"href":"https:\/\/www.hcxmachinery.com\/es\/wp-json\/wp\/v2\/product\/2060"}],"collection":[{"href":"https:\/\/www.hcxmachinery.com\/es\/wp-json\/wp\/v2\/product"}],"about":[{"href":"https:\/\/www.hcxmachinery.com\/es\/wp-json\/wp\/v2\/types\/product"}],"version-history":[{"count":19,"href":"https:\/\/www.hcxmachinery.com\/es\/wp-json\/wp\/v2\/product\/2060\/revisions"}],"predecessor-version":[{"id":3461,"href":"https:\/\/www.hcxmachinery.com\/es\/wp-json\/wp\/v2\/product\/2060\/revisions\/3461"}],"wp:featuredmedia":[{"embeddable":true,"href":"https:\/\/www.hcxmachinery.com\/es\/wp-json\/wp\/v2\/media\/2070"}],"wp:attachment":[{"href":"https:\/\/www.hcxmachinery.com\/es\/wp-json\/wp\/v2\/media?parent=2060"}],"wp:term":[{"taxonomy":"product_cat","embeddable":true,"href":"https:\/\/www.hcxmachinery.com\/es\/wp-json\/wp\/v2\/product_cat?post=2060"},{"taxonomy":"product_tag","embeddable":true,"href":"https:\/\/www.hcxmachinery.com\/es\/wp-json\/wp\/v2\/product_tag?post=2060"}],"curies":[{"name":"wp","href":"https:\/\/api.w.org\/{rel}","templated":true}]}}