{"id":2007,"date":"2024-12-16T01:53:22","date_gmt":"2024-12-16T01:53:22","guid":{"rendered":"https:\/\/www.hcxmachinery.com\/?post_type=product&#038;p=2007"},"modified":"2025-12-08T08:08:16","modified_gmt":"2025-12-08T08:08:16","slug":"buena-calidad-xe335e-excavadora-usada-en-venta","status":"publish","type":"product","link":"https:\/\/www.hcxmachinery.com\/es\/producto\/buena-calidad-xe335e-excavadora-usada-en-venta\/","title":{"rendered":"Buena Calidad XE335E Used Excavator En Venta"},"content":{"rendered":"<h2>XE335E<\/h2>\n<p>1.M\u00e1s ahorro de energ\u00eda y respetuoso del medio ambiente: motor especial de XCMG con curva de par personalizada, par alto de baja velocidad, buena econom\u00eda, modo de potencia constante en el rango de velocidad espec\u00edfica, y todav\u00eda mantiene la potencia de salida fuerte durante la carga pesada y baja velocidad.<\/p>\n<p>2.M\u00e1s fiable y duradera: el bastidor en X reforzado y las cuatro ruedas y una correa hacen que la calidad sea m\u00e1s fiable; la estructura de fundici\u00f3n de una sola pieza del brazo m\u00f3vil y la barra de la cuchara hacen que la fuerza sea m\u00e1s uniforme y la vida \u00fatil m\u00e1s larga; la estructura de doble arco de la cuchara de gran capacidad reduce eficazmente la resistencia a la excavaci\u00f3n y hace que la operaci\u00f3n sea m\u00e1s eficiente.<\/p>\n<p>3.Control m\u00e1s inteligente: El sistema XEICS con derechos de propiedad intelectual independientes adopta la comunicaci\u00f3n de bus CAN para realizar la funci\u00f3n de control correspondiente, que se adapta eficazmente al entorno de trabajo, las condiciones de trabajo y la carga de trabajo.<\/p>\n<p>4.M\u00e1s c\u00f3moda y segura: cabina presurizada, asegura eficazmente la limpieza de la cabina; amortiguador sellado con aceite de silicona importado, asiento con suspensi\u00f3n de gas, operaci\u00f3n m\u00e1s c\u00f3moda; bastidor de la cabina con alta absorci\u00f3n de energ\u00eda, nueva estructura de protecci\u00f3n, m\u00e1s segura y confiable.<\/p>\n<p><img fetchpriority=\"high\" decoding=\"async\" class=\"alignnone size-medium wp-image-2012\" src=\"https:\/\/www.hcxmachinery.com\/wp-content\/uploads\/2024\/12\/335\u4ea7\u54c1\u7ec6\u8282\u56fe1_WH_800x800px-300x300.webp\" alt=\"\" width=\"300\" height=\"300\" title=\"\" srcset=\"https:\/\/www.hcxmachinery.com\/wp-content\/uploads\/2024\/12\/335\u4ea7\u54c1\u7ec6\u8282\u56fe1_WH_800x800px-300x300.webp 300w, https:\/\/www.hcxmachinery.com\/wp-content\/uploads\/2024\/12\/335\u4ea7\u54c1\u7ec6\u8282\u56fe1_WH_800x800px-150x150.webp 150w, https:\/\/www.hcxmachinery.com\/wp-content\/uploads\/2024\/12\/335\u4ea7\u54c1\u7ec6\u8282\u56fe1_WH_800x800px-768x768.webp 768w, https:\/\/www.hcxmachinery.com\/wp-content\/uploads\/2024\/12\/335\u4ea7\u54c1\u7ec6\u8282\u56fe1_WH_800x800px-600x600.webp 600w, https:\/\/www.hcxmachinery.com\/wp-content\/uploads\/2024\/12\/335\u4ea7\u54c1\u7ec6\u8282\u56fe1_WH_800x800px-100x100.webp 100w, https:\/\/www.hcxmachinery.com\/wp-content\/uploads\/2024\/12\/335\u4ea7\u54c1\u7ec6\u8282\u56fe1_WH_800x800px.webp 800w\" sizes=\"(max-width: 300px) 100vw, 300px\" \/> <img decoding=\"async\" class=\"alignnone size-medium wp-image-2013\" src=\"https:\/\/www.hcxmachinery.com\/wp-content\/uploads\/2024\/12\/335\u4ea7\u54c1\u7ec6\u8282\u56fe2_WH_800x800px-300x300.webp\" alt=\"\" width=\"300\" height=\"300\" title=\"\" srcset=\"https:\/\/www.hcxmachinery.com\/wp-content\/uploads\/2024\/12\/335\u4ea7\u54c1\u7ec6\u8282\u56fe2_WH_800x800px-300x300.webp 300w, https:\/\/www.hcxmachinery.com\/wp-content\/uploads\/2024\/12\/335\u4ea7\u54c1\u7ec6\u8282\u56fe2_WH_800x800px-150x150.webp 150w, https:\/\/www.hcxmachinery.com\/wp-content\/uploads\/2024\/12\/335\u4ea7\u54c1\u7ec6\u8282\u56fe2_WH_800x800px-768x768.webp 768w, https:\/\/www.hcxmachinery.com\/wp-content\/uploads\/2024\/12\/335\u4ea7\u54c1\u7ec6\u8282\u56fe2_WH_800x800px-600x600.webp 600w, https:\/\/www.hcxmachinery.com\/wp-content\/uploads\/2024\/12\/335\u4ea7\u54c1\u7ec6\u8282\u56fe2_WH_800x800px-100x100.webp 100w, https:\/\/www.hcxmachinery.com\/wp-content\/uploads\/2024\/12\/335\u4ea7\u54c1\u7ec6\u8282\u56fe2_WH_800x800px.webp 800w\" sizes=\"(max-width: 300px) 100vw, 300px\" \/> <img decoding=\"async\" class=\"alignnone size-medium wp-image-2014\" src=\"https:\/\/www.hcxmachinery.com\/wp-content\/uploads\/2024\/12\/335\u4ea7\u54c1\u7ec6\u8282\u56fe3_WH_800x800px-300x300.webp\" alt=\"\" width=\"300\" height=\"300\" title=\"\" srcset=\"https:\/\/www.hcxmachinery.com\/wp-content\/uploads\/2024\/12\/335\u4ea7\u54c1\u7ec6\u8282\u56fe3_WH_800x800px-300x300.webp 300w, https:\/\/www.hcxmachinery.com\/wp-content\/uploads\/2024\/12\/335\u4ea7\u54c1\u7ec6\u8282\u56fe3_WH_800x800px-150x150.webp 150w, https:\/\/www.hcxmachinery.com\/wp-content\/uploads\/2024\/12\/335\u4ea7\u54c1\u7ec6\u8282\u56fe3_WH_800x800px-768x768.webp 768w, https:\/\/www.hcxmachinery.com\/wp-content\/uploads\/2024\/12\/335\u4ea7\u54c1\u7ec6\u8282\u56fe3_WH_800x800px-600x600.webp 600w, https:\/\/www.hcxmachinery.com\/wp-content\/uploads\/2024\/12\/335\u4ea7\u54c1\u7ec6\u8282\u56fe3_WH_800x800px-100x100.webp 100w, https:\/\/www.hcxmachinery.com\/wp-content\/uploads\/2024\/12\/335\u4ea7\u54c1\u7ec6\u8282\u56fe3_WH_800x800px.webp 800w\" sizes=\"(max-width: 300px) 100vw, 300px\" \/> <img loading=\"lazy\" decoding=\"async\" class=\"alignnone size-medium wp-image-2015\" src=\"https:\/\/www.hcxmachinery.com\/wp-content\/uploads\/2024\/12\/335\u4ea7\u54c1\u7ec6\u8282\u56fe4_WH_800x800px-300x300.webp\" alt=\"\" width=\"300\" height=\"300\" title=\"\" srcset=\"https:\/\/www.hcxmachinery.com\/wp-content\/uploads\/2024\/12\/335\u4ea7\u54c1\u7ec6\u8282\u56fe4_WH_800x800px-300x300.webp 300w, https:\/\/www.hcxmachinery.com\/wp-content\/uploads\/2024\/12\/335\u4ea7\u54c1\u7ec6\u8282\u56fe4_WH_800x800px-150x150.webp 150w, https:\/\/www.hcxmachinery.com\/wp-content\/uploads\/2024\/12\/335\u4ea7\u54c1\u7ec6\u8282\u56fe4_WH_800x800px-768x768.webp 768w, https:\/\/www.hcxmachinery.com\/wp-content\/uploads\/2024\/12\/335\u4ea7\u54c1\u7ec6\u8282\u56fe4_WH_800x800px-600x600.webp 600w, https:\/\/www.hcxmachinery.com\/wp-content\/uploads\/2024\/12\/335\u4ea7\u54c1\u7ec6\u8282\u56fe4_WH_800x800px-100x100.webp 100w, https:\/\/www.hcxmachinery.com\/wp-content\/uploads\/2024\/12\/335\u4ea7\u54c1\u7ec6\u8282\u56fe4_WH_800x800px.webp 800w\" sizes=\"(max-width: 300px) 100vw, 300px\" \/> <img loading=\"lazy\" decoding=\"async\" class=\"alignnone size-medium wp-image-2016\" src=\"https:\/\/www.hcxmachinery.com\/wp-content\/uploads\/2024\/12\/335\u4ea7\u54c1\u7ec6\u8282\u56fe5_WH_800x800px-300x300.webp\" alt=\"\" width=\"300\" height=\"300\" title=\"\" srcset=\"https:\/\/www.hcxmachinery.com\/wp-content\/uploads\/2024\/12\/335\u4ea7\u54c1\u7ec6\u8282\u56fe5_WH_800x800px-300x300.webp 300w, https:\/\/www.hcxmachinery.com\/wp-content\/uploads\/2024\/12\/335\u4ea7\u54c1\u7ec6\u8282\u56fe5_WH_800x800px-150x150.webp 150w, https:\/\/www.hcxmachinery.com\/wp-content\/uploads\/2024\/12\/335\u4ea7\u54c1\u7ec6\u8282\u56fe5_WH_800x800px-768x768.webp 768w, https:\/\/www.hcxmachinery.com\/wp-content\/uploads\/2024\/12\/335\u4ea7\u54c1\u7ec6\u8282\u56fe5_WH_800x800px-600x600.webp 600w, https:\/\/www.hcxmachinery.com\/wp-content\/uploads\/2024\/12\/335\u4ea7\u54c1\u7ec6\u8282\u56fe5_WH_800x800px-100x100.webp 100w, https:\/\/www.hcxmachinery.com\/wp-content\/uploads\/2024\/12\/335\u4ea7\u54c1\u7ec6\u8282\u56fe5_WH_800x800px.webp 800w\" sizes=\"(max-width: 300px) 100vw, 300px\" \/> <img loading=\"lazy\" decoding=\"async\" class=\"alignnone size-medium wp-image-2017\" src=\"https:\/\/www.hcxmachinery.com\/wp-content\/uploads\/2024\/12\/335\u4ea7\u54c1\u7ec6\u8282\u56fe6_WH_800x800px-300x300.webp\" alt=\"\" width=\"300\" height=\"300\" title=\"\" srcset=\"https:\/\/www.hcxmachinery.com\/wp-content\/uploads\/2024\/12\/335\u4ea7\u54c1\u7ec6\u8282\u56fe6_WH_800x800px-300x300.webp 300w, https:\/\/www.hcxmachinery.com\/wp-content\/uploads\/2024\/12\/335\u4ea7\u54c1\u7ec6\u8282\u56fe6_WH_800x800px-150x150.webp 150w, https:\/\/www.hcxmachinery.com\/wp-content\/uploads\/2024\/12\/335\u4ea7\u54c1\u7ec6\u8282\u56fe6_WH_800x800px-768x768.webp 768w, https:\/\/www.hcxmachinery.com\/wp-content\/uploads\/2024\/12\/335\u4ea7\u54c1\u7ec6\u8282\u56fe6_WH_800x800px-600x600.webp 600w, https:\/\/www.hcxmachinery.com\/wp-content\/uploads\/2024\/12\/335\u4ea7\u54c1\u7ec6\u8282\u56fe6_WH_800x800px-100x100.webp 100w, https:\/\/www.hcxmachinery.com\/wp-content\/uploads\/2024\/12\/335\u4ea7\u54c1\u7ec6\u8282\u56fe6_WH_800x800px.webp 800w\" sizes=\"(max-width: 300px) 100vw, 300px\" \/> <img loading=\"lazy\" decoding=\"async\" class=\"alignnone size-medium wp-image-2018\" src=\"https:\/\/www.hcxmachinery.com\/wp-content\/uploads\/2024\/12\/335\u4ea7\u54c1\u7ec6\u8282\u56fe7_WH_800x800px-300x300.webp\" alt=\"\" width=\"300\" height=\"300\" title=\"\" srcset=\"https:\/\/www.hcxmachinery.com\/wp-content\/uploads\/2024\/12\/335\u4ea7\u54c1\u7ec6\u8282\u56fe7_WH_800x800px-300x300.webp 300w, https:\/\/www.hcxmachinery.com\/wp-content\/uploads\/2024\/12\/335\u4ea7\u54c1\u7ec6\u8282\u56fe7_WH_800x800px-150x150.webp 150w, https:\/\/www.hcxmachinery.com\/wp-content\/uploads\/2024\/12\/335\u4ea7\u54c1\u7ec6\u8282\u56fe7_WH_800x800px-768x768.webp 768w, https:\/\/www.hcxmachinery.com\/wp-content\/uploads\/2024\/12\/335\u4ea7\u54c1\u7ec6\u8282\u56fe7_WH_800x800px-600x600.webp 600w, https:\/\/www.hcxmachinery.com\/wp-content\/uploads\/2024\/12\/335\u4ea7\u54c1\u7ec6\u8282\u56fe7_WH_800x800px-100x100.webp 100w, https:\/\/www.hcxmachinery.com\/wp-content\/uploads\/2024\/12\/335\u4ea7\u54c1\u7ec6\u8282\u56fe7_WH_800x800px.webp 800w\" sizes=\"(max-width: 300px) 100vw, 300px\" \/> <img loading=\"lazy\" decoding=\"async\" class=\"alignnone size-medium wp-image-2019\" src=\"https:\/\/www.hcxmachinery.com\/wp-content\/uploads\/2024\/12\/335\u4ea7\u54c1\u7ec6\u8282\u56fe8_WH_800x800px-300x300.webp\" alt=\"\" width=\"300\" height=\"300\" title=\"\" srcset=\"https:\/\/www.hcxmachinery.com\/wp-content\/uploads\/2024\/12\/335\u4ea7\u54c1\u7ec6\u8282\u56fe8_WH_800x800px-300x300.webp 300w, https:\/\/www.hcxmachinery.com\/wp-content\/uploads\/2024\/12\/335\u4ea7\u54c1\u7ec6\u8282\u56fe8_WH_800x800px-150x150.webp 150w, https:\/\/www.hcxmachinery.com\/wp-content\/uploads\/2024\/12\/335\u4ea7\u54c1\u7ec6\u8282\u56fe8_WH_800x800px-768x768.webp 768w, https:\/\/www.hcxmachinery.com\/wp-content\/uploads\/2024\/12\/335\u4ea7\u54c1\u7ec6\u8282\u56fe8_WH_800x800px-600x600.webp 600w, https:\/\/www.hcxmachinery.com\/wp-content\/uploads\/2024\/12\/335\u4ea7\u54c1\u7ec6\u8282\u56fe8_WH_800x800px-100x100.webp 100w, https:\/\/www.hcxmachinery.com\/wp-content\/uploads\/2024\/12\/335\u4ea7\u54c1\u7ec6\u8282\u56fe8_WH_800x800px.webp 800w\" sizes=\"(max-width: 300px) 100vw, 300px\" \/> <img loading=\"lazy\" decoding=\"async\" class=\"alignnone size-medium wp-image-2020\" src=\"https:\/\/www.hcxmachinery.com\/wp-content\/uploads\/2024\/12\/335\u4ea7\u54c1\u7ec6\u8282\u56fe9_WH_800x800px-300x300.webp\" alt=\"\" width=\"300\" height=\"300\" title=\"\" srcset=\"https:\/\/www.hcxmachinery.com\/wp-content\/uploads\/2024\/12\/335\u4ea7\u54c1\u7ec6\u8282\u56fe9_WH_800x800px-300x300.webp 300w, https:\/\/www.hcxmachinery.com\/wp-content\/uploads\/2024\/12\/335\u4ea7\u54c1\u7ec6\u8282\u56fe9_WH_800x800px-150x150.webp 150w, https:\/\/www.hcxmachinery.com\/wp-content\/uploads\/2024\/12\/335\u4ea7\u54c1\u7ec6\u8282\u56fe9_WH_800x800px-768x768.webp 768w, https:\/\/www.hcxmachinery.com\/wp-content\/uploads\/2024\/12\/335\u4ea7\u54c1\u7ec6\u8282\u56fe9_WH_800x800px-600x600.webp 600w, https:\/\/www.hcxmachinery.com\/wp-content\/uploads\/2024\/12\/335\u4ea7\u54c1\u7ec6\u8282\u56fe9_WH_800x800px-100x100.webp 100w, https:\/\/www.hcxmachinery.com\/wp-content\/uploads\/2024\/12\/335\u4ea7\u54c1\u7ec6\u8282\u56fe9_WH_800x800px.webp 800w\" sizes=\"(max-width: 300px) 100vw, 300px\" \/><\/p>\n<h2><\/h2>\n<p>&nbsp;<\/p>","protected":false},"excerpt":{"rendered":"<p>XE335E 1.More energy-saving and environment-friendly: XCMG special motor with customized torque curve, low-speed high torque, good economy, constant power mode [&hellip;]<\/p>","protected":false},"featured_media":2011,"template":"","meta":{"_acf_changed":false,"site-sidebar-layout":"default","site-content-layout":"","ast-site-content-layout":"default","site-content-style":"default","site-sidebar-style":"default","ast-global-header-display":"","ast-banner-title-visibility":"","ast-main-header-display":"","ast-hfb-above-header-display":"","ast-hfb-below-header-display":"","ast-hfb-mobile-header-display":"","site-post-title":"","ast-breadcrumbs-content":"","ast-featured-img":"","footer-sml-layout":"","theme-transparent-header-meta":"default","adv-header-id-meta":"","stick-header-meta":"default","header-above-stick-meta":"","header-main-stick-meta":"","header-below-stick-meta":"","astra-migrate-meta-layouts":"set","ast-page-background-enabled":"default","ast-page-background-meta":{"desktop":{"background-color":"var(--ast-global-color-4)","background-image":"","background-repeat":"repeat","background-position":"center center","background-size":"auto","background-attachment":"scroll","background-type":"","background-media":"","overlay-type":"","overlay-color":"","overlay-opacity":"","overlay-gradient":""},"tablet":{"background-color":"","background-image":"","background-repeat":"repeat","background-position":"center center","background-size":"auto","background-attachment":"scroll","background-type":"","background-media":"","overlay-type":"","overlay-color":"","overlay-opacity":"","overlay-gradient":""},"mobile":{"background-color":"","background-image":"","background-repeat":"repeat","background-position":"center center","background-size":"auto","background-attachment":"scroll","background-type":"","background-media":"","overlay-type":"","overlay-color":"","overlay-opacity":"","overlay-gradient":""}},"ast-content-background-meta":{"desktop":{"background-color":"var(--ast-global-color-5)","background-image":"","background-repeat":"repeat","background-position":"center center","background-size":"auto","background-attachment":"scroll","background-type":"","background-media":"","overlay-type":"","overlay-color":"","overlay-opacity":"","overlay-gradient":""},"tablet":{"background-color":"var(--ast-global-color-5)","background-image":"","background-repeat":"repeat","background-position":"center center","background-size":"auto","background-attachment":"scroll","background-type":"","background-media":"","overlay-type":"","overlay-color":"","overlay-opacity":"","overlay-gradient":""},"mobile":{"background-color":"var(--ast-global-color-5)","background-image":"","background-repeat":"repeat","background-position":"center center","background-size":"auto","background-attachment":"scroll","background-type":"","background-media":"","overlay-type":"","overlay-color":"","overlay-opacity":"","overlay-gradient":""}}},"product_cat":[19,39],"product_tag":[],"class_list":{"0":"post-2007","1":"product","2":"type-product","3":"status-publish","4":"has-post-thumbnail","6":"product_cat-excavator","7":"product_cat-new-energy-excavator","8":"desktop-align-left","9":"tablet-align-left","10":"mobile-align-left","11":"ast-product-gallery-layout-horizontal-slider","12":"ast-magnify-disabled","13":"ast-product-tabs-layout-horizontal","15":"first","16":"instock","17":"shipping-taxable","18":"product-type-simple"},"acf":[],"_links":{"self":[{"href":"https:\/\/www.hcxmachinery.com\/es\/wp-json\/wp\/v2\/product\/2007"}],"collection":[{"href":"https:\/\/www.hcxmachinery.com\/es\/wp-json\/wp\/v2\/product"}],"about":[{"href":"https:\/\/www.hcxmachinery.com\/es\/wp-json\/wp\/v2\/types\/product"}],"version-history":[{"count":9,"href":"https:\/\/www.hcxmachinery.com\/es\/wp-json\/wp\/v2\/product\/2007\/revisions"}],"predecessor-version":[{"id":3330,"href":"https:\/\/www.hcxmachinery.com\/es\/wp-json\/wp\/v2\/product\/2007\/revisions\/3330"}],"wp:featuredmedia":[{"embeddable":true,"href":"https:\/\/www.hcxmachinery.com\/es\/wp-json\/wp\/v2\/media\/2011"}],"wp:attachment":[{"href":"https:\/\/www.hcxmachinery.com\/es\/wp-json\/wp\/v2\/media?parent=2007"}],"wp:term":[{"taxonomy":"product_cat","embeddable":true,"href":"https:\/\/www.hcxmachinery.com\/es\/wp-json\/wp\/v2\/product_cat?post=2007"},{"taxonomy":"product_tag","embeddable":true,"href":"https:\/\/www.hcxmachinery.com\/es\/wp-json\/wp\/v2\/product_tag?post=2007"}],"curies":[{"name":"wp","href":"https:\/\/api.w.org\/{rel}","templated":true}]}}