{"id":1870,"date":"2024-12-16T00:55:50","date_gmt":"2024-12-16T00:55:50","guid":{"rendered":"https:\/\/www.hcxmachinery.com\/?post_type=product&#038;p=1870"},"modified":"2025-12-08T08:14:15","modified_gmt":"2025-12-08T08:14:15","slug":"pinza-de-cadenas-xe600em","status":"publish","type":"product","link":"https:\/\/www.hcxmachinery.com\/es\/producto\/pinza-de-cadenas-xe600em\/","title":{"rendered":"M\u00e1quina recogedora de materiales sobre orugas de alta calidad XE600EM"},"content":{"rendered":"<h2 class=\"auto-hide-last-sibling-br paragraph-JOTKXA paragraph-element br-paragraph-space\">CARACTER\u00cdSTICAS DEL PRODUCTO<\/h2>\n<div class=\"auto-hide-last-sibling-br paragraph-JOTKXA paragraph-element br-paragraph-space\">La m\u00e1quina apiladora de materiales XCMG es un nuevo producto desarrollado independientemente por el Grupo XCMG. Tiene mayor potencia, menor consumo de combustible y mejor rendimiento de trabajo, y puede satisfacer una variedad de diferentes requisitos de operaci\u00f3n. Se ha mejorado a\u00fan m\u00e1s su adaptabilidad a las condiciones de trabajo.<\/div>\n<div class=\"auto-hide-last-sibling-br paragraph-JOTKXA paragraph-element br-paragraph-space\">La m\u00e1quina est\u00e1 equipada de serie con una cuchara de cinco dientes en forma de flor de ciruelo, que es adecuada para la carga, descarga, apilamiento y transbordo de materiales como chatarra de acero, materiales fragmentados y madera en empresas sider\u00fargicas, puertos, muelles, puertos ferroviarios y patios de carga. Adem\u00e1s, puede equiparse opcionalmente con diversas herramientas de trabajo, como cucharas para conchas, cucharas para madera, ventosas el\u00e9ctricas y dispositivos de elevaci\u00f3n, para lograr el agarre, la carga, la descarga y la clasificaci\u00f3n de diversos materiales, como carb\u00f3n en bruto, troncos, metales, astillas de madera y forraje, satisfaciendo las necesidades de los clientes en diversas condiciones de trabajo. El peso operativo de esta m\u00e1quina de agarre de materiales XE600EM es de 60.000 Kg. La capacidad de la cuchara es de 1,0 m\u00b3, y la potencia nominal del motor el\u00e9ctrico es de 200 kW a 1485 rpm.<\/div>\n<div><\/div>\n<h2>PAR\u00c1METROS<\/h2>\n<div>\n<table width=\"355\">\n<tbody>\n<tr>\n<td colspan=\"3\" width=\"355\">\n<h5>Motor el\u00e9ctrico<\/h5>\n<\/td>\n<\/tr>\n<tr>\n<td width=\"156\">Modelo<\/td>\n<td width=\"78\">\/<\/td>\n<td width=\"121\">\u00a0YE3-315<\/td>\n<\/tr>\n<tr>\n<td width=\"156\">Potencia nominal \/ Velocidad de rotaci\u00f3n<\/td>\n<td width=\"78\">kw\/rpm<\/td>\n<td width=\"121\">\u00a0200\/1485<\/td>\n<\/tr>\n<tr>\n<td width=\"156\">Tensi\u00f3n<\/td>\n<td width=\"78\">V<\/td>\n<td width=\"121\">\u00a0\u00a0 380<\/td>\n<\/tr>\n<tr>\n<td width=\"156\">N\u00famero de fases<\/td>\n<td width=\"78\"><\/td>\n<td width=\"121\">\u00a0\u00a0 Trif\u00e1sico<\/td>\n<\/tr>\n<tr>\n<td width=\"156\">Formulario actual<\/td>\n<td width=\"78\"><\/td>\n<td width=\"121\">\u00a0\u00a0 CA (corriente alterna)<\/td>\n<\/tr>\n<tr>\n<td colspan=\"3\" width=\"355\">\n<h5>Actuaci\u00f3n principal<\/h5>\n<\/td>\n<\/tr>\n<tr>\n<td width=\"156\">Velocidad de desplazamiento<\/td>\n<td width=\"78\">km\/h<\/td>\n<td width=\"121\">\u00a0 5.4\/3.2<\/td>\n<\/tr>\n<tr>\n<td width=\"156\">Velocidad de oscilaci\u00f3n<\/td>\n<td width=\"78\">r\/min<\/td>\n<td width=\"121\">\u00a0\u00a0 00-8<\/td>\n<\/tr>\n<tr>\n<td width=\"156\">Capacidad de escalada<\/td>\n<td width=\"78\">%<\/td>\n<td width=\"121\">\u00a0\u00a0 40<\/td>\n<\/tr>\n<tr>\n<td width=\"156\">Fuerza de tracci\u00f3n m\u00e1xima<\/td>\n<td width=\"78\">kN<\/td>\n<td width=\"121\">\u00a0\u00a0 335<\/td>\n<\/tr>\n<tr>\n<td width=\"156\">Presi\u00f3n sobre el suelo<\/td>\n<td width=\"78\">kPa<\/td>\n<td width=\"121\">\u00a0\u00a0 105<\/td>\n<\/tr>\n<tr>\n<td colspan=\"3\" width=\"355\">\n<h5>Sistema hidr\u00e1ulico<\/h5>\n<\/td>\n<\/tr>\n<tr>\n<td width=\"156\">Caudal nominal de la bomba principal<\/td>\n<td width=\"78\">L\/min<\/td>\n<td width=\"121\">\u00a0 2\u00d7314<\/td>\n<\/tr>\n<tr>\n<td width=\"156\">Presi\u00f3n de la v\u00e1lvula de alivio principal<\/td>\n<td width=\"78\">MPa<\/td>\n<td width=\"121\">\u00a034.3\/37<\/td>\n<\/tr>\n<tr>\n<td width=\"156\">Presi\u00f3n de la v\u00e1lvula del sistema de desplazamiento<\/td>\n<td width=\"78\">MPa<\/td>\n<td width=\"121\">\u00a0\u00a0 34.3<\/td>\n<\/tr>\n<tr>\n<td width=\"156\">Presi\u00f3n del sistema de oscilaci\u00f3n<\/td>\n<td width=\"78\">MPa<\/td>\n<td width=\"121\">\u00a0\u00a0 26.5<\/td>\n<\/tr>\n<tr>\n<td width=\"156\">Presi\u00f3n del sistema piloto<\/td>\n<td width=\"78\">MPa<\/td>\n<td width=\"121\">\u00a0\u00a0 3.9<\/td>\n<\/tr>\n<tr>\n<td colspan=\"3\" width=\"355\">\n<h5>Capacidad de aceite<\/h5>\n<\/td>\n<\/tr>\n<tr>\n<td width=\"156\">Volumen del dep\u00f3sito de aceite hidr\u00e1ulico<\/td>\n<td width=\"78\">L<\/td>\n<td width=\"121\">\u00a0\u00a0 430<\/td>\n<\/tr>\n<tr>\n<td colspan=\"3\" width=\"355\">\n<h5>Dimensi\u00f3n<\/h5>\n<\/td>\n<\/tr>\n<tr>\n<td width=\"156\">Longitud total (incluido el tambor de cable)<\/td>\n<td width=\"78\">mm<\/td>\n<td width=\"121\">15365<\/td>\n<\/tr>\n<tr>\n<td width=\"156\">Anchura total<\/td>\n<td width=\"78\">mm<\/td>\n<td width=\"121\">4400<\/td>\n<\/tr>\n<tr>\n<td width=\"156\">Altura total<\/td>\n<td width=\"78\">mm<\/td>\n<td width=\"121\">3410<\/td>\n<\/tr>\n<tr>\n<td colspan=\"3\" width=\"355\">\n<h5>Rango de trabajo<\/h5>\n<\/td>\n<\/tr>\n<tr>\n<td width=\"156\">Altura m\u00e1xima de elevaci\u00f3n<\/td>\n<td width=\"78\">mm<\/td>\n<td width=\"121\">12175<\/td>\n<\/tr>\n<tr>\n<td width=\"156\">Profundidad m\u00e1xima de excavaci\u00f3n<\/td>\n<td width=\"78\">mm<\/td>\n<td width=\"121\">9160<\/td>\n<\/tr>\n<tr>\n<td width=\"156\">Radio m\u00e1ximo de excavaci\u00f3n<\/td>\n<td width=\"78\">mm<\/td>\n<td width=\"121\">16290<\/td>\n<\/tr>\n<tr>\n<td colspan=\"2\" width=\"234\">Carga te\u00f3rica en el radio m\u00e1ximo de trabajo (incluida la cuchara)T<\/td>\n<td width=\"121\">4.8<\/td>\n<\/tr>\n<tr>\n<td colspan=\"3\" width=\"355\">\n<h5>Equipamiento opcional<\/h5>\n<\/td>\n<\/tr>\n<tr>\n<td width=\"156\">Capacidad de la cuchara para cuchara tipo concha<\/td>\n<td width=\"78\">m\u00b3<\/td>\n<td width=\"121\">1.5~3<\/td>\n<\/tr>\n<\/tbody>\n<\/table>\n<\/div>","protected":false},"excerpt":{"rendered":"<p class=\"auto-hide-last-sibling-br paragraph-JOTKXA paragraph-element br-paragraph-space\">INTRODUCCI\u00d3N DEL PRODUCTO<\/p>\n<p>The operating weight of this material-grabbing machine XE600EM is 60,000 Kg. The capacity of the plum-blossom grab is 1.0 m\u00b3, and the rated power of the electric motor is 200 kW at 1485 rpm.<\/p>","protected":false},"featured_media":1871,"template":"","meta":{"_acf_changed":false,"site-sidebar-layout":"default","site-content-layout":"","ast-site-content-layout":"default","site-content-style":"default","site-sidebar-style":"default","ast-global-header-display":"","ast-banner-title-visibility":"","ast-main-header-display":"","ast-hfb-above-header-display":"","ast-hfb-below-header-display":"","ast-hfb-mobile-header-display":"","site-post-title":"","ast-breadcrumbs-content":"","ast-featured-img":"","footer-sml-layout":"","theme-transparent-header-meta":"default","adv-header-id-meta":"","stick-header-meta":"default","header-above-stick-meta":"","header-main-stick-meta":"","header-below-stick-meta":"","astra-migrate-meta-layouts":"set","ast-page-background-enabled":"default","ast-page-background-meta":{"desktop":{"background-color":"var(--ast-global-color-4)","background-image":"","background-repeat":"repeat","background-position":"center center","background-size":"auto","background-attachment":"scroll","background-type":"","background-media":"","overlay-type":"","overlay-color":"","overlay-opacity":"","overlay-gradient":""},"tablet":{"background-color":"","background-image":"","background-repeat":"repeat","background-position":"center center","background-size":"auto","background-attachment":"scroll","background-type":"","background-media":"","overlay-type":"","overlay-color":"","overlay-opacity":"","overlay-gradient":""},"mobile":{"background-color":"","background-image":"","background-repeat":"repeat","background-position":"center center","background-size":"auto","background-attachment":"scroll","background-type":"","background-media":"","overlay-type":"","overlay-color":"","overlay-opacity":"","overlay-gradient":""}},"ast-content-background-meta":{"desktop":{"background-color":"var(--ast-global-color-5)","background-image":"","background-repeat":"repeat","background-position":"center center","background-size":"auto","background-attachment":"scroll","background-type":"","background-media":"","overlay-type":"","overlay-color":"","overlay-opacity":"","overlay-gradient":""},"tablet":{"background-color":"var(--ast-global-color-5)","background-image":"","background-repeat":"repeat","background-position":"center center","background-size":"auto","background-attachment":"scroll","background-type":"","background-media":"","overlay-type":"","overlay-color":"","overlay-opacity":"","overlay-gradient":""},"mobile":{"background-color":"var(--ast-global-color-5)","background-image":"","background-repeat":"repeat","background-position":"center center","background-size":"auto","background-attachment":"scroll","background-type":"","background-media":"","overlay-type":"","overlay-color":"","overlay-opacity":"","overlay-gradient":""}}},"product_cat":[40],"product_tag":[],"class_list":{"0":"post-1870","1":"product","2":"type-product","3":"status-publish","4":"has-post-thumbnail","6":"product_cat-special-operations-excavator","7":"desktop-align-left","8":"tablet-align-left","9":"mobile-align-left","10":"ast-product-gallery-layout-horizontal-slider","11":"ast-product-gallery-with-no-image","12":"ast-magnify-disabled","13":"ast-product-tabs-layout-horizontal","15":"first","16":"instock","17":"shipping-taxable","18":"product-type-simple"},"acf":[],"_links":{"self":[{"href":"https:\/\/www.hcxmachinery.com\/es\/wp-json\/wp\/v2\/product\/1870"}],"collection":[{"href":"https:\/\/www.hcxmachinery.com\/es\/wp-json\/wp\/v2\/product"}],"about":[{"href":"https:\/\/www.hcxmachinery.com\/es\/wp-json\/wp\/v2\/types\/product"}],"version-history":[{"count":14,"href":"https:\/\/www.hcxmachinery.com\/es\/wp-json\/wp\/v2\/product\/1870\/revisions"}],"predecessor-version":[{"id":3332,"href":"https:\/\/www.hcxmachinery.com\/es\/wp-json\/wp\/v2\/product\/1870\/revisions\/3332"}],"wp:featuredmedia":[{"embeddable":true,"href":"https:\/\/www.hcxmachinery.com\/es\/wp-json\/wp\/v2\/media\/1871"}],"wp:attachment":[{"href":"https:\/\/www.hcxmachinery.com\/es\/wp-json\/wp\/v2\/media?parent=1870"}],"wp:term":[{"taxonomy":"product_cat","embeddable":true,"href":"https:\/\/www.hcxmachinery.com\/es\/wp-json\/wp\/v2\/product_cat?post=1870"},{"taxonomy":"product_tag","embeddable":true,"href":"https:\/\/www.hcxmachinery.com\/es\/wp-json\/wp\/v2\/product_tag?post=1870"}],"curies":[{"name":"wp","href":"https:\/\/api.w.org\/{rel}","templated":true}]}}