{"id":1279,"date":"2024-10-31T13:29:22","date_gmt":"2024-10-31T13:29:22","guid":{"rendered":"https:\/\/hcxmachinery.com\/?post_type=product&#038;p=1279"},"modified":"2025-12-08T08:14:11","modified_gmt":"2025-12-08T08:14:11","slug":"xe150wd","status":"publish","type":"product","link":"https:\/\/www.hcxmachinery.com\/es\/producto\/xe150wd\/","title":{"rendered":"Buen estado usado XCMG 150WD hidr\u00e1ulica excavadora de ruedas para la venta"},"content":{"rendered":"<h2>XE150WD<\/h2>\n<p>La excavadora hidr\u00e1ulica est\u00e1 equipada con un motor de baja velocidad y alto par con alta eficiencia y bajo consumo de combustible. El undercarrige grande y el amortiguador piloto son m\u00e1s estables y c\u00f3modos de operar; las piezas de mantenimiento se mueven hacia el exterior, el per\u00edodo de mantenimiento se extiende, el mantenimiento es m\u00e1s conveniente; una variedad de accesorios opcionales, as\u00ed como funciones de control de adaptaci\u00f3n de altitud, la adaptabilidad del medio ambiente es mejor. Se puede utilizar ampliamente en obras de tierra y piedra de tama\u00f1o peque\u00f1o y mediano, construcci\u00f3n de carreteras y puentes, excavaci\u00f3n de zanjas y construcci\u00f3n, conservaci\u00f3n de agua en tierras de cultivo, dragado de r\u00edos y construcci\u00f3n municipal. Tambi\u00e9n puede realizar diferentes operaciones como excavaci\u00f3n, trituraci\u00f3n y desmontaje, y es muy adaptable a las condiciones de trabajo.<\/p>\n<h2 class=\"fe-bold mb-3\">PAR\u00c1METROS<\/h2>\n<div class=\"scrollable-div\">\n<table width=\"1041\">\n<tbody>\n<tr>\n<td colspan=\"2\" width=\"686\">Modelo<\/td>\n<td width=\"143\">Unidad<\/td>\n<td width=\"211\">\u00a0Medici\u00f3n<\/td>\n<\/tr>\n<tr>\n<td colspan=\"2\">Peso operativo<\/td>\n<td>Kg<\/td>\n<td>20200<\/td>\n<\/tr>\n<tr>\n<td colspan=\"2\">Capacidad de la cuchara<\/td>\n<td>m\u00b3<\/td>\n<td>0.86<\/td>\n<\/tr>\n<tr>\n<td rowspan=\"5\" width=\"204\">Motor<\/td>\n<td>Modelo<\/td>\n<td>\/<\/td>\n<td>6B5.9<\/td>\n<\/tr>\n<tr>\n<td>Potencia de salida<\/td>\n<td>kW\/r\/min<\/td>\n<td>133\/2000<\/td>\n<\/tr>\n<tr>\n<td>Par\/velocidad m\u00e1ximos<\/td>\n<td>N.m<\/td>\n<td>708\/1500<\/td>\n<\/tr>\n<tr>\n<td>\u00a0Desplazamiento<\/td>\n<td>L<\/td>\n<td>5.9<\/td>\n<\/tr>\n<tr>\n<td>Dep\u00f3sito de combustible<\/td>\n<td>L<\/td>\n<td>305<\/td>\n<\/tr>\n<tr>\n<td rowspan=\"9\" width=\"204\">Actuaci\u00f3n principal<\/td>\n<td>Caudal nominal<\/td>\n<td>L\/min<\/td>\n<td>2\u00d7220<\/td>\n<\/tr>\n<tr>\n<td>Presi\u00f3n de trabajo<\/td>\n<td>MPa<\/td>\n<td>31.4\/34.3<\/td>\n<\/tr>\n<tr>\n<td>\u00a0Dep\u00f3sito hidr\u00e1ulico<\/td>\n<td>L<\/td>\n<td>202<\/td>\n<\/tr>\n<tr>\n<td>\u00a0Velocidad de oscilaci\u00f3n<\/td>\n<td>r\/min<\/td>\n<td>13<\/td>\n<\/tr>\n<tr>\n<td>\u00a0Fuerza de excavaci\u00f3n de la cuchara<\/td>\n<td>kN<\/td>\n<td>115<\/td>\n<\/tr>\n<tr>\n<td>\u00a0Fuerza de excavaci\u00f3n del brazo<\/td>\n<td>kN<\/td>\n<td>91<\/td>\n<\/tr>\n<tr>\n<td>\u00a0Radio de giro m\u00edn.<\/td>\n<td>mm<\/td>\n<td>6500<\/td>\n<\/tr>\n<tr>\n<td>\u00a0Velocidad de desplazamiento<\/td>\n<td>km\/h<\/td>\n<td>9.5\/31<\/td>\n<\/tr>\n<tr>\n<td>\u00a0Gradeabilidad<\/td>\n<td>%<\/td>\n<td>70%<\/td>\n<\/tr>\n<tr>\n<td width=\"204\">Sistema hidr\u00e1ulico<\/td>\n<td>\u00a0Bomba principal\/bomba piloto<\/td>\n<td>\/<\/td>\n<td width=\"211\">2 Bombas de \u00e9mbolo<\/td>\n<\/tr>\n<tr>\n<td rowspan=\"13\" width=\"204\">Tama\u00f1o<\/td>\n<td>A Longitud total<\/td>\n<td>mm<\/td>\n<td>9597<\/td>\n<\/tr>\n<tr>\n<td>B Anchura total<\/td>\n<td>mm<\/td>\n<td>2552<\/td>\n<\/tr>\n<tr>\n<td>C Altura total<\/td>\n<td>mm<\/td>\n<td>3590<\/td>\n<\/tr>\n<tr>\n<td>D Distancia del contrapeso<\/td>\n<td>mm<\/td>\n<td>1250<\/td>\n<\/tr>\n<tr>\n<td>E Distancia m\u00ednima al suelo<\/td>\n<td>mm<\/td>\n<td>340<\/td>\n<\/tr>\n<tr>\n<td>F radio de giro de la cola<\/td>\n<td>mm<\/td>\n<td>2820<\/td>\n<\/tr>\n<tr>\n<td>G Longitud hasta el centro de los rodillos<\/td>\n<td>mm<\/td>\n<td>2850<\/td>\n<\/tr>\n<tr>\n<td>H Anchura de la banda de rodadura<\/td>\n<td>mm<\/td>\n<td>1890<\/td>\n<\/tr>\n<tr>\n<td>I Anchura del chasis<\/td>\n<td>mm<\/td>\n<td>2495<\/td>\n<\/tr>\n<tr>\n<td width=\"481\">J Distancia del puente delantero al centro giratorio<\/td>\n<td>mm<\/td>\n<td>1550<\/td>\n<\/tr>\n<tr>\n<td>K Altura de la capota<\/td>\n<td>mm<\/td>\n<td>2542<\/td>\n<\/tr>\n<tr>\n<td>L Profundidad m\u00e1x. de excavaci\u00f3n del bulldozer<\/td>\n<td>mm<\/td>\n<td>145<\/td>\n<\/tr>\n<tr>\n<td>Topadora (anchura\/altura)<\/td>\n<td>mm<\/td>\n<td>2495\/566<\/td>\n<\/tr>\n<tr>\n<td rowspan=\"8\" width=\"204\">\u00c1mbito de trabajo<\/td>\n<td>A Radio de excavaci\u00f3n m\u00e1x.<\/td>\n<td>mm<\/td>\n<td>9840<\/td>\n<\/tr>\n<tr>\n<td>B Distancia m\u00e1xima de excavaci\u00f3n<\/td>\n<td>mm<\/td>\n<td>9638<\/td>\n<\/tr>\n<tr>\n<td>C Altura m\u00e1xima de excavaci\u00f3n<\/td>\n<td>mm<\/td>\n<td>9000<\/td>\n<\/tr>\n<tr>\n<td>D Altura m\u00e1x. de descarga<\/td>\n<td>mm<\/td>\n<td>7000<\/td>\n<\/tr>\n<tr>\n<td>E Profundidad m\u00e1xima de excavaci\u00f3n<\/td>\n<td>mm<\/td>\n<td>6460<\/td>\n<\/tr>\n<tr>\n<td width=\"481\">F Profundidad m\u00e1xima de corte para un fondo nivelado de 2240 mm (8 pies)<\/td>\n<td>mm<\/td>\n<td>6285<\/td>\n<\/tr>\n<tr>\n<td>G Profundidad m\u00e1xima de excavaci\u00f3n vertical de la pared<\/td>\n<td>mm<\/td>\n<td>5810<\/td>\n<\/tr>\n<tr>\n<td>H Altura m\u00e1x. de elevaci\u00f3n del bulldozer<\/td>\n<td>mm<\/td>\n<td>497<\/td>\n<\/tr>\n<tr>\n<td width=\"204\">Configuraci\u00f3n est\u00e1ndar<\/td>\n<td>\/<\/td>\n<td>\/<\/td>\n<td>Pluma simple<\/td>\n<\/tr>\n<tr>\n<td width=\"204\">Configuraci\u00f3n opcional 1<\/td>\n<td>\/<\/td>\n<td>\/<\/td>\n<td width=\"211\">\/<\/td>\n<\/tr>\n<tr>\n<td width=\"204\">Configuraci\u00f3n opcional 2<\/td>\n<td>\/<\/td>\n<td>\/<\/td>\n<td width=\"211\">\/<\/td>\n<\/tr>\n<\/tbody>\n<\/table>\n<\/div>\n<p><img fetchpriority=\"high\" decoding=\"async\" class=\"alignnone size-medium wp-image-1888\" src=\"https:\/\/www.hcxmachinery.com\/wp-content\/uploads\/2024\/10\/150WD\u4ea7\u54c1\u76f8\u518c\u56fe1\u6700\u65b0-300x300.webp\" alt=\"\" width=\"300\" height=\"300\" title=\"\" srcset=\"https:\/\/www.hcxmachinery.com\/wp-content\/uploads\/2024\/10\/150WD\u4ea7\u54c1\u76f8\u518c\u56fe1\u6700\u65b0-300x300.webp 300w, https:\/\/www.hcxmachinery.com\/wp-content\/uploads\/2024\/10\/150WD\u4ea7\u54c1\u76f8\u518c\u56fe1\u6700\u65b0-150x150.webp 150w, https:\/\/www.hcxmachinery.com\/wp-content\/uploads\/2024\/10\/150WD\u4ea7\u54c1\u76f8\u518c\u56fe1\u6700\u65b0-768x768.webp 768w, https:\/\/www.hcxmachinery.com\/wp-content\/uploads\/2024\/10\/150WD\u4ea7\u54c1\u76f8\u518c\u56fe1\u6700\u65b0-600x600.webp 600w, https:\/\/www.hcxmachinery.com\/wp-content\/uploads\/2024\/10\/150WD\u4ea7\u54c1\u76f8\u518c\u56fe1\u6700\u65b0-100x100.webp 100w, https:\/\/www.hcxmachinery.com\/wp-content\/uploads\/2024\/10\/150WD\u4ea7\u54c1\u76f8\u518c\u56fe1\u6700\u65b0.webp 800w\" sizes=\"(max-width: 300px) 100vw, 300px\" \/> <img decoding=\"async\" class=\"alignnone size-medium wp-image-1887\" src=\"https:\/\/www.hcxmachinery.com\/wp-content\/uploads\/2024\/10\/150WD\u4ea7\u54c1\u76f8\u518c\u56fe7\u6700\u65b0-300x300.webp\" alt=\"\" width=\"300\" height=\"300\" title=\"\" srcset=\"https:\/\/www.hcxmachinery.com\/wp-content\/uploads\/2024\/10\/150WD\u4ea7\u54c1\u76f8\u518c\u56fe7\u6700\u65b0-300x300.webp 300w, https:\/\/www.hcxmachinery.com\/wp-content\/uploads\/2024\/10\/150WD\u4ea7\u54c1\u76f8\u518c\u56fe7\u6700\u65b0-150x150.webp 150w, https:\/\/www.hcxmachinery.com\/wp-content\/uploads\/2024\/10\/150WD\u4ea7\u54c1\u76f8\u518c\u56fe7\u6700\u65b0-768x768.webp 768w, https:\/\/www.hcxmachinery.com\/wp-content\/uploads\/2024\/10\/150WD\u4ea7\u54c1\u76f8\u518c\u56fe7\u6700\u65b0-600x600.webp 600w, https:\/\/www.hcxmachinery.com\/wp-content\/uploads\/2024\/10\/150WD\u4ea7\u54c1\u76f8\u518c\u56fe7\u6700\u65b0-100x100.webp 100w, https:\/\/www.hcxmachinery.com\/wp-content\/uploads\/2024\/10\/150WD\u4ea7\u54c1\u76f8\u518c\u56fe7\u6700\u65b0.webp 800w\" sizes=\"(max-width: 300px) 100vw, 300px\" \/> <img decoding=\"async\" class=\"alignnone size-medium wp-image-1889\" src=\"https:\/\/www.hcxmachinery.com\/wp-content\/uploads\/2024\/10\/150WD\u4ea7\u54c1\u76f8\u518c\u56fe2\u6700\u65b0-300x300.webp\" alt=\"\" width=\"300\" height=\"300\" title=\"\" srcset=\"https:\/\/www.hcxmachinery.com\/wp-content\/uploads\/2024\/10\/150WD\u4ea7\u54c1\u76f8\u518c\u56fe2\u6700\u65b0-300x300.webp 300w, https:\/\/www.hcxmachinery.com\/wp-content\/uploads\/2024\/10\/150WD\u4ea7\u54c1\u76f8\u518c\u56fe2\u6700\u65b0-150x150.webp 150w, https:\/\/www.hcxmachinery.com\/wp-content\/uploads\/2024\/10\/150WD\u4ea7\u54c1\u76f8\u518c\u56fe2\u6700\u65b0-768x768.webp 768w, https:\/\/www.hcxmachinery.com\/wp-content\/uploads\/2024\/10\/150WD\u4ea7\u54c1\u76f8\u518c\u56fe2\u6700\u65b0-600x600.webp 600w, https:\/\/www.hcxmachinery.com\/wp-content\/uploads\/2024\/10\/150WD\u4ea7\u54c1\u76f8\u518c\u56fe2\u6700\u65b0-100x100.webp 100w, https:\/\/www.hcxmachinery.com\/wp-content\/uploads\/2024\/10\/150WD\u4ea7\u54c1\u76f8\u518c\u56fe2\u6700\u65b0.webp 800w\" sizes=\"(max-width: 300px) 100vw, 300px\" \/> <img loading=\"lazy\" decoding=\"async\" class=\"alignnone size-medium wp-image-1890\" src=\"https:\/\/www.hcxmachinery.com\/wp-content\/uploads\/2024\/10\/150WD\u4ea7\u54c1\u76f8\u518c\u56fe3\u6700\u65b0-300x300.webp\" alt=\"\" width=\"300\" height=\"300\" title=\"\" srcset=\"https:\/\/www.hcxmachinery.com\/wp-content\/uploads\/2024\/10\/150WD\u4ea7\u54c1\u76f8\u518c\u56fe3\u6700\u65b0-300x300.webp 300w, https:\/\/www.hcxmachinery.com\/wp-content\/uploads\/2024\/10\/150WD\u4ea7\u54c1\u76f8\u518c\u56fe3\u6700\u65b0-150x150.webp 150w, https:\/\/www.hcxmachinery.com\/wp-content\/uploads\/2024\/10\/150WD\u4ea7\u54c1\u76f8\u518c\u56fe3\u6700\u65b0-768x768.webp 768w, https:\/\/www.hcxmachinery.com\/wp-content\/uploads\/2024\/10\/150WD\u4ea7\u54c1\u76f8\u518c\u56fe3\u6700\u65b0-600x600.webp 600w, https:\/\/www.hcxmachinery.com\/wp-content\/uploads\/2024\/10\/150WD\u4ea7\u54c1\u76f8\u518c\u56fe3\u6700\u65b0-100x100.webp 100w, https:\/\/www.hcxmachinery.com\/wp-content\/uploads\/2024\/10\/150WD\u4ea7\u54c1\u76f8\u518c\u56fe3\u6700\u65b0.webp 800w\" sizes=\"(max-width: 300px) 100vw, 300px\" \/> <img loading=\"lazy\" decoding=\"async\" class=\"alignnone size-medium wp-image-1891\" src=\"https:\/\/www.hcxmachinery.com\/wp-content\/uploads\/2024\/10\/150WD\u4ea7\u54c1\u76f8\u518c\u56fe4\u6700\u65b0-300x300.webp\" alt=\"\" width=\"300\" height=\"300\" title=\"\" srcset=\"https:\/\/www.hcxmachinery.com\/wp-content\/uploads\/2024\/10\/150WD\u4ea7\u54c1\u76f8\u518c\u56fe4\u6700\u65b0-300x300.webp 300w, https:\/\/www.hcxmachinery.com\/wp-content\/uploads\/2024\/10\/150WD\u4ea7\u54c1\u76f8\u518c\u56fe4\u6700\u65b0-150x150.webp 150w, https:\/\/www.hcxmachinery.com\/wp-content\/uploads\/2024\/10\/150WD\u4ea7\u54c1\u76f8\u518c\u56fe4\u6700\u65b0-768x768.webp 768w, https:\/\/www.hcxmachinery.com\/wp-content\/uploads\/2024\/10\/150WD\u4ea7\u54c1\u76f8\u518c\u56fe4\u6700\u65b0-600x600.webp 600w, https:\/\/www.hcxmachinery.com\/wp-content\/uploads\/2024\/10\/150WD\u4ea7\u54c1\u76f8\u518c\u56fe4\u6700\u65b0-100x100.webp 100w, https:\/\/www.hcxmachinery.com\/wp-content\/uploads\/2024\/10\/150WD\u4ea7\u54c1\u76f8\u518c\u56fe4\u6700\u65b0.webp 800w\" sizes=\"(max-width: 300px) 100vw, 300px\" \/> <img loading=\"lazy\" decoding=\"async\" class=\"alignnone size-medium wp-image-1892\" src=\"https:\/\/www.hcxmachinery.com\/wp-content\/uploads\/2024\/10\/150WD\u4ea7\u54c1\u76f8\u518c\u56fe5\u6700\u65b0-300x300.webp\" alt=\"\" width=\"300\" height=\"300\" title=\"\" srcset=\"https:\/\/www.hcxmachinery.com\/wp-content\/uploads\/2024\/10\/150WD\u4ea7\u54c1\u76f8\u518c\u56fe5\u6700\u65b0-300x300.webp 300w, https:\/\/www.hcxmachinery.com\/wp-content\/uploads\/2024\/10\/150WD\u4ea7\u54c1\u76f8\u518c\u56fe5\u6700\u65b0-150x150.webp 150w, https:\/\/www.hcxmachinery.com\/wp-content\/uploads\/2024\/10\/150WD\u4ea7\u54c1\u76f8\u518c\u56fe5\u6700\u65b0-768x768.webp 768w, https:\/\/www.hcxmachinery.com\/wp-content\/uploads\/2024\/10\/150WD\u4ea7\u54c1\u76f8\u518c\u56fe5\u6700\u65b0-600x600.webp 600w, https:\/\/www.hcxmachinery.com\/wp-content\/uploads\/2024\/10\/150WD\u4ea7\u54c1\u76f8\u518c\u56fe5\u6700\u65b0-100x100.webp 100w, https:\/\/www.hcxmachinery.com\/wp-content\/uploads\/2024\/10\/150WD\u4ea7\u54c1\u76f8\u518c\u56fe5\u6700\u65b0.webp 800w\" sizes=\"(max-width: 300px) 100vw, 300px\" \/> <img loading=\"lazy\" decoding=\"async\" class=\"alignnone size-medium wp-image-1893\" src=\"https:\/\/www.hcxmachinery.com\/wp-content\/uploads\/2024\/10\/150WD\u4ea7\u54c1\u76f8\u518c\u56fe6\u6700\u65b0-300x300.webp\" alt=\"\" width=\"300\" height=\"300\" title=\"\" srcset=\"https:\/\/www.hcxmachinery.com\/wp-content\/uploads\/2024\/10\/150WD\u4ea7\u54c1\u76f8\u518c\u56fe6\u6700\u65b0-300x300.webp 300w, https:\/\/www.hcxmachinery.com\/wp-content\/uploads\/2024\/10\/150WD\u4ea7\u54c1\u76f8\u518c\u56fe6\u6700\u65b0-150x150.webp 150w, https:\/\/www.hcxmachinery.com\/wp-content\/uploads\/2024\/10\/150WD\u4ea7\u54c1\u76f8\u518c\u56fe6\u6700\u65b0-768x768.webp 768w, https:\/\/www.hcxmachinery.com\/wp-content\/uploads\/2024\/10\/150WD\u4ea7\u54c1\u76f8\u518c\u56fe6\u6700\u65b0-600x600.webp 600w, https:\/\/www.hcxmachinery.com\/wp-content\/uploads\/2024\/10\/150WD\u4ea7\u54c1\u76f8\u518c\u56fe6\u6700\u65b0-100x100.webp 100w, https:\/\/www.hcxmachinery.com\/wp-content\/uploads\/2024\/10\/150WD\u4ea7\u54c1\u76f8\u518c\u56fe6\u6700\u65b0.webp 800w\" sizes=\"(max-width: 300px) 100vw, 300px\" \/><\/p>","protected":false},"excerpt":{"rendered":"<p>XE150WD The hydraulic excavator is equipped with a low-speed high-torque engine with high efficiency and low fuelconsumption. The large undercarrige [&hellip;]<\/p>","protected":false},"featured_media":1884,"template":"","meta":{"_acf_changed":false,"site-sidebar-layout":"default","site-content-layout":"","ast-site-content-layout":"default","site-content-style":"default","site-sidebar-style":"default","ast-global-header-display":"","ast-banner-title-visibility":"","ast-main-header-display":"","ast-hfb-above-header-display":"","ast-hfb-below-header-display":"","ast-hfb-mobile-header-display":"","site-post-title":"","ast-breadcrumbs-content":"","ast-featured-img":"","footer-sml-layout":"","theme-transparent-header-meta":"default","adv-header-id-meta":"","stick-header-meta":"default","header-above-stick-meta":"","header-main-stick-meta":"","header-below-stick-meta":"","astra-migrate-meta-layouts":"set","ast-page-background-enabled":"default","ast-page-background-meta":{"desktop":{"background-color":"var(--ast-global-color-4)","background-image":"","background-repeat":"repeat","background-position":"center center","background-size":"auto","background-attachment":"scroll","background-type":"","background-media":"","overlay-type":"","overlay-color":"","overlay-opacity":"","overlay-gradient":""},"tablet":{"background-color":"","background-image":"","background-repeat":"repeat","background-position":"center center","background-size":"auto","background-attachment":"scroll","background-type":"","background-media":"","overlay-type":"","overlay-color":"","overlay-opacity":"","overlay-gradient":""},"mobile":{"background-color":"","background-image":"","background-repeat":"repeat","background-position":"center center","background-size":"auto","background-attachment":"scroll","background-type":"","background-media":"","overlay-type":"","overlay-color":"","overlay-opacity":"","overlay-gradient":""}},"ast-content-background-meta":{"desktop":{"background-color":"var(--ast-global-color-5)","background-image":"","background-repeat":"repeat","background-position":"center center","background-size":"auto","background-attachment":"scroll","background-type":"","background-media":"","overlay-type":"","overlay-color":"","overlay-opacity":"","overlay-gradient":""},"tablet":{"background-color":"var(--ast-global-color-5)","background-image":"","background-repeat":"repeat","background-position":"center center","background-size":"auto","background-attachment":"scroll","background-type":"","background-media":"","overlay-type":"","overlay-color":"","overlay-opacity":"","overlay-gradient":""},"mobile":{"background-color":"var(--ast-global-color-5)","background-image":"","background-repeat":"repeat","background-position":"center center","background-size":"auto","background-attachment":"scroll","background-type":"","background-media":"","overlay-type":"","overlay-color":"","overlay-opacity":"","overlay-gradient":""}}},"product_cat":[19,38],"product_tag":[],"class_list":{"0":"post-1279","1":"product","2":"type-product","3":"status-publish","4":"has-post-thumbnail","6":"product_cat-excavator","7":"product_cat-whee-excavator","8":"desktop-align-left","9":"tablet-align-left","10":"mobile-align-left","11":"ast-product-gallery-layout-horizontal-slider","12":"ast-magnify-disabled","13":"ast-product-tabs-layout-horizontal","15":"first","16":"instock","17":"shipping-taxable","18":"product-type-simple"},"acf":[],"_links":{"self":[{"href":"https:\/\/www.hcxmachinery.com\/es\/wp-json\/wp\/v2\/product\/1279"}],"collection":[{"href":"https:\/\/www.hcxmachinery.com\/es\/wp-json\/wp\/v2\/product"}],"about":[{"href":"https:\/\/www.hcxmachinery.com\/es\/wp-json\/wp\/v2\/types\/product"}],"version-history":[{"count":13,"href":"https:\/\/www.hcxmachinery.com\/es\/wp-json\/wp\/v2\/product\/1279\/revisions"}],"predecessor-version":[{"id":3331,"href":"https:\/\/www.hcxmachinery.com\/es\/wp-json\/wp\/v2\/product\/1279\/revisions\/3331"}],"wp:featuredmedia":[{"embeddable":true,"href":"https:\/\/www.hcxmachinery.com\/es\/wp-json\/wp\/v2\/media\/1884"}],"wp:attachment":[{"href":"https:\/\/www.hcxmachinery.com\/es\/wp-json\/wp\/v2\/media?parent=1279"}],"wp:term":[{"taxonomy":"product_cat","embeddable":true,"href":"https:\/\/www.hcxmachinery.com\/es\/wp-json\/wp\/v2\/product_cat?post=1279"},{"taxonomy":"product_tag","embeddable":true,"href":"https:\/\/www.hcxmachinery.com\/es\/wp-json\/wp\/v2\/product_tag?post=1279"}],"curies":[{"name":"wp","href":"https:\/\/api.w.org\/{rel}","templated":true}]}}