{"id":1269,"date":"2022-08-04T13:17:38","date_gmt":"2022-08-04T13:17:38","guid":{"rendered":"https:\/\/hcxmachinery.com\/?post_type=product&#038;p=1269"},"modified":"2025-12-08T07:53:50","modified_gmt":"2025-12-08T07:53:50","slug":"xe650gk","status":"publish","type":"product","link":"https:\/\/www.hcxmachinery.com\/es\/producto\/xe650gk\/","title":{"rendered":"65T buen estado usado XE650GK excavadora de orugas para la venta"},"content":{"rendered":"<h2>XE650GK<\/h2>\n<p>Esta excavadora hidr\u00e1ulica se puede utilizar para excavar, cargar, zanjar, aplastar, perforar, cortar clips, levantar y otras funciones, que ha desempe\u00f1ado un papel cada vez m\u00e1s importante en la energ\u00eda hidroel\u00e9ctrica, transporte, municipal, jard\u00edn, reconstrucci\u00f3n de tierras de cultivo, oleoducto y otros campos de construcci\u00f3n y producci\u00f3n a peque\u00f1a escala. El motor se caracteriza por su bajo consumo de energ\u00eda, respuesta r\u00e1pida, control preciso y peque\u00f1o impacto, y mantiene una fuerte fuerza de excavaci\u00f3n y una excelente eficiencia operativa. Adoptando la nueva generaci\u00f3n de sistema hidr\u00e1ulico de detecci\u00f3n de carga, la p\u00e9rdida de presi\u00f3n del sistema es mucho menor. Con tres partes estructurales principales actualizadas y optimizadas, es m\u00e1s fiable y duradera. Con el cap\u00f3 trasero y la puerta lateral totalmente abiertos, los puntos de mantenimiento diario est\u00e1n al alcance de la mano.<\/p>\n<h2 class=\"fe-bold mb-3\">PAR\u00c1METROS<\/h2>\n<div class=\"scrollable-div\">\n<table width=\"895\">\n<tbody>\n<tr>\n<td colspan=\"2\" width=\"598\">Modelo de ventas<\/td>\n<td width=\"140\">Unidad<\/td>\n<td width=\"157\">Medici\u00f3n<\/td>\n<\/tr>\n<tr>\n<td colspan=\"2\">Peso operativo<\/td>\n<td>Kg<\/td>\n<td>64800<\/td>\n<\/tr>\n<tr>\n<td colspan=\"2\">Capacidad de la cuchara<\/td>\n<td>m\u00b3<\/td>\n<td>4.0\uff5e4.5<\/td>\n<\/tr>\n<tr>\n<td rowspan=\"10\" width=\"166\">Motor<\/td>\n<td>Modelo<\/td>\n<td>\/<\/td>\n<td width=\"157\">M15<\/td>\n<\/tr>\n<tr>\n<td>Inyecci\u00f3n directa<\/td>\n<td>\/<\/td>\n<td width=\"157\">\u221a<\/td>\n<\/tr>\n<tr>\n<td>\u00a0Cuatro golpes<\/td>\n<td>\/<\/td>\n<td width=\"157\">\u221a<\/td>\n<\/tr>\n<tr>\n<td>\u00a0Refrigeraci\u00f3n por agua<\/td>\n<td>\/<\/td>\n<td width=\"157\">\u221a<\/td>\n<\/tr>\n<tr>\n<td>Turboalimentaci\u00f3n<\/td>\n<td>\/<\/td>\n<td width=\"157\">\u221a<\/td>\n<\/tr>\n<tr>\n<td>Refrigerado por aire<\/td>\n<td>\/<\/td>\n<td width=\"157\">\u221a<\/td>\n<\/tr>\n<tr>\n<td>N\u00ba de cilindros<\/td>\n<td>\/<\/td>\n<td width=\"157\">6<\/td>\n<\/tr>\n<tr>\n<td>\u00a0Potencia de salida<\/td>\n<td>kw\/rpm<\/td>\n<td width=\"157\">563\/2000<\/td>\n<\/tr>\n<tr>\n<td>Par\/velocidad m\u00e1ximos<\/td>\n<td>N.m\/rpm<\/td>\n<td width=\"157\">2900\/1200<\/td>\n<\/tr>\n<tr>\n<td>Desplazamiento<\/td>\n<td>L<\/td>\n<td width=\"157\">14.5<\/td>\n<\/tr>\n<tr>\n<td rowspan=\"7\" width=\"166\">Actuaci\u00f3n principal<\/td>\n<td>\u00a0Velocidad de desplazamiento<\/td>\n<td>km\/h<\/td>\n<td width=\"157\">4.5\/2.7<\/td>\n<\/tr>\n<tr>\n<td>\u00a0Velocidad de oscilaci\u00f3n<\/td>\n<td>r\/min<\/td>\n<td width=\"157\">7.2<\/td>\n<\/tr>\n<tr>\n<td>Gradeabilidad<\/td>\n<td>\u00b0<\/td>\n<td width=\"157\">\u226435<\/td>\n<\/tr>\n<tr>\n<td>Presi\u00f3n sobre el suelo<\/td>\n<td>kPa<\/td>\n<td width=\"157\">105<\/td>\n<\/tr>\n<tr>\n<td>\u00a0Fuerza de excavaci\u00f3n de la cuchara<\/td>\n<td>kN<\/td>\n<td width=\"157\">346<\/td>\n<\/tr>\n<tr>\n<td width=\"431\">Fuerza de excavaci\u00f3n del brazo<\/td>\n<td>kN<\/td>\n<td width=\"157\">310<\/td>\n<\/tr>\n<tr>\n<td width=\"431\">\u00a0Tracci\u00f3n m\u00e1xima<\/td>\n<td>kN<\/td>\n<td width=\"157\">463<\/td>\n<\/tr>\n<tr>\n<td rowspan=\"6\" width=\"166\">Sistema hidr\u00e1ulico<\/td>\n<td>\u00a0Bomba principal<\/td>\n<td>\/<\/td>\n<td>2\u00d7bomba de \u00e9mbolo<\/td>\n<\/tr>\n<tr>\n<td>\u00a0Caudal nominal de la bomba principal<\/td>\n<td>L\/min<\/td>\n<td width=\"157\">2\u00d7462<\/td>\n<\/tr>\n<tr>\n<td>\u00a0Presi\u00f3n de la v\u00e1lvula de seguridad principal<\/td>\n<td>MPa<\/td>\n<td width=\"157\">34.3\/37<\/td>\n<\/tr>\n<tr>\n<td>\u00a0Presi\u00f3n del sistema de desplazamiento<\/td>\n<td>MPa<\/td>\n<td width=\"157\">34.3<\/td>\n<\/tr>\n<tr>\n<td>\u00a0Presi\u00f3n del sistema rotatorio<\/td>\n<td>MPa<\/td>\n<td width=\"157\">32<\/td>\n<\/tr>\n<tr>\n<td>\u00a0Presi\u00f3n del sistema piloto<\/td>\n<td>MPa<\/td>\n<td width=\"157\">3.9<\/td>\n<\/tr>\n<tr>\n<td rowspan=\"3\" width=\"166\">Capacidad de aceite<\/td>\n<td>Capacidad del dep\u00f3sito<\/td>\n<td>L<\/td>\n<td width=\"157\">800<\/td>\n<\/tr>\n<tr>\n<td>\u00a0Capacidad del dep\u00f3sito hidr\u00e1ulico<\/td>\n<td>L<\/td>\n<td width=\"157\">650<\/td>\n<\/tr>\n<tr>\n<td>\u00a0Capacidad de aceite del motor<\/td>\n<td>L<\/td>\n<td width=\"157\">56<\/td>\n<\/tr>\n<tr>\n<td rowspan=\"13\" width=\"166\">Tama\u00f1o<\/td>\n<td>A Longitud total<\/td>\n<td>mm<\/td>\n<td width=\"157\">12900<\/td>\n<\/tr>\n<tr>\n<td>B Anchura total<\/td>\n<td>mm<\/td>\n<td width=\"157\">4005<\/td>\n<\/tr>\n<tr>\n<td>C Altura total<\/td>\n<td>mm<\/td>\n<td width=\"157\">4430<\/td>\n<\/tr>\n<tr>\n<td>D Anchura de la plataforma<\/td>\n<td>mm<\/td>\n<td width=\"157\">3400<\/td>\n<\/tr>\n<tr>\n<td>E Longitud de v\u00eda<\/td>\n<td>mm<\/td>\n<td width=\"157\">5730<\/td>\n<\/tr>\n<tr>\n<td>F Anchura total del chasis<\/td>\n<td>mm<\/td>\n<td width=\"157\">3500(sin pedales)<span style=\"font-size: 16px; font-family: inherit;\">)<\/span><\/td>\n<\/tr>\n<tr>\n<td>G Ancho de v\u00eda<\/td>\n<td>mm<\/td>\n<td width=\"157\">600<\/td>\n<\/tr>\n<tr>\n<td>H Longitud hasta el centro de los rodillos<\/td>\n<td>mm<\/td>\n<td width=\"157\">4610<\/td>\n<\/tr>\n<tr>\n<td>I Ancho de v\u00eda<\/td>\n<td>mm<\/td>\n<td width=\"157\">2900<\/td>\n<\/tr>\n<tr>\n<td>J Distancia del contrapeso<\/td>\n<td>mm<\/td>\n<td width=\"157\">1560<\/td>\n<\/tr>\n<tr>\n<td>K Distancia m\u00ednima al suelo<\/td>\n<td>mm<\/td>\n<td width=\"157\">615<\/td>\n<\/tr>\n<tr>\n<td>L Radio m\u00edn. de giro de la cola<\/td>\n<td>mm<\/td>\n<td width=\"157\">4110<\/td>\n<\/tr>\n<tr>\n<td>M Altura de la v\u00eda<\/td>\n<td>mm<\/td>\n<td width=\"157\">1296<\/td>\n<\/tr>\n<tr>\n<td rowspan=\"7\" width=\"166\">\u00c1mbito de trabajo<\/td>\n<td>A Altura m\u00e1xima de excavaci\u00f3n<\/td>\n<td>mm<\/td>\n<td width=\"157\">11410<\/td>\n<\/tr>\n<tr>\n<td>B Altura m\u00e1x. de descarga<\/td>\n<td>mm<\/td>\n<td width=\"157\">7455<\/td>\n<\/tr>\n<tr>\n<td>C Profundidad m\u00e1xima de excavaci\u00f3n<\/td>\n<td>mm<\/td>\n<td width=\"157\">6710<\/td>\n<\/tr>\n<tr>\n<td width=\"431\">D Profundidad m\u00e1xima de corte para un fondo nivelado de 2240 mm (8 pies)<\/td>\n<td>mm<\/td>\n<td width=\"157\">7255<\/td>\n<\/tr>\n<tr>\n<td>E Profundidad m\u00e1xima de excavaci\u00f3n vertical de la pared<\/td>\n<td>mm<\/td>\n<td>\/<\/td>\n<\/tr>\n<tr>\n<td width=\"431\">F Radio de excavaci\u00f3n m\u00e1x.<\/td>\n<td>mm<\/td>\n<td width=\"157\">12240<\/td>\n<\/tr>\n<tr>\n<td width=\"431\">\u00a0Radio de giro m\u00edn.<\/td>\n<td>mm<\/td>\n<td width=\"157\">5175<\/td>\n<\/tr>\n<tr>\n<td rowspan=\"3\" width=\"166\">Configuraci\u00f3n est\u00e1ndar<\/td>\n<td width=\"431\">\u00a0Longitud de la pluma<\/td>\n<td width=\"140\">mm<\/td>\n<td width=\"157\">7100<\/td>\n<\/tr>\n<tr>\n<td width=\"431\">Longitud del brazo<\/td>\n<td width=\"140\">mm<\/td>\n<td width=\"157\">2900<\/td>\n<\/tr>\n<tr>\n<td width=\"431\">Capacidad de la cuchara<\/td>\n<td width=\"140\">m\u00b3<\/td>\n<td width=\"157\">4.0<\/td>\n<\/tr>\n<tr>\n<td rowspan=\"3\" width=\"166\">Configuraci\u00f3n opcional<\/td>\n<td width=\"431\">Longitud de la pluma<\/td>\n<td width=\"140\">m\u00b3<\/td>\n<td width=\"157\">&#8211;<\/td>\n<\/tr>\n<tr>\n<td width=\"431\">Longitud del brazo<\/td>\n<td width=\"140\">m\u00b3<\/td>\n<td width=\"157\">&#8211;<\/td>\n<\/tr>\n<tr>\n<td width=\"431\">Capacidad de la cuchara<\/td>\n<td width=\"140\">m\u00b3<\/td>\n<td width=\"157\">4.5<\/td>\n<\/tr>\n<\/tbody>\n<\/table>\n<\/div>\n<p><img fetchpriority=\"high\" decoding=\"async\" class=\"alignnone size-medium wp-image-2078\" src=\"https:\/\/www.hcxmachinery.com\/wp-content\/uploads\/2022\/08\/650GK\u6b63\u9762_WH_800x800px-300x300.webp\" alt=\"\" width=\"300\" height=\"300\" title=\"\" srcset=\"https:\/\/www.hcxmachinery.com\/wp-content\/uploads\/2022\/08\/650GK\u6b63\u9762_WH_800x800px-300x300.webp 300w, https:\/\/www.hcxmachinery.com\/wp-content\/uploads\/2022\/08\/650GK\u6b63\u9762_WH_800x800px-150x150.webp 150w, https:\/\/www.hcxmachinery.com\/wp-content\/uploads\/2022\/08\/650GK\u6b63\u9762_WH_800x800px-768x768.webp 768w, https:\/\/www.hcxmachinery.com\/wp-content\/uploads\/2022\/08\/650GK\u6b63\u9762_WH_800x800px-600x600.webp 600w, https:\/\/www.hcxmachinery.com\/wp-content\/uploads\/2022\/08\/650GK\u6b63\u9762_WH_800x800px-100x100.webp 100w, https:\/\/www.hcxmachinery.com\/wp-content\/uploads\/2022\/08\/650GK\u6b63\u9762_WH_800x800px.webp 800w\" sizes=\"(max-width: 300px) 100vw, 300px\" \/> <img decoding=\"async\" class=\"alignnone size-medium wp-image-2077\" src=\"https:\/\/www.hcxmachinery.com\/wp-content\/uploads\/2022\/08\/650GK\u9a7e\u9a76\u5ba42_WH_800x800px-300x300.webp\" alt=\"\" width=\"300\" height=\"300\" title=\"\" srcset=\"https:\/\/www.hcxmachinery.com\/wp-content\/uploads\/2022\/08\/650GK\u9a7e\u9a76\u5ba42_WH_800x800px-300x300.webp 300w, https:\/\/www.hcxmachinery.com\/wp-content\/uploads\/2022\/08\/650GK\u9a7e\u9a76\u5ba42_WH_800x800px-150x150.webp 150w, https:\/\/www.hcxmachinery.com\/wp-content\/uploads\/2022\/08\/650GK\u9a7e\u9a76\u5ba42_WH_800x800px-768x768.webp 768w, https:\/\/www.hcxmachinery.com\/wp-content\/uploads\/2022\/08\/650GK\u9a7e\u9a76\u5ba42_WH_800x800px-600x600.webp 600w, https:\/\/www.hcxmachinery.com\/wp-content\/uploads\/2022\/08\/650GK\u9a7e\u9a76\u5ba42_WH_800x800px-100x100.webp 100w, https:\/\/www.hcxmachinery.com\/wp-content\/uploads\/2022\/08\/650GK\u9a7e\u9a76\u5ba42_WH_800x800px.webp 800w\" sizes=\"(max-width: 300px) 100vw, 300px\" \/> <img decoding=\"async\" class=\"alignnone size-medium wp-image-2076\" src=\"https:\/\/www.hcxmachinery.com\/wp-content\/uploads\/2022\/08\/650GK\u9a7e\u9a76\u5ba41_WH_800x800px-300x300.webp\" alt=\"\" width=\"300\" height=\"300\" title=\"\" srcset=\"https:\/\/www.hcxmachinery.com\/wp-content\/uploads\/2022\/08\/650GK\u9a7e\u9a76\u5ba41_WH_800x800px-300x300.webp 300w, https:\/\/www.hcxmachinery.com\/wp-content\/uploads\/2022\/08\/650GK\u9a7e\u9a76\u5ba41_WH_800x800px-150x150.webp 150w, https:\/\/www.hcxmachinery.com\/wp-content\/uploads\/2022\/08\/650GK\u9a7e\u9a76\u5ba41_WH_800x800px-768x768.webp 768w, https:\/\/www.hcxmachinery.com\/wp-content\/uploads\/2022\/08\/650GK\u9a7e\u9a76\u5ba41_WH_800x800px-600x600.webp 600w, https:\/\/www.hcxmachinery.com\/wp-content\/uploads\/2022\/08\/650GK\u9a7e\u9a76\u5ba41_WH_800x800px-100x100.webp 100w, https:\/\/www.hcxmachinery.com\/wp-content\/uploads\/2022\/08\/650GK\u9a7e\u9a76\u5ba41_WH_800x800px.webp 800w\" sizes=\"(max-width: 300px) 100vw, 300px\" \/> <img loading=\"lazy\" decoding=\"async\" class=\"alignnone size-medium wp-image-2075\" src=\"https:\/\/www.hcxmachinery.com\/wp-content\/uploads\/2022\/08\/650GK\u540e\u9762_WH_800x800px-300x300.webp\" alt=\"\" width=\"300\" height=\"300\" title=\"\" srcset=\"https:\/\/www.hcxmachinery.com\/wp-content\/uploads\/2022\/08\/650GK\u540e\u9762_WH_800x800px-300x300.webp 300w, https:\/\/www.hcxmachinery.com\/wp-content\/uploads\/2022\/08\/650GK\u540e\u9762_WH_800x800px-150x150.webp 150w, https:\/\/www.hcxmachinery.com\/wp-content\/uploads\/2022\/08\/650GK\u540e\u9762_WH_800x800px-768x768.webp 768w, https:\/\/www.hcxmachinery.com\/wp-content\/uploads\/2022\/08\/650GK\u540e\u9762_WH_800x800px-600x600.webp 600w, https:\/\/www.hcxmachinery.com\/wp-content\/uploads\/2022\/08\/650GK\u540e\u9762_WH_800x800px-100x100.webp 100w, https:\/\/www.hcxmachinery.com\/wp-content\/uploads\/2022\/08\/650GK\u540e\u9762_WH_800x800px.webp 800w\" sizes=\"(max-width: 300px) 100vw, 300px\" \/> <img loading=\"lazy\" decoding=\"async\" class=\"alignnone size-medium wp-image-2074\" src=\"https:\/\/www.hcxmachinery.com\/wp-content\/uploads\/2022\/08\/650GK\u53d1\u52a8\u673a_WH_800x800px-300x300.webp\" alt=\"\" width=\"300\" height=\"300\" title=\"\" srcset=\"https:\/\/www.hcxmachinery.com\/wp-content\/uploads\/2022\/08\/650GK\u53d1\u52a8\u673a_WH_800x800px-300x300.webp 300w, https:\/\/www.hcxmachinery.com\/wp-content\/uploads\/2022\/08\/650GK\u53d1\u52a8\u673a_WH_800x800px-150x150.webp 150w, https:\/\/www.hcxmachinery.com\/wp-content\/uploads\/2022\/08\/650GK\u53d1\u52a8\u673a_WH_800x800px-768x768.webp 768w, https:\/\/www.hcxmachinery.com\/wp-content\/uploads\/2022\/08\/650GK\u53d1\u52a8\u673a_WH_800x800px-600x600.webp 600w, https:\/\/www.hcxmachinery.com\/wp-content\/uploads\/2022\/08\/650GK\u53d1\u52a8\u673a_WH_800x800px-100x100.webp 100w, https:\/\/www.hcxmachinery.com\/wp-content\/uploads\/2022\/08\/650GK\u53d1\u52a8\u673a_WH_800x800px.webp 800w\" sizes=\"(max-width: 300px) 100vw, 300px\" \/> <img loading=\"lazy\" decoding=\"async\" class=\"alignnone size-medium wp-image-2073\" src=\"https:\/\/www.hcxmachinery.com\/wp-content\/uploads\/2022\/08\/650GK\u5e95\u76d8_WH_800x800px-300x300.webp\" alt=\"\" width=\"300\" height=\"300\" title=\"\" srcset=\"https:\/\/www.hcxmachinery.com\/wp-content\/uploads\/2022\/08\/650GK\u5e95\u76d8_WH_800x800px-300x300.webp 300w, https:\/\/www.hcxmachinery.com\/wp-content\/uploads\/2022\/08\/650GK\u5e95\u76d8_WH_800x800px-150x150.webp 150w, https:\/\/www.hcxmachinery.com\/wp-content\/uploads\/2022\/08\/650GK\u5e95\u76d8_WH_800x800px-768x768.webp 768w, https:\/\/www.hcxmachinery.com\/wp-content\/uploads\/2022\/08\/650GK\u5e95\u76d8_WH_800x800px-600x600.webp 600w, https:\/\/www.hcxmachinery.com\/wp-content\/uploads\/2022\/08\/650GK\u5e95\u76d8_WH_800x800px-100x100.webp 100w, https:\/\/www.hcxmachinery.com\/wp-content\/uploads\/2022\/08\/650GK\u5e95\u76d8_WH_800x800px.webp 800w\" sizes=\"(max-width: 300px) 100vw, 300px\" \/> <img loading=\"lazy\" decoding=\"async\" class=\"alignnone size-medium wp-image-2072\" src=\"https:\/\/www.hcxmachinery.com\/wp-content\/uploads\/2022\/08\/650GK\u4fa7\u97622_WH_800x800px-300x300.webp\" alt=\"\" width=\"300\" height=\"300\" title=\"\" srcset=\"https:\/\/www.hcxmachinery.com\/wp-content\/uploads\/2022\/08\/650GK\u4fa7\u97622_WH_800x800px-300x300.webp 300w, https:\/\/www.hcxmachinery.com\/wp-content\/uploads\/2022\/08\/650GK\u4fa7\u97622_WH_800x800px-150x150.webp 150w, https:\/\/www.hcxmachinery.com\/wp-content\/uploads\/2022\/08\/650GK\u4fa7\u97622_WH_800x800px-768x768.webp 768w, https:\/\/www.hcxmachinery.com\/wp-content\/uploads\/2022\/08\/650GK\u4fa7\u97622_WH_800x800px-600x600.webp 600w, https:\/\/www.hcxmachinery.com\/wp-content\/uploads\/2022\/08\/650GK\u4fa7\u97622_WH_800x800px-100x100.webp 100w, https:\/\/www.hcxmachinery.com\/wp-content\/uploads\/2022\/08\/650GK\u4fa7\u97622_WH_800x800px.webp 800w\" sizes=\"(max-width: 300px) 100vw, 300px\" \/> <img loading=\"lazy\" decoding=\"async\" class=\"alignnone size-medium wp-image-2071\" src=\"https:\/\/www.hcxmachinery.com\/wp-content\/uploads\/2022\/08\/650GK\u4fa7\u97621_WH_800x800px-300x300.webp\" alt=\"\" width=\"300\" height=\"300\" title=\"\" srcset=\"https:\/\/www.hcxmachinery.com\/wp-content\/uploads\/2022\/08\/650GK\u4fa7\u97621_WH_800x800px-300x300.webp 300w, https:\/\/www.hcxmachinery.com\/wp-content\/uploads\/2022\/08\/650GK\u4fa7\u97621_WH_800x800px-150x150.webp 150w, https:\/\/www.hcxmachinery.com\/wp-content\/uploads\/2022\/08\/650GK\u4fa7\u97621_WH_800x800px-768x768.webp 768w, https:\/\/www.hcxmachinery.com\/wp-content\/uploads\/2022\/08\/650GK\u4fa7\u97621_WH_800x800px-600x600.webp 600w, https:\/\/www.hcxmachinery.com\/wp-content\/uploads\/2022\/08\/650GK\u4fa7\u97621_WH_800x800px-100x100.webp 100w, https:\/\/www.hcxmachinery.com\/wp-content\/uploads\/2022\/08\/650GK\u4fa7\u97621_WH_800x800px.webp 800w\" sizes=\"(max-width: 300px) 100vw, 300px\" \/><\/p>\n<p>&nbsp;<\/p>","protected":false},"excerpt":{"rendered":"<p>XE650GK This hydraulic excavator can be used for digging, loading, ditching, crushing, drilling, clip cutting, lifting and other functions, which [&hellip;]<\/p>","protected":false},"featured_media":1921,"template":"","meta":{"_acf_changed":false,"site-sidebar-layout":"default","site-content-layout":"","ast-site-content-layout":"default","site-content-style":"default","site-sidebar-style":"default","ast-global-header-display":"","ast-banner-title-visibility":"","ast-main-header-display":"","ast-hfb-above-header-display":"","ast-hfb-below-header-display":"","ast-hfb-mobile-header-display":"","site-post-title":"","ast-breadcrumbs-content":"","ast-featured-img":"","footer-sml-layout":"","theme-transparent-header-meta":"default","adv-header-id-meta":"","stick-header-meta":"default","header-above-stick-meta":"","header-main-stick-meta":"","header-below-stick-meta":"","astra-migrate-meta-layouts":"set","ast-page-background-enabled":"default","ast-page-background-meta":{"desktop":{"background-color":"var(--ast-global-color-4)","background-image":"","background-repeat":"repeat","background-position":"center center","background-size":"auto","background-attachment":"scroll","background-type":"","background-media":"","overlay-type":"","overlay-color":"","overlay-opacity":"","overlay-gradient":""},"tablet":{"background-color":"","background-image":"","background-repeat":"repeat","background-position":"center center","background-size":"auto","background-attachment":"scroll","background-type":"","background-media":"","overlay-type":"","overlay-color":"","overlay-opacity":"","overlay-gradient":""},"mobile":{"background-color":"","background-image":"","background-repeat":"repeat","background-position":"center center","background-size":"auto","background-attachment":"scroll","background-type":"","background-media":"","overlay-type":"","overlay-color":"","overlay-opacity":"","overlay-gradient":""}},"ast-content-background-meta":{"desktop":{"background-color":"var(--ast-global-color-5)","background-image":"","background-repeat":"repeat","background-position":"center center","background-size":"auto","background-attachment":"scroll","background-type":"","background-media":"","overlay-type":"","overlay-color":"","overlay-opacity":"","overlay-gradient":""},"tablet":{"background-color":"var(--ast-global-color-5)","background-image":"","background-repeat":"repeat","background-position":"center center","background-size":"auto","background-attachment":"scroll","background-type":"","background-media":"","overlay-type":"","overlay-color":"","overlay-opacity":"","overlay-gradient":""},"mobile":{"background-color":"var(--ast-global-color-5)","background-image":"","background-repeat":"repeat","background-position":"center center","background-size":"auto","background-attachment":"scroll","background-type":"","background-media":"","overlay-type":"","overlay-color":"","overlay-opacity":"","overlay-gradient":""}}},"product_cat":[19,37],"product_tag":[],"class_list":{"0":"post-1269","1":"product","2":"type-product","3":"status-publish","4":"has-post-thumbnail","6":"product_cat-excavator","7":"product_cat-big-excavator","8":"desktop-align-left","9":"tablet-align-left","10":"mobile-align-left","11":"ast-product-gallery-layout-horizontal-slider","12":"ast-magnify-disabled","13":"ast-product-tabs-layout-horizontal","15":"first","16":"instock","17":"shipping-taxable","18":"product-type-simple"},"acf":[],"_links":{"self":[{"href":"https:\/\/www.hcxmachinery.com\/es\/wp-json\/wp\/v2\/product\/1269"}],"collection":[{"href":"https:\/\/www.hcxmachinery.com\/es\/wp-json\/wp\/v2\/product"}],"about":[{"href":"https:\/\/www.hcxmachinery.com\/es\/wp-json\/wp\/v2\/types\/product"}],"version-history":[{"count":13,"href":"https:\/\/www.hcxmachinery.com\/es\/wp-json\/wp\/v2\/product\/1269\/revisions"}],"predecessor-version":[{"id":3313,"href":"https:\/\/www.hcxmachinery.com\/es\/wp-json\/wp\/v2\/product\/1269\/revisions\/3313"}],"wp:featuredmedia":[{"embeddable":true,"href":"https:\/\/www.hcxmachinery.com\/es\/wp-json\/wp\/v2\/media\/1921"}],"wp:attachment":[{"href":"https:\/\/www.hcxmachinery.com\/es\/wp-json\/wp\/v2\/media?parent=1269"}],"wp:term":[{"taxonomy":"product_cat","embeddable":true,"href":"https:\/\/www.hcxmachinery.com\/es\/wp-json\/wp\/v2\/product_cat?post=1269"},{"taxonomy":"product_tag","embeddable":true,"href":"https:\/\/www.hcxmachinery.com\/es\/wp-json\/wp\/v2\/product_tag?post=1269"}],"curies":[{"name":"wp","href":"https:\/\/api.w.org\/{rel}","templated":true}]}}