{"id":1244,"date":"2024-10-31T13:07:24","date_gmt":"2024-10-31T13:07:24","guid":{"rendered":"https:\/\/hcxmachinery.com\/?post_type=product&#038;p=1244"},"modified":"2025-12-08T07:59:11","modified_gmt":"2025-12-08T07:59:11","slug":"xe135d","status":"publish","type":"product","link":"https:\/\/www.hcxmachinery.com\/es\/producto\/xe135d\/","title":{"rendered":"Buen Conditon XCMG 135D excavadora usada para la venta"},"content":{"rendered":"<h2>XE135D<\/h2>\n<p>La excavadora hidr\u00e1ulica est\u00e1 equipada con un motor de baja velocidad y alto par con alta eficiencia y bajo consumo de combustible. El undercarrige grande y el amortiguador piloto son m\u00e1s estables y c\u00f3modos de operar; las piezas de mantenimiento se mueven hacia el exterior, el per\u00edodo de mantenimiento se extiende, el mantenimiento es m\u00e1s conveniente; una variedad de accesorios opcionales, as\u00ed como funciones de control de adaptaci\u00f3n de altitud, la adaptabilidad del medio ambiente es mejor. Se puede utilizar ampliamente en obras de tierra y piedra de tama\u00f1o peque\u00f1o y mediano, construcci\u00f3n de carreteras y puentes, excavaci\u00f3n de zanjas y construcci\u00f3n, conservaci\u00f3n de agua en tierras de cultivo, dragado de r\u00edos y construcci\u00f3n municipal. Tambi\u00e9n puede realizar diferentes operaciones como excavaci\u00f3n, trituraci\u00f3n y desmontaje, y es muy adaptable a las condiciones de trabajo.<\/p>\n<h2 class=\"fe-bold mb-3\">PAR\u00c1METROS<\/h2>\n<div class=\"scrollable-div\">\n<table width=\"892\">\n<tbody>\n<tr>\n<td colspan=\"2\" width=\"598\">Modelo de ventas<\/td>\n<td width=\"140\">Unidad<\/td>\n<td width=\"154\">Medici\u00f3n<\/td>\n<\/tr>\n<tr>\n<td colspan=\"2\">Peso operativo<\/td>\n<td>Kg<\/td>\n<td width=\"154\">13200<\/td>\n<\/tr>\n<tr>\n<td colspan=\"2\">Capacidad de la cuchara<\/td>\n<td>m\u00b3<\/td>\n<td width=\"154\">0.32-0.61<\/td>\n<\/tr>\n<tr>\n<td rowspan=\"10\" width=\"166\">Motor<\/td>\n<td>Modelo<\/td>\n<td>\/<\/td>\n<td width=\"154\">QSF3.8<\/td>\n<\/tr>\n<tr>\n<td>Inyecci\u00f3n directa<\/td>\n<td>\/<\/td>\n<td width=\"154\">\u221a<\/td>\n<\/tr>\n<tr>\n<td>\u00a0Cuatro golpes<\/td>\n<td>\/<\/td>\n<td width=\"154\">\u221a<\/td>\n<\/tr>\n<tr>\n<td>\u00a0Refrigeraci\u00f3n por agua<\/td>\n<td>\/<\/td>\n<td width=\"154\">\u221a<\/td>\n<\/tr>\n<tr>\n<td>Turboalimentaci\u00f3n<\/td>\n<td>\/<\/td>\n<td width=\"154\">\u221a<\/td>\n<\/tr>\n<tr>\n<td>Refrigerado por aire<\/td>\n<td>\/<\/td>\n<td width=\"154\">\u221a<\/td>\n<\/tr>\n<tr>\n<td>N\u00ba de cilindros<\/td>\n<td>\/<\/td>\n<td>4<\/td>\n<\/tr>\n<tr>\n<td>\u00a0Potencia de salida<\/td>\n<td>kw\/rpm<\/td>\n<td>86\/2200<\/td>\n<\/tr>\n<tr>\n<td>Par\/velocidad m\u00e1ximos<\/td>\n<td>N.m\/rpm<\/td>\n<td>470\/1300<\/td>\n<\/tr>\n<tr>\n<td>Desplazamiento<\/td>\n<td>L<\/td>\n<td>3.8<\/td>\n<\/tr>\n<tr>\n<td rowspan=\"7\" width=\"166\">Actuaci\u00f3n principal<\/td>\n<td>\u00a0Velocidad de desplazamiento<\/td>\n<td>km\/h<\/td>\n<td width=\"154\">5.2\/2.9<\/td>\n<\/tr>\n<tr>\n<td>\u00a0Velocidad de oscilaci\u00f3n<\/td>\n<td>r\/min<\/td>\n<td width=\"154\">11<\/td>\n<\/tr>\n<tr>\n<td>Gradeabilidad<\/td>\n<td>\u00b0<\/td>\n<td width=\"154\">35<\/td>\n<\/tr>\n<tr>\n<td>Presi\u00f3n sobre el suelo<\/td>\n<td>kPa<\/td>\n<td width=\"154\">40.4<\/td>\n<\/tr>\n<tr>\n<td>\u00a0Fuerza de excavaci\u00f3n de la cuchara<\/td>\n<td>kN<\/td>\n<td width=\"154\">99.1<\/td>\n<\/tr>\n<tr>\n<td width=\"431\">Fuerza de excavaci\u00f3n del brazo<\/td>\n<td>kN<\/td>\n<td width=\"154\">68<\/td>\n<\/tr>\n<tr>\n<td width=\"431\">\u00a0Tracci\u00f3n m\u00e1xima<\/td>\n<td>kN<\/td>\n<td>134<\/td>\n<\/tr>\n<tr>\n<td rowspan=\"6\" width=\"166\">Sistema hidr\u00e1ulico<\/td>\n<td>\u00a0Bomba principal<\/td>\n<td>\/<\/td>\n<td>\/<\/td>\n<\/tr>\n<tr>\n<td>\u00a0Caudal nominal de la bomba principal<\/td>\n<td>L\/min<\/td>\n<td>125.4*2<\/td>\n<\/tr>\n<tr>\n<td>\u00a0Presi\u00f3n de la v\u00e1lvula de seguridad principal<\/td>\n<td>MPa<\/td>\n<td>31.4\/34.3<\/td>\n<\/tr>\n<tr>\n<td>\u00a0Presi\u00f3n del sistema de desplazamiento<\/td>\n<td>MPa<\/td>\n<td>34.4<\/td>\n<\/tr>\n<tr>\n<td>\u00a0Presi\u00f3n del sistema rotatorio<\/td>\n<td>MPa<\/td>\n<td>25<\/td>\n<\/tr>\n<tr>\n<td>\u00a0Presi\u00f3n del sistema piloto<\/td>\n<td>MPa<\/td>\n<td>3.9<\/td>\n<\/tr>\n<tr>\n<td rowspan=\"3\" width=\"166\">Capacidad de aceite<\/td>\n<td>Capacidad del dep\u00f3sito<\/td>\n<td>L<\/td>\n<td width=\"154\">260<\/td>\n<\/tr>\n<tr>\n<td>\u00a0Capacidad del dep\u00f3sito hidr\u00e1ulico<\/td>\n<td>L<\/td>\n<td width=\"154\">105<\/td>\n<\/tr>\n<tr>\n<td>\u00a0Capacidad de aceite del motor<\/td>\n<td>L<\/td>\n<td>11<\/td>\n<\/tr>\n<tr>\n<td rowspan=\"13\" width=\"166\">Tama\u00f1o<\/td>\n<td>A Longitud total<\/td>\n<td>mm<\/td>\n<td width=\"154\">7795<\/td>\n<\/tr>\n<tr>\n<td>B Anchura total<\/td>\n<td>mm<\/td>\n<td width=\"154\">2525<\/td>\n<\/tr>\n<tr>\n<td>C Altura total<\/td>\n<td>mm<\/td>\n<td width=\"154\">2880<\/td>\n<\/tr>\n<tr>\n<td>D Anchura de la plataforma<\/td>\n<td>mm<\/td>\n<td>2490<\/td>\n<\/tr>\n<tr>\n<td>E Longitud de v\u00eda<\/td>\n<td>mm<\/td>\n<td>3648<\/td>\n<\/tr>\n<tr>\n<td>F Anchura total del chasis<\/td>\n<td>mm<\/td>\n<td>2490<\/td>\n<\/tr>\n<tr>\n<td>G Ancho de v\u00eda<\/td>\n<td>mm<\/td>\n<td width=\"154\">500<\/td>\n<\/tr>\n<tr>\n<td>H Longitud hasta el centro de los rodillos<\/td>\n<td>mm<\/td>\n<td>2918<\/td>\n<\/tr>\n<tr>\n<td>I Ancho de v\u00eda<\/td>\n<td>mm<\/td>\n<td>1990<\/td>\n<\/tr>\n<tr>\n<td>J Distancia del contrapeso<\/td>\n<td>mm<\/td>\n<td width=\"154\">931<\/td>\n<\/tr>\n<tr>\n<td>K Distancia m\u00ednima al suelo<\/td>\n<td>mm<\/td>\n<td>466<\/td>\n<\/tr>\n<tr>\n<td>L Radio m\u00edn. de giro de la cola<\/td>\n<td>mm<\/td>\n<td width=\"154\">2325<\/td>\n<\/tr>\n<tr>\n<td>M Altura de la v\u00eda<\/td>\n<td>mm<\/td>\n<td>802<\/td>\n<\/tr>\n<tr>\n<td rowspan=\"7\" width=\"166\">\u00c1mbito de trabajo<\/td>\n<td>A Altura m\u00e1xima de excavaci\u00f3n<\/td>\n<td>mm<\/td>\n<td width=\"154\">8638<\/td>\n<\/tr>\n<tr>\n<td>B Altura m\u00e1x. de descarga<\/td>\n<td>mm<\/td>\n<td width=\"154\">6174<\/td>\n<\/tr>\n<tr>\n<td>C Profundidad m\u00e1xima de excavaci\u00f3n<\/td>\n<td>mm<\/td>\n<td width=\"154\">5546<\/td>\n<\/tr>\n<tr>\n<td width=\"431\">D Profundidad m\u00e1xima de corte para un fondo nivelado de 2240 mm (8 pies)<\/td>\n<td>mm<\/td>\n<td>5335<\/td>\n<\/tr>\n<tr>\n<td>E Profundidad m\u00e1xima de excavaci\u00f3n vertical de la pared<\/td>\n<td>mm<\/td>\n<td width=\"154\">4698<\/td>\n<\/tr>\n<tr>\n<td width=\"431\">F Radio de excavaci\u00f3n m\u00e1x.<\/td>\n<td>mm<\/td>\n<td width=\"154\">8304<\/td>\n<\/tr>\n<tr>\n<td width=\"431\">\u00a0Radio de giro m\u00edn.<\/td>\n<td>mm<\/td>\n<td width=\"154\">2445<\/td>\n<\/tr>\n<tr>\n<td rowspan=\"3\" width=\"166\">Configuraci\u00f3n est\u00e1ndar<\/td>\n<td width=\"431\">\u00a0Longitud de la pluma<\/td>\n<td width=\"140\">mm<\/td>\n<td>4600<\/td>\n<\/tr>\n<tr>\n<td width=\"431\">Longitud del brazo<\/td>\n<td width=\"140\">mm<\/td>\n<td>2520<\/td>\n<\/tr>\n<tr>\n<td width=\"431\">Capacidad de la cuchara<\/td>\n<td width=\"140\">m\u00b3<\/td>\n<td width=\"154\">0,52 Cubo reforzado<\/td>\n<\/tr>\n<tr>\n<td rowspan=\"3\" width=\"166\">Configuraci\u00f3n opcional<\/td>\n<td width=\"431\">Longitud de la pluma<\/td>\n<td width=\"140\">m\u00b3<\/td>\n<td>\/<\/td>\n<\/tr>\n<tr>\n<td width=\"431\">Longitud del brazo<\/td>\n<td width=\"140\">m\u00b3<\/td>\n<td>2100\/3010<\/td>\n<\/tr>\n<tr>\n<td width=\"431\">Capacidad de la cuchara<\/td>\n<td width=\"140\">m\u00b3<\/td>\n<td width=\"154\">0.32\/0.4\/0.61<\/td>\n<\/tr>\n<\/tbody>\n<\/table>\n<\/div>\n<p><img fetchpriority=\"high\" decoding=\"async\" class=\"alignnone size-medium wp-image-1902\" src=\"https:\/\/www.hcxmachinery.com\/wp-content\/uploads\/2024\/10\/135D\u4ea7\u54c1\u76f8\u518c\u56fe7\u6700\u65b0-300x300.webp\" alt=\"\" width=\"300\" height=\"300\" title=\"\" srcset=\"https:\/\/www.hcxmachinery.com\/wp-content\/uploads\/2024\/10\/135D\u4ea7\u54c1\u76f8\u518c\u56fe7\u6700\u65b0-300x300.webp 300w, https:\/\/www.hcxmachinery.com\/wp-content\/uploads\/2024\/10\/135D\u4ea7\u54c1\u76f8\u518c\u56fe7\u6700\u65b0-150x150.webp 150w, https:\/\/www.hcxmachinery.com\/wp-content\/uploads\/2024\/10\/135D\u4ea7\u54c1\u76f8\u518c\u56fe7\u6700\u65b0-768x768.webp 768w, https:\/\/www.hcxmachinery.com\/wp-content\/uploads\/2024\/10\/135D\u4ea7\u54c1\u76f8\u518c\u56fe7\u6700\u65b0-600x600.webp 600w, https:\/\/www.hcxmachinery.com\/wp-content\/uploads\/2024\/10\/135D\u4ea7\u54c1\u76f8\u518c\u56fe7\u6700\u65b0-100x100.webp 100w, https:\/\/www.hcxmachinery.com\/wp-content\/uploads\/2024\/10\/135D\u4ea7\u54c1\u76f8\u518c\u56fe7\u6700\u65b0.webp 800w\" sizes=\"(max-width: 300px) 100vw, 300px\" \/> <img decoding=\"async\" class=\"alignnone size-medium wp-image-1901\" src=\"https:\/\/www.hcxmachinery.com\/wp-content\/uploads\/2024\/10\/135D\u4ea7\u54c1\u76f8\u518c\u56fe6\u6700\u65b0-300x300.webp\" alt=\"\" width=\"300\" height=\"300\" title=\"\" srcset=\"https:\/\/www.hcxmachinery.com\/wp-content\/uploads\/2024\/10\/135D\u4ea7\u54c1\u76f8\u518c\u56fe6\u6700\u65b0-300x300.webp 300w, https:\/\/www.hcxmachinery.com\/wp-content\/uploads\/2024\/10\/135D\u4ea7\u54c1\u76f8\u518c\u56fe6\u6700\u65b0-150x150.webp 150w, https:\/\/www.hcxmachinery.com\/wp-content\/uploads\/2024\/10\/135D\u4ea7\u54c1\u76f8\u518c\u56fe6\u6700\u65b0-768x768.webp 768w, https:\/\/www.hcxmachinery.com\/wp-content\/uploads\/2024\/10\/135D\u4ea7\u54c1\u76f8\u518c\u56fe6\u6700\u65b0-600x600.webp 600w, https:\/\/www.hcxmachinery.com\/wp-content\/uploads\/2024\/10\/135D\u4ea7\u54c1\u76f8\u518c\u56fe6\u6700\u65b0-100x100.webp 100w, https:\/\/www.hcxmachinery.com\/wp-content\/uploads\/2024\/10\/135D\u4ea7\u54c1\u76f8\u518c\u56fe6\u6700\u65b0.webp 800w\" sizes=\"(max-width: 300px) 100vw, 300px\" \/> <img decoding=\"async\" class=\"alignnone size-medium wp-image-1900\" src=\"https:\/\/www.hcxmachinery.com\/wp-content\/uploads\/2024\/10\/135D\u4ea7\u54c1\u76f8\u518c\u56fe5\u6700\u65b0-300x300.webp\" alt=\"\" width=\"300\" height=\"300\" title=\"\" srcset=\"https:\/\/www.hcxmachinery.com\/wp-content\/uploads\/2024\/10\/135D\u4ea7\u54c1\u76f8\u518c\u56fe5\u6700\u65b0-300x300.webp 300w, https:\/\/www.hcxmachinery.com\/wp-content\/uploads\/2024\/10\/135D\u4ea7\u54c1\u76f8\u518c\u56fe5\u6700\u65b0-150x150.webp 150w, https:\/\/www.hcxmachinery.com\/wp-content\/uploads\/2024\/10\/135D\u4ea7\u54c1\u76f8\u518c\u56fe5\u6700\u65b0-768x768.webp 768w, https:\/\/www.hcxmachinery.com\/wp-content\/uploads\/2024\/10\/135D\u4ea7\u54c1\u76f8\u518c\u56fe5\u6700\u65b0-600x600.webp 600w, https:\/\/www.hcxmachinery.com\/wp-content\/uploads\/2024\/10\/135D\u4ea7\u54c1\u76f8\u518c\u56fe5\u6700\u65b0-100x100.webp 100w, https:\/\/www.hcxmachinery.com\/wp-content\/uploads\/2024\/10\/135D\u4ea7\u54c1\u76f8\u518c\u56fe5\u6700\u65b0.webp 800w\" sizes=\"(max-width: 300px) 100vw, 300px\" \/> <img loading=\"lazy\" decoding=\"async\" class=\"alignnone size-medium wp-image-1899\" src=\"https:\/\/www.hcxmachinery.com\/wp-content\/uploads\/2024\/10\/135D\u4ea7\u54c1\u76f8\u518c\u56fe4\u6700\u65b0-300x300.webp\" alt=\"\" width=\"300\" height=\"300\" title=\"\" srcset=\"https:\/\/www.hcxmachinery.com\/wp-content\/uploads\/2024\/10\/135D\u4ea7\u54c1\u76f8\u518c\u56fe4\u6700\u65b0-300x300.webp 300w, https:\/\/www.hcxmachinery.com\/wp-content\/uploads\/2024\/10\/135D\u4ea7\u54c1\u76f8\u518c\u56fe4\u6700\u65b0-150x150.webp 150w, https:\/\/www.hcxmachinery.com\/wp-content\/uploads\/2024\/10\/135D\u4ea7\u54c1\u76f8\u518c\u56fe4\u6700\u65b0-768x768.webp 768w, https:\/\/www.hcxmachinery.com\/wp-content\/uploads\/2024\/10\/135D\u4ea7\u54c1\u76f8\u518c\u56fe4\u6700\u65b0-600x600.webp 600w, https:\/\/www.hcxmachinery.com\/wp-content\/uploads\/2024\/10\/135D\u4ea7\u54c1\u76f8\u518c\u56fe4\u6700\u65b0-100x100.webp 100w, https:\/\/www.hcxmachinery.com\/wp-content\/uploads\/2024\/10\/135D\u4ea7\u54c1\u76f8\u518c\u56fe4\u6700\u65b0.webp 800w\" sizes=\"(max-width: 300px) 100vw, 300px\" \/> <img loading=\"lazy\" decoding=\"async\" class=\"alignnone size-medium wp-image-1898\" src=\"https:\/\/www.hcxmachinery.com\/wp-content\/uploads\/2024\/10\/135D\u4ea7\u54c1\u76f8\u518c\u56fe3\u6700\u65b0-300x300.webp\" alt=\"\" width=\"300\" height=\"300\" title=\"\" srcset=\"https:\/\/www.hcxmachinery.com\/wp-content\/uploads\/2024\/10\/135D\u4ea7\u54c1\u76f8\u518c\u56fe3\u6700\u65b0-300x300.webp 300w, https:\/\/www.hcxmachinery.com\/wp-content\/uploads\/2024\/10\/135D\u4ea7\u54c1\u76f8\u518c\u56fe3\u6700\u65b0-150x150.webp 150w, https:\/\/www.hcxmachinery.com\/wp-content\/uploads\/2024\/10\/135D\u4ea7\u54c1\u76f8\u518c\u56fe3\u6700\u65b0-768x768.webp 768w, https:\/\/www.hcxmachinery.com\/wp-content\/uploads\/2024\/10\/135D\u4ea7\u54c1\u76f8\u518c\u56fe3\u6700\u65b0-600x600.webp 600w, https:\/\/www.hcxmachinery.com\/wp-content\/uploads\/2024\/10\/135D\u4ea7\u54c1\u76f8\u518c\u56fe3\u6700\u65b0-100x100.webp 100w, https:\/\/www.hcxmachinery.com\/wp-content\/uploads\/2024\/10\/135D\u4ea7\u54c1\u76f8\u518c\u56fe3\u6700\u65b0.webp 800w\" sizes=\"(max-width: 300px) 100vw, 300px\" \/> <img loading=\"lazy\" decoding=\"async\" class=\"alignnone size-medium wp-image-1897\" src=\"https:\/\/www.hcxmachinery.com\/wp-content\/uploads\/2024\/10\/135D\u4ea7\u54c1\u76f8\u518c\u56fe2\u6700\u65b0-300x300.webp\" alt=\"\" width=\"300\" height=\"300\" title=\"\" srcset=\"https:\/\/www.hcxmachinery.com\/wp-content\/uploads\/2024\/10\/135D\u4ea7\u54c1\u76f8\u518c\u56fe2\u6700\u65b0-300x300.webp 300w, https:\/\/www.hcxmachinery.com\/wp-content\/uploads\/2024\/10\/135D\u4ea7\u54c1\u76f8\u518c\u56fe2\u6700\u65b0-150x150.webp 150w, https:\/\/www.hcxmachinery.com\/wp-content\/uploads\/2024\/10\/135D\u4ea7\u54c1\u76f8\u518c\u56fe2\u6700\u65b0-768x768.webp 768w, https:\/\/www.hcxmachinery.com\/wp-content\/uploads\/2024\/10\/135D\u4ea7\u54c1\u76f8\u518c\u56fe2\u6700\u65b0-600x600.webp 600w, https:\/\/www.hcxmachinery.com\/wp-content\/uploads\/2024\/10\/135D\u4ea7\u54c1\u76f8\u518c\u56fe2\u6700\u65b0-100x100.webp 100w, https:\/\/www.hcxmachinery.com\/wp-content\/uploads\/2024\/10\/135D\u4ea7\u54c1\u76f8\u518c\u56fe2\u6700\u65b0.webp 800w\" sizes=\"(max-width: 300px) 100vw, 300px\" \/> <img loading=\"lazy\" decoding=\"async\" class=\"alignnone size-medium wp-image-1896\" src=\"https:\/\/www.hcxmachinery.com\/wp-content\/uploads\/2024\/10\/135D\u4ea7\u54c1\u76f8\u518c\u56fe1\u6700\u65b0-300x300.webp\" alt=\"\" width=\"300\" height=\"300\" title=\"\" srcset=\"https:\/\/www.hcxmachinery.com\/wp-content\/uploads\/2024\/10\/135D\u4ea7\u54c1\u76f8\u518c\u56fe1\u6700\u65b0-300x300.webp 300w, https:\/\/www.hcxmachinery.com\/wp-content\/uploads\/2024\/10\/135D\u4ea7\u54c1\u76f8\u518c\u56fe1\u6700\u65b0-150x150.webp 150w, https:\/\/www.hcxmachinery.com\/wp-content\/uploads\/2024\/10\/135D\u4ea7\u54c1\u76f8\u518c\u56fe1\u6700\u65b0-768x768.webp 768w, https:\/\/www.hcxmachinery.com\/wp-content\/uploads\/2024\/10\/135D\u4ea7\u54c1\u76f8\u518c\u56fe1\u6700\u65b0-600x600.webp 600w, https:\/\/www.hcxmachinery.com\/wp-content\/uploads\/2024\/10\/135D\u4ea7\u54c1\u76f8\u518c\u56fe1\u6700\u65b0-100x100.webp 100w, https:\/\/www.hcxmachinery.com\/wp-content\/uploads\/2024\/10\/135D\u4ea7\u54c1\u76f8\u518c\u56fe1\u6700\u65b0.webp 800w\" sizes=\"(max-width: 300px) 100vw, 300px\" \/> <img loading=\"lazy\" decoding=\"async\" class=\"alignnone size-medium wp-image-1895\" src=\"https:\/\/www.hcxmachinery.com\/wp-content\/uploads\/2024\/10\/135D\u4ea7\u54c1\u76f8\u518c\u56fe8\u6700\u65b0-300x300.webp\" alt=\"\" width=\"300\" height=\"300\" title=\"\" srcset=\"https:\/\/www.hcxmachinery.com\/wp-content\/uploads\/2024\/10\/135D\u4ea7\u54c1\u76f8\u518c\u56fe8\u6700\u65b0-300x300.webp 300w, https:\/\/www.hcxmachinery.com\/wp-content\/uploads\/2024\/10\/135D\u4ea7\u54c1\u76f8\u518c\u56fe8\u6700\u65b0-150x150.webp 150w, https:\/\/www.hcxmachinery.com\/wp-content\/uploads\/2024\/10\/135D\u4ea7\u54c1\u76f8\u518c\u56fe8\u6700\u65b0-768x768.webp 768w, https:\/\/www.hcxmachinery.com\/wp-content\/uploads\/2024\/10\/135D\u4ea7\u54c1\u76f8\u518c\u56fe8\u6700\u65b0-600x600.webp 600w, https:\/\/www.hcxmachinery.com\/wp-content\/uploads\/2024\/10\/135D\u4ea7\u54c1\u76f8\u518c\u56fe8\u6700\u65b0-100x100.webp 100w, https:\/\/www.hcxmachinery.com\/wp-content\/uploads\/2024\/10\/135D\u4ea7\u54c1\u76f8\u518c\u56fe8\u6700\u65b0.webp 800w\" sizes=\"(max-width: 300px) 100vw, 300px\" \/><\/p>","protected":false},"excerpt":{"rendered":"<p>XE135D The hydraulic excavator is equipped with a low-speed high-torque engine with high efficiency and low fuelconsumption. The large undercarrige [&hellip;]<\/p>","protected":false},"featured_media":1883,"template":"","meta":{"_acf_changed":false,"site-sidebar-layout":"default","site-content-layout":"","ast-site-content-layout":"default","site-content-style":"default","site-sidebar-style":"default","ast-global-header-display":"","ast-banner-title-visibility":"","ast-main-header-display":"","ast-hfb-above-header-display":"","ast-hfb-below-header-display":"","ast-hfb-mobile-header-display":"","site-post-title":"","ast-breadcrumbs-content":"","ast-featured-img":"","footer-sml-layout":"","theme-transparent-header-meta":"default","adv-header-id-meta":"","stick-header-meta":"default","header-above-stick-meta":"","header-main-stick-meta":"","header-below-stick-meta":"","astra-migrate-meta-layouts":"set","ast-page-background-enabled":"default","ast-page-background-meta":{"desktop":{"background-color":"var(--ast-global-color-4)","background-image":"","background-repeat":"repeat","background-position":"center center","background-size":"auto","background-attachment":"scroll","background-type":"","background-media":"","overlay-type":"","overlay-color":"","overlay-opacity":"","overlay-gradient":""},"tablet":{"background-color":"","background-image":"","background-repeat":"repeat","background-position":"center center","background-size":"auto","background-attachment":"scroll","background-type":"","background-media":"","overlay-type":"","overlay-color":"","overlay-opacity":"","overlay-gradient":""},"mobile":{"background-color":"","background-image":"","background-repeat":"repeat","background-position":"center center","background-size":"auto","background-attachment":"scroll","background-type":"","background-media":"","overlay-type":"","overlay-color":"","overlay-opacity":"","overlay-gradient":""}},"ast-content-background-meta":{"desktop":{"background-color":"var(--ast-global-color-5)","background-image":"","background-repeat":"repeat","background-position":"center center","background-size":"auto","background-attachment":"scroll","background-type":"","background-media":"","overlay-type":"","overlay-color":"","overlay-opacity":"","overlay-gradient":""},"tablet":{"background-color":"var(--ast-global-color-5)","background-image":"","background-repeat":"repeat","background-position":"center center","background-size":"auto","background-attachment":"scroll","background-type":"","background-media":"","overlay-type":"","overlay-color":"","overlay-opacity":"","overlay-gradient":""},"mobile":{"background-color":"var(--ast-global-color-5)","background-image":"","background-repeat":"repeat","background-position":"center center","background-size":"auto","background-attachment":"scroll","background-type":"","background-media":"","overlay-type":"","overlay-color":"","overlay-opacity":"","overlay-gradient":""}}},"product_cat":[19,36],"product_tag":[],"class_list":{"0":"post-1244","1":"product","2":"type-product","3":"status-publish","4":"has-post-thumbnail","6":"product_cat-excavator","7":"product_cat-medium-excavator","8":"desktop-align-left","9":"tablet-align-left","10":"mobile-align-left","11":"ast-product-gallery-layout-horizontal-slider","12":"ast-magnify-disabled","13":"ast-product-tabs-layout-horizontal","15":"first","16":"instock","17":"shipping-taxable","18":"product-type-simple"},"acf":[],"_links":{"self":[{"href":"https:\/\/www.hcxmachinery.com\/es\/wp-json\/wp\/v2\/product\/1244"}],"collection":[{"href":"https:\/\/www.hcxmachinery.com\/es\/wp-json\/wp\/v2\/product"}],"about":[{"href":"https:\/\/www.hcxmachinery.com\/es\/wp-json\/wp\/v2\/types\/product"}],"version-history":[{"count":15,"href":"https:\/\/www.hcxmachinery.com\/es\/wp-json\/wp\/v2\/product\/1244\/revisions"}],"predecessor-version":[{"id":3319,"href":"https:\/\/www.hcxmachinery.com\/es\/wp-json\/wp\/v2\/product\/1244\/revisions\/3319"}],"wp:featuredmedia":[{"embeddable":true,"href":"https:\/\/www.hcxmachinery.com\/es\/wp-json\/wp\/v2\/media\/1883"}],"wp:attachment":[{"href":"https:\/\/www.hcxmachinery.com\/es\/wp-json\/wp\/v2\/media?parent=1244"}],"wp:term":[{"taxonomy":"product_cat","embeddable":true,"href":"https:\/\/www.hcxmachinery.com\/es\/wp-json\/wp\/v2\/product_cat?post=1244"},{"taxonomy":"product_tag","embeddable":true,"href":"https:\/\/www.hcxmachinery.com\/es\/wp-json\/wp\/v2\/product_tag?post=1244"}],"curies":[{"name":"wp","href":"https:\/\/api.w.org\/{rel}","templated":true}]}}