{"id":1223,"date":"2024-10-31T12:46:16","date_gmt":"2024-10-31T12:46:16","guid":{"rendered":"https:\/\/hcxmachinery.com\/?post_type=product&#038;p=1223"},"modified":"2025-12-08T08:03:21","modified_gmt":"2025-12-08T08:03:21","slug":"xe17u-2","status":"publish","type":"product","link":"https:\/\/www.hcxmachinery.com\/es\/producto\/xe17u-2\/","title":{"rendered":"Buen precio usado XCMG 17U Micro excavadora de orugas hidr\u00e1ulica para la venta"},"content":{"rendered":"<h2>XE17U<\/h2>\n<p>La excavadora hidr\u00e1ulica est\u00e1 equipada con un motor de baja velocidad y alto par con alta eficiencia y bajo consumo de combustible. Las piezas de mantenimiento se mueven hacia afuera, el per\u00edodo de mantenimiento se extiende, el mantenimiento es m\u00e1s conveniente; una variedad de accesorios opcionales, as\u00ed como funciones de control adaptativo de altitud, la adaptabilidad al medio ambiente es mejor. Se puede utilizar ampliamente en trabajos de tierra y piedra de tama\u00f1o peque\u00f1o y mediano, construcci\u00f3n de carreteras y puentes, excavaci\u00f3n de zanjas y construcci\u00f3n, conservaci\u00f3n de agua en tierras de cultivo, dragado de r\u00edos y construcci\u00f3n municipal. Tambi\u00e9n puede realizar diferentes operaciones como excavaci\u00f3n, trituraci\u00f3n y desmontaje, y es muy adaptable a las condiciones de trabajo.<\/p>\n<h2 class=\"fe-bold mb-3\">PAR\u00c1METROS<\/h2>\n<div class=\"scrollable-div\">\n<table width=\"977\">\n<tbody>\n<tr>\n<td colspan=\"2\" width=\"669\">Modelo<\/td>\n<td width=\"148\">Unidad<\/td>\n<td width=\"159\">XE17U<\/td>\n<\/tr>\n<tr>\n<td colspan=\"2\">Peso operativo<\/td>\n<td>Kg<\/td>\n<td width=\"159\">1795<\/td>\n<\/tr>\n<tr>\n<td colspan=\"2\">Capacidad de la cuchara<\/td>\n<td>m\u00b3<\/td>\n<td width=\"159\">0.04<\/td>\n<\/tr>\n<tr>\n<td rowspan=\"9\" width=\"250\">Motor<\/td>\n<td>Modelo<\/td>\n<td>\/<\/td>\n<td width=\"159\">D902<\/td>\n<\/tr>\n<tr>\n<td>Inyecci\u00f3n directa<\/td>\n<td>\/<\/td>\n<td width=\"159\">\u00d7<\/td>\n<\/tr>\n<tr>\n<td>Cuatro golpes<\/td>\n<td>\/<\/td>\n<td width=\"159\">\u221a<\/td>\n<\/tr>\n<tr>\n<td>Refrigeraci\u00f3n por agua<\/td>\n<td>\/<\/td>\n<td width=\"159\">\u221a<\/td>\n<\/tr>\n<tr>\n<td>Turboalimentaci\u00f3n<\/td>\n<td>\/<\/td>\n<td width=\"159\">\u00d7<\/td>\n<\/tr>\n<tr>\n<td>N\u00ba de cilindros<\/td>\n<td>\/<\/td>\n<td width=\"159\">3<\/td>\n<\/tr>\n<tr>\n<td>Potencia de salida<\/td>\n<td>kw\/rpm<\/td>\n<td width=\"159\">11.8\/2300<\/td>\n<\/tr>\n<tr>\n<td>Par\/velocidad m\u00e1ximos<\/td>\n<td>N.m<\/td>\n<td width=\"159\">51.3\/1800<\/td>\n<\/tr>\n<tr>\n<td>Desplazamiento<\/td>\n<td>L<\/td>\n<td width=\"159\">0.898<\/td>\n<\/tr>\n<tr>\n<td rowspan=\"7\" width=\"250\">Actuaci\u00f3n principal<\/td>\n<td>Velocidad de desplazamiento<\/td>\n<td>km\/h<\/td>\n<td width=\"159\">4.1\/2.6<\/td>\n<\/tr>\n<tr>\n<td>Velocidad de oscilaci\u00f3n<\/td>\n<td>r\/min<\/td>\n<td width=\"159\">9<\/td>\n<\/tr>\n<tr>\n<td width=\"419\">Gradeabilidad<\/td>\n<td>\u00b0<\/td>\n<td width=\"159\">\u226430<\/td>\n<\/tr>\n<tr>\n<td width=\"419\">\u00a0Presi\u00f3n sobre el suelo<\/td>\n<td>kPa<\/td>\n<td width=\"159\">28.5<\/td>\n<\/tr>\n<tr>\n<td width=\"419\">\u00a0Fuerza de excavaci\u00f3n de la cuchara<\/td>\n<td>kN<\/td>\n<td width=\"159\">16<\/td>\n<\/tr>\n<tr>\n<td width=\"419\">\u00a0Fuerza de excavaci\u00f3n del brazo<\/td>\n<td>kN<\/td>\n<td width=\"159\">10<\/td>\n<\/tr>\n<tr>\n<td width=\"419\">\u00a0Tracci\u00f3n m\u00e1xima<\/td>\n<td>kN<\/td>\n<td width=\"159\">21.4<\/td>\n<\/tr>\n<tr>\n<td rowspan=\"5\" width=\"250\">Sistema hidr\u00e1ulico<\/td>\n<td width=\"419\">\u00a0Caudal nominal de la bomba principal<\/td>\n<td>L\/min<\/td>\n<td width=\"159\">64.4<\/td>\n<\/tr>\n<tr>\n<td>\u00a0Presi\u00f3n de la v\u00e1lvula de seguridad principal<\/td>\n<td>MPa<\/td>\n<td width=\"159\">25.3<\/td>\n<\/tr>\n<tr>\n<td>\u00a0Presi\u00f3n del sistema de desplazamiento<\/td>\n<td>MPa<\/td>\n<td width=\"159\">21<\/td>\n<\/tr>\n<tr>\n<td>\u00a0Presi\u00f3n del sistema oscilante<\/td>\n<td>MPa<\/td>\n<td width=\"159\">11<\/td>\n<\/tr>\n<tr>\n<td>\u00a0Presi\u00f3n del sistema piloto<\/td>\n<td>MPa<\/td>\n<td width=\"159\">3.5<\/td>\n<\/tr>\n<tr>\n<td rowspan=\"3\" width=\"250\">Capacidad de aceite<\/td>\n<td width=\"419\">\u00a0Capacidad del dep\u00f3sito<\/td>\n<td>L<\/td>\n<td width=\"159\">20<\/td>\n<\/tr>\n<tr>\n<td width=\"419\">\u00a0Capacidad del dep\u00f3sito hidr\u00e1ulico<\/td>\n<td>L<\/td>\n<td width=\"159\">18<\/td>\n<\/tr>\n<tr>\n<td>\u00a0Capacidad de aceite del motor<\/td>\n<td>L<\/td>\n<td width=\"159\">3.8<\/td>\n<\/tr>\n<tr>\n<td rowspan=\"11\" width=\"250\">Tama\u00f1o<\/td>\n<td width=\"419\">A Longitud total<\/td>\n<td>mm<\/td>\n<td width=\"159\">3560<\/td>\n<\/tr>\n<tr>\n<td width=\"419\">B Anchura total<\/td>\n<td>mm<\/td>\n<td width=\"159\">990\/1240<\/td>\n<\/tr>\n<tr>\n<td width=\"419\">C Altura total<\/td>\n<td>mm<\/td>\n<td width=\"159\">2350<\/td>\n<\/tr>\n<tr>\n<td width=\"419\">D Anchura de la plataforma<\/td>\n<td>mm<\/td>\n<td width=\"159\">990<\/td>\n<\/tr>\n<tr>\n<td>E Anchura total del chasis<\/td>\n<td>mm<\/td>\n<td width=\"159\">990\/1240<\/td>\n<\/tr>\n<tr>\n<td>F Ancho de v\u00eda<\/td>\n<td>mm<\/td>\n<td width=\"159\">230<\/td>\n<\/tr>\n<tr>\n<td>Banda de rodadura G<\/td>\n<td>mm<\/td>\n<td width=\"159\">1270<\/td>\n<\/tr>\n<tr>\n<td>H Ancho de v\u00eda<\/td>\n<td>mm<\/td>\n<td width=\"159\">760\/1010<\/td>\n<\/tr>\n<tr>\n<td>I Distancia del contrapeso<\/td>\n<td>mm<\/td>\n<td width=\"159\">450<\/td>\n<\/tr>\n<tr>\n<td>J Distancia m\u00ednima al suelo<\/td>\n<td>mm<\/td>\n<td width=\"159\">145<\/td>\n<\/tr>\n<tr>\n<td>Topadora (anchura\/altura)<\/td>\n<td>mm<\/td>\n<td width=\"159\">\/<\/td>\n<\/tr>\n<tr>\n<td rowspan=\"9\" width=\"250\">\u00c1mbito de trabajo<\/td>\n<td>A Altura m\u00e1xima de excavaci\u00f3n<\/td>\n<td>mm<\/td>\n<td width=\"159\">3475<\/td>\n<\/tr>\n<tr>\n<td>B Altura m\u00e1x. de descarga<\/td>\n<td>mm<\/td>\n<td width=\"159\">2415<\/td>\n<\/tr>\n<tr>\n<td>C Profundidad m\u00e1xima de excavaci\u00f3n<\/td>\n<td>mm<\/td>\n<td width=\"159\">2290<\/td>\n<\/tr>\n<tr>\n<td>D \u6700 Profundidad m\u00e1xima de excavaci\u00f3n de la pared vertical<\/td>\n<td>mm<\/td>\n<td width=\"159\">1750<\/td>\n<\/tr>\n<tr>\n<td>\u00a0Radio de excavaci\u00f3n m\u00e1x.<\/td>\n<td>mm<\/td>\n<td width=\"159\">3900<\/td>\n<\/tr>\n<tr>\n<td>\u00a0Radio de giro m\u00edn.<\/td>\n<td>mm<\/td>\n<td width=\"159\">1550<\/td>\n<\/tr>\n<tr>\n<td>\u00a0Radio de giro m\u00ednimo de la cola<\/td>\n<td>mm<\/td>\n<td width=\"159\">620<\/td>\n<\/tr>\n<tr>\n<td>\u00a0Altura m\u00e1x. de elevaci\u00f3n del bulldozer<\/td>\n<td>mm<\/td>\n<td width=\"159\">277<\/td>\n<\/tr>\n<tr>\n<td>\u00a0Profundidad m\u00e1x. de excavaci\u00f3n del bulldozer<\/td>\n<td>mm<\/td>\n<td width=\"159\">225<\/td>\n<\/tr>\n<tr>\n<td rowspan=\"3\" width=\"250\">Configuraci\u00f3n est\u00e1ndar<\/td>\n<td width=\"419\">\u00a0Longitud de la pluma<\/td>\n<td width=\"148\">mm<\/td>\n<td width=\"159\">1828<\/td>\n<\/tr>\n<tr>\n<td width=\"419\">\u00a0Longitud del brazo<\/td>\n<td width=\"148\">mm<\/td>\n<td width=\"159\">950<\/td>\n<\/tr>\n<tr>\n<td width=\"419\">Capacidad de la cuchara<\/td>\n<td width=\"148\">m\u00b3<\/td>\n<td width=\"159\">0.04<\/td>\n<\/tr>\n<tr>\n<td rowspan=\"3\" width=\"250\">Configuraci\u00f3n opcional<\/td>\n<td rowspan=\"2\" width=\"419\">Capacidad de la cuchara<\/td>\n<td rowspan=\"2\" width=\"148\">m\u00b3<\/td>\n<td width=\"159\">\/<\/td>\n<\/tr>\n<tr>\n<td width=\"159\">\/<\/td>\n<\/tr>\n<tr>\n<td>Equipos auxiliares y otros<\/td>\n<td>\/<\/td>\n<td width=\"159\">\/<\/td>\n<\/tr>\n<\/tbody>\n<\/table>\n<\/div>\n<p><img fetchpriority=\"high\" decoding=\"async\" class=\"alignnone size-medium wp-image-1930\" src=\"https:\/\/www.hcxmachinery.com\/wp-content\/uploads\/2024\/10\/17U\u4ea7\u54c1\u76f8\u518c\u56fe6\u6700\u65b0-300x300.webp\" alt=\"\" width=\"300\" height=\"300\" title=\"\" srcset=\"https:\/\/www.hcxmachinery.com\/wp-content\/uploads\/2024\/10\/17U\u4ea7\u54c1\u76f8\u518c\u56fe6\u6700\u65b0-300x300.webp 300w, https:\/\/www.hcxmachinery.com\/wp-content\/uploads\/2024\/10\/17U\u4ea7\u54c1\u76f8\u518c\u56fe6\u6700\u65b0-150x150.webp 150w, https:\/\/www.hcxmachinery.com\/wp-content\/uploads\/2024\/10\/17U\u4ea7\u54c1\u76f8\u518c\u56fe6\u6700\u65b0-768x768.webp 768w, https:\/\/www.hcxmachinery.com\/wp-content\/uploads\/2024\/10\/17U\u4ea7\u54c1\u76f8\u518c\u56fe6\u6700\u65b0-600x600.webp 600w, https:\/\/www.hcxmachinery.com\/wp-content\/uploads\/2024\/10\/17U\u4ea7\u54c1\u76f8\u518c\u56fe6\u6700\u65b0-100x100.webp 100w, https:\/\/www.hcxmachinery.com\/wp-content\/uploads\/2024\/10\/17U\u4ea7\u54c1\u76f8\u518c\u56fe6\u6700\u65b0.webp 800w\" sizes=\"(max-width: 300px) 100vw, 300px\" \/> <img decoding=\"async\" class=\"alignnone size-medium wp-image-1928\" src=\"https:\/\/www.hcxmachinery.com\/wp-content\/uploads\/2024\/10\/17U\u4ea7\u54c1\u76f8\u518c\u56fe5\u6700\u65b0-300x300.webp\" alt=\"\" width=\"300\" height=\"300\" title=\"\" srcset=\"https:\/\/www.hcxmachinery.com\/wp-content\/uploads\/2024\/10\/17U\u4ea7\u54c1\u76f8\u518c\u56fe5\u6700\u65b0-300x300.webp 300w, https:\/\/www.hcxmachinery.com\/wp-content\/uploads\/2024\/10\/17U\u4ea7\u54c1\u76f8\u518c\u56fe5\u6700\u65b0-150x150.webp 150w, https:\/\/www.hcxmachinery.com\/wp-content\/uploads\/2024\/10\/17U\u4ea7\u54c1\u76f8\u518c\u56fe5\u6700\u65b0-768x768.webp 768w, https:\/\/www.hcxmachinery.com\/wp-content\/uploads\/2024\/10\/17U\u4ea7\u54c1\u76f8\u518c\u56fe5\u6700\u65b0-600x600.webp 600w, https:\/\/www.hcxmachinery.com\/wp-content\/uploads\/2024\/10\/17U\u4ea7\u54c1\u76f8\u518c\u56fe5\u6700\u65b0-100x100.webp 100w, https:\/\/www.hcxmachinery.com\/wp-content\/uploads\/2024\/10\/17U\u4ea7\u54c1\u76f8\u518c\u56fe5\u6700\u65b0.webp 800w\" sizes=\"(max-width: 300px) 100vw, 300px\" \/> <img decoding=\"async\" class=\"alignnone size-medium wp-image-1927\" src=\"https:\/\/www.hcxmachinery.com\/wp-content\/uploads\/2024\/10\/17U\u4ea7\u54c1\u76f8\u518c\u56fe4\u6700\u65b0-300x300.webp\" alt=\"\" width=\"300\" height=\"300\" title=\"\" srcset=\"https:\/\/www.hcxmachinery.com\/wp-content\/uploads\/2024\/10\/17U\u4ea7\u54c1\u76f8\u518c\u56fe4\u6700\u65b0-300x300.webp 300w, https:\/\/www.hcxmachinery.com\/wp-content\/uploads\/2024\/10\/17U\u4ea7\u54c1\u76f8\u518c\u56fe4\u6700\u65b0-150x150.webp 150w, https:\/\/www.hcxmachinery.com\/wp-content\/uploads\/2024\/10\/17U\u4ea7\u54c1\u76f8\u518c\u56fe4\u6700\u65b0-768x768.webp 768w, https:\/\/www.hcxmachinery.com\/wp-content\/uploads\/2024\/10\/17U\u4ea7\u54c1\u76f8\u518c\u56fe4\u6700\u65b0-600x600.webp 600w, https:\/\/www.hcxmachinery.com\/wp-content\/uploads\/2024\/10\/17U\u4ea7\u54c1\u76f8\u518c\u56fe4\u6700\u65b0-100x100.webp 100w, https:\/\/www.hcxmachinery.com\/wp-content\/uploads\/2024\/10\/17U\u4ea7\u54c1\u76f8\u518c\u56fe4\u6700\u65b0.webp 800w\" sizes=\"(max-width: 300px) 100vw, 300px\" \/> <img loading=\"lazy\" decoding=\"async\" class=\"alignnone size-medium wp-image-1926\" src=\"https:\/\/www.hcxmachinery.com\/wp-content\/uploads\/2024\/10\/17U\u4ea7\u54c1\u76f8\u518c\u56fe3\u6700\u65b0-300x300.webp\" alt=\"\" width=\"300\" height=\"300\" title=\"\" srcset=\"https:\/\/www.hcxmachinery.com\/wp-content\/uploads\/2024\/10\/17U\u4ea7\u54c1\u76f8\u518c\u56fe3\u6700\u65b0-300x300.webp 300w, https:\/\/www.hcxmachinery.com\/wp-content\/uploads\/2024\/10\/17U\u4ea7\u54c1\u76f8\u518c\u56fe3\u6700\u65b0-150x150.webp 150w, https:\/\/www.hcxmachinery.com\/wp-content\/uploads\/2024\/10\/17U\u4ea7\u54c1\u76f8\u518c\u56fe3\u6700\u65b0-768x768.webp 768w, https:\/\/www.hcxmachinery.com\/wp-content\/uploads\/2024\/10\/17U\u4ea7\u54c1\u76f8\u518c\u56fe3\u6700\u65b0-600x600.webp 600w, https:\/\/www.hcxmachinery.com\/wp-content\/uploads\/2024\/10\/17U\u4ea7\u54c1\u76f8\u518c\u56fe3\u6700\u65b0-100x100.webp 100w, https:\/\/www.hcxmachinery.com\/wp-content\/uploads\/2024\/10\/17U\u4ea7\u54c1\u76f8\u518c\u56fe3\u6700\u65b0.webp 800w\" sizes=\"(max-width: 300px) 100vw, 300px\" \/> <img loading=\"lazy\" decoding=\"async\" class=\"alignnone size-medium wp-image-1925\" src=\"https:\/\/www.hcxmachinery.com\/wp-content\/uploads\/2024\/10\/17U\u4ea7\u54c1\u76f8\u518c\u56fe2\u6700\u65b0-300x300.webp\" alt=\"\" width=\"300\" height=\"300\" title=\"\" srcset=\"https:\/\/www.hcxmachinery.com\/wp-content\/uploads\/2024\/10\/17U\u4ea7\u54c1\u76f8\u518c\u56fe2\u6700\u65b0-300x300.webp 300w, https:\/\/www.hcxmachinery.com\/wp-content\/uploads\/2024\/10\/17U\u4ea7\u54c1\u76f8\u518c\u56fe2\u6700\u65b0-150x150.webp 150w, https:\/\/www.hcxmachinery.com\/wp-content\/uploads\/2024\/10\/17U\u4ea7\u54c1\u76f8\u518c\u56fe2\u6700\u65b0-768x768.webp 768w, https:\/\/www.hcxmachinery.com\/wp-content\/uploads\/2024\/10\/17U\u4ea7\u54c1\u76f8\u518c\u56fe2\u6700\u65b0-600x600.webp 600w, https:\/\/www.hcxmachinery.com\/wp-content\/uploads\/2024\/10\/17U\u4ea7\u54c1\u76f8\u518c\u56fe2\u6700\u65b0-100x100.webp 100w, https:\/\/www.hcxmachinery.com\/wp-content\/uploads\/2024\/10\/17U\u4ea7\u54c1\u76f8\u518c\u56fe2\u6700\u65b0.webp 800w\" sizes=\"(max-width: 300px) 100vw, 300px\" \/> <img loading=\"lazy\" decoding=\"async\" class=\"alignnone size-medium wp-image-1924\" src=\"https:\/\/www.hcxmachinery.com\/wp-content\/uploads\/2024\/10\/17U\u4ea7\u54c1\u76f8\u518c\u56fe1\u6700\u65b0-300x300.webp\" alt=\"\" width=\"300\" height=\"300\" title=\"\" srcset=\"https:\/\/www.hcxmachinery.com\/wp-content\/uploads\/2024\/10\/17U\u4ea7\u54c1\u76f8\u518c\u56fe1\u6700\u65b0-300x300.webp 300w, https:\/\/www.hcxmachinery.com\/wp-content\/uploads\/2024\/10\/17U\u4ea7\u54c1\u76f8\u518c\u56fe1\u6700\u65b0-150x150.webp 150w, https:\/\/www.hcxmachinery.com\/wp-content\/uploads\/2024\/10\/17U\u4ea7\u54c1\u76f8\u518c\u56fe1\u6700\u65b0-768x768.webp 768w, https:\/\/www.hcxmachinery.com\/wp-content\/uploads\/2024\/10\/17U\u4ea7\u54c1\u76f8\u518c\u56fe1\u6700\u65b0-600x600.webp 600w, https:\/\/www.hcxmachinery.com\/wp-content\/uploads\/2024\/10\/17U\u4ea7\u54c1\u76f8\u518c\u56fe1\u6700\u65b0-100x100.webp 100w, https:\/\/www.hcxmachinery.com\/wp-content\/uploads\/2024\/10\/17U\u4ea7\u54c1\u76f8\u518c\u56fe1\u6700\u65b0.webp 800w\" sizes=\"(max-width: 300px) 100vw, 300px\" \/> <img loading=\"lazy\" decoding=\"async\" class=\"alignnone size-medium wp-image-1923\" src=\"https:\/\/www.hcxmachinery.com\/wp-content\/uploads\/2024\/10\/17U\u4ea7\u54c1\u76f8\u518c\u56fe7\u6700\u65b0-300x300.webp\" alt=\"\" width=\"300\" height=\"300\" title=\"\" srcset=\"https:\/\/www.hcxmachinery.com\/wp-content\/uploads\/2024\/10\/17U\u4ea7\u54c1\u76f8\u518c\u56fe7\u6700\u65b0-300x300.webp 300w, https:\/\/www.hcxmachinery.com\/wp-content\/uploads\/2024\/10\/17U\u4ea7\u54c1\u76f8\u518c\u56fe7\u6700\u65b0-150x150.webp 150w, https:\/\/www.hcxmachinery.com\/wp-content\/uploads\/2024\/10\/17U\u4ea7\u54c1\u76f8\u518c\u56fe7\u6700\u65b0-768x768.webp 768w, https:\/\/www.hcxmachinery.com\/wp-content\/uploads\/2024\/10\/17U\u4ea7\u54c1\u76f8\u518c\u56fe7\u6700\u65b0-600x600.webp 600w, https:\/\/www.hcxmachinery.com\/wp-content\/uploads\/2024\/10\/17U\u4ea7\u54c1\u76f8\u518c\u56fe7\u6700\u65b0-100x100.webp 100w, https:\/\/www.hcxmachinery.com\/wp-content\/uploads\/2024\/10\/17U\u4ea7\u54c1\u76f8\u518c\u56fe7\u6700\u65b0.webp 800w\" sizes=\"(max-width: 300px) 100vw, 300px\" \/><\/p>","protected":false},"excerpt":{"rendered":"<p>XE17U The hydraulic excavator is equipped with a low-speed high-torque engine with high efficiency and low fuelconsumption. The maintenance parts [&hellip;]<\/p>","protected":false},"featured_media":1878,"template":"","meta":{"_acf_changed":false,"site-sidebar-layout":"default","site-content-layout":"","ast-site-content-layout":"default","site-content-style":"default","site-sidebar-style":"default","ast-global-header-display":"","ast-banner-title-visibility":"","ast-main-header-display":"","ast-hfb-above-header-display":"","ast-hfb-below-header-display":"","ast-hfb-mobile-header-display":"","site-post-title":"","ast-breadcrumbs-content":"","ast-featured-img":"","footer-sml-layout":"","theme-transparent-header-meta":"default","adv-header-id-meta":"","stick-header-meta":"default","header-above-stick-meta":"","header-main-stick-meta":"","header-below-stick-meta":"","astra-migrate-meta-layouts":"set","ast-page-background-enabled":"default","ast-page-background-meta":{"desktop":{"background-color":"var(--ast-global-color-4)","background-image":"","background-repeat":"repeat","background-position":"center center","background-size":"auto","background-attachment":"scroll","background-type":"","background-media":"","overlay-type":"","overlay-color":"","overlay-opacity":"","overlay-gradient":""},"tablet":{"background-color":"","background-image":"","background-repeat":"repeat","background-position":"center center","background-size":"auto","background-attachment":"scroll","background-type":"","background-media":"","overlay-type":"","overlay-color":"","overlay-opacity":"","overlay-gradient":""},"mobile":{"background-color":"","background-image":"","background-repeat":"repeat","background-position":"center center","background-size":"auto","background-attachment":"scroll","background-type":"","background-media":"","overlay-type":"","overlay-color":"","overlay-opacity":"","overlay-gradient":""}},"ast-content-background-meta":{"desktop":{"background-color":"var(--ast-global-color-5)","background-image":"","background-repeat":"repeat","background-position":"center center","background-size":"auto","background-attachment":"scroll","background-type":"","background-media":"","overlay-type":"","overlay-color":"","overlay-opacity":"","overlay-gradient":""},"tablet":{"background-color":"var(--ast-global-color-5)","background-image":"","background-repeat":"repeat","background-position":"center center","background-size":"auto","background-attachment":"scroll","background-type":"","background-media":"","overlay-type":"","overlay-color":"","overlay-opacity":"","overlay-gradient":""},"mobile":{"background-color":"var(--ast-global-color-5)","background-image":"","background-repeat":"repeat","background-position":"center center","background-size":"auto","background-attachment":"scroll","background-type":"","background-media":"","overlay-type":"","overlay-color":"","overlay-opacity":"","overlay-gradient":""}}},"product_cat":[19,34],"product_tag":[],"class_list":{"0":"post-1223","1":"product","2":"type-product","3":"status-publish","4":"has-post-thumbnail","6":"product_cat-excavator","7":"product_cat-micro-excavator","8":"desktop-align-left","9":"tablet-align-left","10":"mobile-align-left","11":"ast-product-gallery-layout-horizontal-slider","12":"ast-magnify-disabled","13":"ast-product-tabs-layout-horizontal","15":"first","16":"instock","17":"shipping-taxable","18":"product-type-simple"},"acf":[],"_links":{"self":[{"href":"https:\/\/www.hcxmachinery.com\/es\/wp-json\/wp\/v2\/product\/1223"}],"collection":[{"href":"https:\/\/www.hcxmachinery.com\/es\/wp-json\/wp\/v2\/product"}],"about":[{"href":"https:\/\/www.hcxmachinery.com\/es\/wp-json\/wp\/v2\/types\/product"}],"version-history":[{"count":13,"href":"https:\/\/www.hcxmachinery.com\/es\/wp-json\/wp\/v2\/product\/1223\/revisions"}],"predecessor-version":[{"id":3329,"href":"https:\/\/www.hcxmachinery.com\/es\/wp-json\/wp\/v2\/product\/1223\/revisions\/3329"}],"wp:featuredmedia":[{"embeddable":true,"href":"https:\/\/www.hcxmachinery.com\/es\/wp-json\/wp\/v2\/media\/1878"}],"wp:attachment":[{"href":"https:\/\/www.hcxmachinery.com\/es\/wp-json\/wp\/v2\/media?parent=1223"}],"wp:term":[{"taxonomy":"product_cat","embeddable":true,"href":"https:\/\/www.hcxmachinery.com\/es\/wp-json\/wp\/v2\/product_cat?post=1223"},{"taxonomy":"product_tag","embeddable":true,"href":"https:\/\/www.hcxmachinery.com\/es\/wp-json\/wp\/v2\/product_tag?post=1223"}],"curies":[{"name":"wp","href":"https:\/\/api.w.org\/{rel}","templated":true}]}}